{"id":6976,"date":"2025-12-04T16:58:23","date_gmt":"2025-12-04T16:58:23","guid":{"rendered":"https:\/\/agenciausphot.com\/uze\/produto\/brinco-arvore-da-vida-cravejado\/"},"modified":"2026-01-12T15:14:52","modified_gmt":"2026-01-12T15:14:52","slug":"brinco-arvore-da-vida-cravejado","status":"publish","type":"product","link":"https:\/\/agenciausphot.com\/uze\/produto\/brinco-arvore-da-vida-cravejado\/","title":{"rendered":"Brinco arvore da vida cravejado"},"content":{"rendered":"<h2 data-start=\"109\" data-end=\"194\"><strong data-start=\"112\" data-end=\"194\">Brinco \u00c1rvore da Vida Cravejado em Prata 925 \u2013 Significado, Luz e Sofistica\u00e7\u00e3o<\/strong><\/h2>\n<p data-start=\"196\" data-end=\"475\">O Brinco \u00c1rvore da Vida Cravejado da UZE Pratas \u00e9 uma joia especial, que une simbolismo e beleza em cada detalhe. Produzido em <strong data-start=\"323\" data-end=\"345\">Prata 925 leg\u00edtima<\/strong>, ele apresenta o s\u00edmbolo da \u00c1rvore da Vida <strong data-start=\"389\" data-end=\"424\">cravejado com zirc\u00f4nias cristal<\/strong>, trazendo brilho delicado e um visual sofisticado.<\/p>\n<p data-start=\"477\" data-end=\"747\">A \u00c1rvore da Vida representa for\u00e7a, crescimento, equil\u00edbrio e prote\u00e7\u00e3o, tornando este brinco ideal para quem deseja carregar significado e eleg\u00e2ncia ao mesmo tempo. Leve, moderno e vers\u00e1til, combina com qualquer look e pode ser usado diariamente ou em ocasi\u00f5es especiais.<\/p>\n<hr data-start=\"749\" data-end=\"752\">\n<h3 data-start=\"754\" data-end=\"787\"><strong data-start=\"758\" data-end=\"787\">Especifica\u00e7\u00f5es do Produto<\/strong><\/h3>\n<ul data-start=\"788\" data-end=\"1000\">\n<li data-start=\"788\" data-end=\"824\">\n<p data-start=\"790\" data-end=\"824\"><strong data-start=\"790\" data-end=\"803\">Material:<\/strong> Prata 925 leg\u00edtima<\/p>\n<\/li>\n<li data-start=\"825\" data-end=\"866\">\n<p data-start=\"827\" data-end=\"866\"><strong data-start=\"827\" data-end=\"839\">Formato:<\/strong> \u00c1rvore da Vida cravejada<\/p>\n<\/li>\n<li data-start=\"867\" data-end=\"900\">\n<p data-start=\"869\" data-end=\"900\"><strong data-start=\"869\" data-end=\"880\">Pedras:<\/strong> Zirc\u00f4nias cristal<\/p>\n<\/li>\n<li data-start=\"901\" data-end=\"950\">\n<p data-start=\"903\" data-end=\"950\"><strong data-start=\"903\" data-end=\"918\">Acabamento:<\/strong> Polido, detalhado e brilhante<\/p>\n<\/li>\n<li data-start=\"951\" data-end=\"1000\">\n<p data-start=\"953\" data-end=\"1000\"><strong data-start=\"953\" data-end=\"964\">Estilo:<\/strong> Delicado, simb\u00f3lico e sofisticado<\/p>\n<\/li>\n<\/ul>\n<hr data-start=\"1002\" data-end=\"1005\">\n<h3 data-start=\"1007\" data-end=\"1034\"><strong data-start=\"1011\" data-end=\"1034\">Garantia UZE Pratas<\/strong><\/h3>\n<p data-start=\"1035\" data-end=\"1162\">Todas as joias em Prata 925 acompanham <strong data-start=\"1074\" data-end=\"1101\">Certificado de Garantia<\/strong>, garantindo autenticidade, durabilidade e brilho permanente.<\/p>\n","protected":false},"excerpt":{"rendered":"<p>Brinco \u00c1rvore da Vida Cravejado em Prata 925 \u2013 Significado, Luz e Sofistica\u00e7\u00e3o O Brinco \u00c1rvore da Vida Cravejado da UZE Pratas \u00e9 uma joia&#8230;<\/p>\n","protected":false},"featured_media":6975,"comment_status":"open","ping_status":"closed","template":"","meta":[],"etheme_brands":[],"product_brand":[],"product_cat":[117,97],"product_tag":[133],"class_list":{"0":"post-6976","1":"product","2":"type-product","3":"status-publish","4":"has-post-thumbnail","6":"product_cat-categoriabrincosbrinco-feminino","7":"product_cat-categoriabrincos","8":"product_tag-uze-pratas","10":"first","11":"instock","12":"shipping-taxable","13":"purchasable","14":"product-type-simple"},"_links":{"self":[{"href":"https:\/\/agenciausphot.com\/uze\/wp-json\/wp\/v2\/product\/6976","targetHints":{"allow":["GET"]}}],"collection":[{"href":"https:\/\/agenciausphot.com\/uze\/wp-json\/wp\/v2\/product"}],"about":[{"href":"https:\/\/agenciausphot.com\/uze\/wp-json\/wp\/v2\/types\/product"}],"replies":[{"embeddable":true,"href":"https:\/\/agenciausphot.com\/uze\/wp-json\/wp\/v2\/comments?post=6976"}],"version-history":[{"count":1,"href":"https:\/\/agenciausphot.com\/uze\/wp-json\/wp\/v2\/product\/6976\/revisions"}],"predecessor-version":[{"id":7034,"href":"https:\/\/agenciausphot.com\/uze\/wp-json\/wp\/v2\/product\/6976\/revisions\/7034"}],"wp:featuredmedia":[{"embeddable":true,"href":"https:\/\/agenciausphot.com\/uze\/wp-json\/wp\/v2\/media\/6975"}],"wp:attachment":[{"href":"https:\/\/agenciausphot.com\/uze\/wp-json\/wp\/v2\/media?parent=6976"}],"wp:term":[{"taxonomy":"brand","embeddable":true,"href":"https:\/\/agenciausphot.com\/uze\/wp-json\/wp\/v2\/etheme_brands?post=6976"},{"taxonomy":"product_brand","embeddable":true,"href":"https:\/\/agenciausphot.com\/uze\/wp-json\/wp\/v2\/product_brand?post=6976"},{"taxonomy":"product_cat","embeddable":true,"href":"https:\/\/agenciausphot.com\/uze\/wp-json\/wp\/v2\/product_cat?post=6976"},{"taxonomy":"product_tag","embeddable":true,"href":"https:\/\/agenciausphot.com\/uze\/wp-json\/wp\/v2\/product_tag?post=6976"}],"curies":[{"name":"wp","href":"https:\/\/api.w.org\/{rel}","templated":true}]}}