{"id":6974,"date":"2025-12-04T16:58:21","date_gmt":"2025-12-04T16:58:21","guid":{"rendered":"https:\/\/agenciausphot.com\/uze\/produto\/brinco-redondo-nossa-senhora\/"},"modified":"2026-01-12T15:14:51","modified_gmt":"2026-01-12T15:14:51","slug":"brinco-redondo-nossa-senhora","status":"publish","type":"product","link":"https:\/\/agenciausphot.com\/uze\/produto\/brinco-redondo-nossa-senhora\/","title":{"rendered":"Brinco redondo nossa senhora"},"content":{"rendered":"<h2 data-start=\"109\" data-end=\"184\"><strong data-start=\"112\" data-end=\"184\">Brinco Redondo Nossa Senhora em Prata 925 \u2013 F\u00e9, Prote\u00e7\u00e3o e Eleg\u00e2ncia<\/strong><\/h2>\n<p data-start=\"186\" data-end=\"467\">O Brinco Redondo Nossa Senhora da UZE Pratas \u00e9 uma joia repleta de significado e beleza. Produzido em <strong data-start=\"288\" data-end=\"310\">Prata 925 leg\u00edtima<\/strong>, ele apresenta o medalh\u00e3o redondo com a imagem de Nossa Senhora, trabalhada com delicadeza e brilho sutil, criando um acess\u00f3rio elegante e cheio de devo\u00e7\u00e3o.<\/p>\n<p data-start=\"469\" data-end=\"709\">\u00c9 a pe\u00e7a perfeita para quem deseja carregar prote\u00e7\u00e3o, f\u00e9 e espiritualidade no dia a dia, sem abrir m\u00e3o de estilo e sofistica\u00e7\u00e3o. Leve, confort\u00e1vel e atemporal, combina com qualquer look e pode ser usado sozinho ou em composi\u00e7\u00f5es religiosas.<\/p>\n<hr data-start=\"711\" data-end=\"714\">\n<h3 data-start=\"716\" data-end=\"749\"><strong data-start=\"720\" data-end=\"749\">Especifica\u00e7\u00f5es do Produto<\/strong><\/h3>\n<ul data-start=\"750\" data-end=\"934\">\n<li data-start=\"750\" data-end=\"786\">\n<p data-start=\"752\" data-end=\"786\"><strong data-start=\"752\" data-end=\"765\">Material:<\/strong> Prata 925 leg\u00edtima<\/p>\n<\/li>\n<li data-start=\"787\" data-end=\"836\">\n<p data-start=\"789\" data-end=\"836\"><strong data-start=\"789\" data-end=\"801\">Formato:<\/strong> Medalha redonda de Nossa Senhora<\/p>\n<\/li>\n<li data-start=\"837\" data-end=\"886\">\n<p data-start=\"839\" data-end=\"886\"><strong data-start=\"839\" data-end=\"854\">Acabamento:<\/strong> Polido, detalhado e brilhante<\/p>\n<\/li>\n<li data-start=\"887\" data-end=\"934\">\n<p data-start=\"889\" data-end=\"934\"><strong data-start=\"889\" data-end=\"900\">Estilo:<\/strong> Religioso, delicado e atemporal<\/p>\n<\/li>\n<\/ul>\n<hr data-start=\"936\" data-end=\"939\">\n<h3 data-start=\"941\" data-end=\"968\"><strong data-start=\"945\" data-end=\"968\">Garantia UZE Pratas<\/strong><\/h3>\n<p data-start=\"969\" data-end=\"1096\">Todas as joias em Prata 925 acompanham <strong data-start=\"1008\" data-end=\"1035\">Certificado de Garantia<\/strong>, garantindo autenticidade, durabilidade e brilho permanente.<\/p>\n","protected":false},"excerpt":{"rendered":"<p>Brinco Redondo Nossa Senhora em Prata 925 \u2013 F\u00e9, Prote\u00e7\u00e3o e Eleg\u00e2ncia O Brinco Redondo Nossa Senhora da UZE Pratas \u00e9 uma joia repleta de&#8230;<\/p>\n","protected":false},"featured_media":7105,"comment_status":"open","ping_status":"closed","template":"","meta":[],"etheme_brands":[],"product_brand":[],"product_cat":[117,97],"product_tag":[133],"class_list":{"0":"post-6974","1":"product","2":"type-product","3":"status-publish","4":"has-post-thumbnail","6":"product_cat-categoriabrincosbrinco-feminino","7":"product_cat-categoriabrincos","8":"product_tag-uze-pratas","10":"first","11":"instock","12":"shipping-taxable","13":"purchasable","14":"product-type-simple"},"_links":{"self":[{"href":"https:\/\/agenciausphot.com\/uze\/wp-json\/wp\/v2\/product\/6974","targetHints":{"allow":["GET"]}}],"collection":[{"href":"https:\/\/agenciausphot.com\/uze\/wp-json\/wp\/v2\/product"}],"about":[{"href":"https:\/\/agenciausphot.com\/uze\/wp-json\/wp\/v2\/types\/product"}],"replies":[{"embeddable":true,"href":"https:\/\/agenciausphot.com\/uze\/wp-json\/wp\/v2\/comments?post=6974"}],"version-history":[{"count":1,"href":"https:\/\/agenciausphot.com\/uze\/wp-json\/wp\/v2\/product\/6974\/revisions"}],"predecessor-version":[{"id":7033,"href":"https:\/\/agenciausphot.com\/uze\/wp-json\/wp\/v2\/product\/6974\/revisions\/7033"}],"wp:featuredmedia":[{"embeddable":true,"href":"https:\/\/agenciausphot.com\/uze\/wp-json\/wp\/v2\/media\/7105"}],"wp:attachment":[{"href":"https:\/\/agenciausphot.com\/uze\/wp-json\/wp\/v2\/media?parent=6974"}],"wp:term":[{"taxonomy":"brand","embeddable":true,"href":"https:\/\/agenciausphot.com\/uze\/wp-json\/wp\/v2\/etheme_brands?post=6974"},{"taxonomy":"product_brand","embeddable":true,"href":"https:\/\/agenciausphot.com\/uze\/wp-json\/wp\/v2\/product_brand?post=6974"},{"taxonomy":"product_cat","embeddable":true,"href":"https:\/\/agenciausphot.com\/uze\/wp-json\/wp\/v2\/product_cat?post=6974"},{"taxonomy":"product_tag","embeddable":true,"href":"https:\/\/agenciausphot.com\/uze\/wp-json\/wp\/v2\/product_tag?post=6974"}],"curies":[{"name":"wp","href":"https:\/\/api.w.org\/{rel}","templated":true}]}}