{"id":6973,"date":"2025-12-04T16:58:21","date_gmt":"2025-12-04T16:58:21","guid":{"rendered":"https:\/\/agenciausphot.com\/uze\/produto\/brinco-pendurado-verde\/"},"modified":"2025-12-22T16:26:37","modified_gmt":"2025-12-22T16:26:37","slug":"brinco-pendurado-verde","status":"publish","type":"product","link":"https:\/\/agenciausphot.com\/uze\/produto\/brinco-pendurado-verde\/","title":{"rendered":"Brinco pendurado verde"},"content":{"rendered":"<h2 data-start=\"108\" data-end=\"182\"><strong data-start=\"111\" data-end=\"182\">Brinco Pendurado Verde em Prata 925 \u2013 Eleg\u00e2ncia com Movimento e Cor<\/strong><\/h2>\n<p data-start=\"184\" data-end=\"459\">O Brinco Pendurado Verde da UZE Pratas \u00e9 a escolha ideal para quem ama joias leves, elegantes e com destaque. Produzido em <strong data-start=\"307\" data-end=\"329\">Prata 925 leg\u00edtima<\/strong>, ele apresenta zirc\u00f4nias verdes que trazem brilho intenso e sofisticado, criando um visual marcante com um toque vibrante de cor.<\/p>\n<p data-start=\"461\" data-end=\"716\">O design pendurado adiciona movimento \u00e0 pe\u00e7a, valorizando o rosto e alongando o pesco\u00e7o com delicadeza. \u00c9 um brinco vers\u00e1til e moderno, perfeito para ocasi\u00f5es especiais, composi\u00e7\u00f5es elegantes ou at\u00e9 para transformar um look simples em algo extraordin\u00e1rio.<\/p>\n<hr data-start=\"718\" data-end=\"721\">\n<h3 data-start=\"723\" data-end=\"756\"><strong data-start=\"727\" data-end=\"756\">Especifica\u00e7\u00f5es do Produto<\/strong><\/h3>\n<ul data-start=\"757\" data-end=\"949\">\n<li data-start=\"757\" data-end=\"793\">\n<p data-start=\"759\" data-end=\"793\"><strong data-start=\"759\" data-end=\"772\">Material:<\/strong> Prata 925 leg\u00edtima<\/p>\n<\/li>\n<li data-start=\"794\" data-end=\"819\">\n<p data-start=\"796\" data-end=\"819\"><strong data-start=\"796\" data-end=\"807\">Modelo:<\/strong> Pendurado<\/p>\n<\/li>\n<li data-start=\"820\" data-end=\"861\">\n<p data-start=\"822\" data-end=\"861\"><strong data-start=\"822\" data-end=\"833\">Pedras:<\/strong> Zirc\u00f4nias verde-esmeralda<\/p>\n<\/li>\n<li data-start=\"862\" data-end=\"900\">\n<p data-start=\"864\" data-end=\"900\"><strong data-start=\"864\" data-end=\"879\">Acabamento:<\/strong> Polido e brilhante<\/p>\n<\/li>\n<li data-start=\"901\" data-end=\"949\">\n<p data-start=\"903\" data-end=\"949\"><strong data-start=\"903\" data-end=\"914\">Estilo:<\/strong> Elegante, feminino e sofisticado<\/p>\n<\/li>\n<\/ul>\n<hr data-start=\"951\" data-end=\"954\">\n<h3 data-start=\"956\" data-end=\"983\"><strong data-start=\"960\" data-end=\"983\">Garantia UZE Pratas<\/strong><\/h3>\n<p data-start=\"984\" data-end=\"1112\">Todas as joias em Prata 925 acompanham <strong data-start=\"1023\" data-end=\"1050\">Certificado de Garantia<\/strong>, assegurando autenticidade, durabilidade e brilho permanente.<\/p>\n","protected":false},"excerpt":{"rendered":"<p>Brinco Pendurado Verde em Prata 925 \u2013 Eleg\u00e2ncia com Movimento e Cor O Brinco Pendurado Verde da UZE Pratas \u00e9 a escolha ideal para quem&#8230;<\/p>\n","protected":false},"featured_media":6972,"comment_status":"open","ping_status":"closed","template":"","meta":[],"etheme_brands":[],"product_brand":[],"product_cat":[117,97],"product_tag":[133],"class_list":{"0":"post-6973","1":"product","2":"type-product","3":"status-publish","4":"has-post-thumbnail","6":"product_cat-categoriabrincosbrinco-feminino","7":"product_cat-categoriabrincos","8":"product_tag-uze-pratas","10":"first","11":"instock","12":"shipping-taxable","13":"purchasable","14":"product-type-simple"},"_links":{"self":[{"href":"https:\/\/agenciausphot.com\/uze\/wp-json\/wp\/v2\/product\/6973","targetHints":{"allow":["GET"]}}],"collection":[{"href":"https:\/\/agenciausphot.com\/uze\/wp-json\/wp\/v2\/product"}],"about":[{"href":"https:\/\/agenciausphot.com\/uze\/wp-json\/wp\/v2\/types\/product"}],"replies":[{"embeddable":true,"href":"https:\/\/agenciausphot.com\/uze\/wp-json\/wp\/v2\/comments?post=6973"}],"version-history":[{"count":1,"href":"https:\/\/agenciausphot.com\/uze\/wp-json\/wp\/v2\/product\/6973\/revisions"}],"predecessor-version":[{"id":7032,"href":"https:\/\/agenciausphot.com\/uze\/wp-json\/wp\/v2\/product\/6973\/revisions\/7032"}],"wp:featuredmedia":[{"embeddable":true,"href":"https:\/\/agenciausphot.com\/uze\/wp-json\/wp\/v2\/media\/6972"}],"wp:attachment":[{"href":"https:\/\/agenciausphot.com\/uze\/wp-json\/wp\/v2\/media?parent=6973"}],"wp:term":[{"taxonomy":"brand","embeddable":true,"href":"https:\/\/agenciausphot.com\/uze\/wp-json\/wp\/v2\/etheme_brands?post=6973"},{"taxonomy":"product_brand","embeddable":true,"href":"https:\/\/agenciausphot.com\/uze\/wp-json\/wp\/v2\/product_brand?post=6973"},{"taxonomy":"product_cat","embeddable":true,"href":"https:\/\/agenciausphot.com\/uze\/wp-json\/wp\/v2\/product_cat?post=6973"},{"taxonomy":"product_tag","embeddable":true,"href":"https:\/\/agenciausphot.com\/uze\/wp-json\/wp\/v2\/product_tag?post=6973"}],"curies":[{"name":"wp","href":"https:\/\/api.w.org\/{rel}","templated":true}]}}