{"id":6966,"date":"2025-12-04T16:58:15","date_gmt":"2025-12-04T16:58:15","guid":{"rendered":"https:\/\/agenciausphot.com\/uze\/produto\/brinco-borboleta-com-zicornia\/"},"modified":"2025-12-22T16:26:36","modified_gmt":"2025-12-22T16:26:36","slug":"brinco-borboleta-com-zicornia","status":"publish","type":"product","link":"https:\/\/agenciausphot.com\/uze\/produto\/brinco-borboleta-com-zicornia\/","title":{"rendered":"Brinco borboleta com zicornia"},"content":{"rendered":"<h2 data-start=\"109\" data-end=\"191\"><strong data-start=\"112\" data-end=\"191\">Brinco Borboleta com Zirc\u00f4nia em Prata 925 \u2013 Leveza, Brilho e Transforma\u00e7\u00e3o<\/strong><\/h2>\n<p data-start=\"193\" data-end=\"470\">O Brinco Borboleta com Zirc\u00f4nia da UZE Pratas \u00e9 uma joia cheia de encanto e simbolismo. Produzido em <strong data-start=\"294\" data-end=\"316\">Prata 925 leg\u00edtima<\/strong>, ele traz o delicado formato de borboleta, adornado com <strong data-start=\"373\" data-end=\"401\">zirc\u00f4nias de alto brilho<\/strong>, que iluminam a pe\u00e7a e criam um visual leve, feminino e sofisticado.<\/p>\n<p data-start=\"472\" data-end=\"679\">A borboleta representa liberdade, evolu\u00e7\u00e3o e novos ciclos \u2014 tornando este brinco perfeito para quem ama joias com significado. Ideal para uso di\u00e1rio, composi\u00e7\u00f5es delicadas ou para presentear algu\u00e9m especial.<\/p>\n<hr data-start=\"681\" data-end=\"684\">\n<h3 data-start=\"686\" data-end=\"719\"><strong data-start=\"690\" data-end=\"719\">Especifica\u00e7\u00f5es do Produto<\/strong><\/h3>\n<ul data-start=\"720\" data-end=\"904\">\n<li data-start=\"720\" data-end=\"756\">\n<p data-start=\"722\" data-end=\"756\"><strong data-start=\"722\" data-end=\"735\">Material:<\/strong> Prata 925 leg\u00edtima<\/p>\n<\/li>\n<li data-start=\"757\" data-end=\"783\">\n<p data-start=\"759\" data-end=\"783\"><strong data-start=\"759\" data-end=\"771\">Formato:<\/strong> Borboleta<\/p>\n<\/li>\n<li data-start=\"784\" data-end=\"817\">\n<p data-start=\"786\" data-end=\"817\"><strong data-start=\"786\" data-end=\"797\">Pedras:<\/strong> Zirc\u00f4nias cristal<\/p>\n<\/li>\n<li data-start=\"818\" data-end=\"856\">\n<p data-start=\"820\" data-end=\"856\"><strong data-start=\"820\" data-end=\"835\">Acabamento:<\/strong> Polido e brilhante<\/p>\n<\/li>\n<li data-start=\"857\" data-end=\"904\">\n<p data-start=\"859\" data-end=\"904\"><strong data-start=\"859\" data-end=\"870\">Estilo:<\/strong> Delicado, feminino e encantador<\/p>\n<\/li>\n<\/ul>\n<hr data-start=\"906\" data-end=\"909\">\n<h3 data-start=\"911\" data-end=\"938\"><strong data-start=\"915\" data-end=\"938\">Garantia UZE Pratas<\/strong><\/h3>\n<p data-start=\"939\" data-end=\"1066\">Todas as joias em Prata 925 acompanham <strong data-start=\"978\" data-end=\"1005\">Certificado de Garantia<\/strong>, garantindo autenticidade, durabilidade e brilho permanente.<\/p>\n","protected":false},"excerpt":{"rendered":"<p>Brinco Borboleta com Zirc\u00f4nia em Prata 925 \u2013 Leveza, Brilho e Transforma\u00e7\u00e3o O Brinco Borboleta com Zirc\u00f4nia da UZE Pratas \u00e9 uma joia cheia de&#8230;<\/p>\n","protected":false},"featured_media":7104,"comment_status":"open","ping_status":"closed","template":"","meta":[],"etheme_brands":[],"product_brand":[],"product_cat":[117,97],"product_tag":[133],"class_list":{"0":"post-6966","1":"product","2":"type-product","3":"status-publish","4":"has-post-thumbnail","6":"product_cat-categoriabrincosbrinco-feminino","7":"product_cat-categoriabrincos","8":"product_tag-uze-pratas","10":"first","11":"instock","12":"shipping-taxable","13":"purchasable","14":"product-type-simple"},"_links":{"self":[{"href":"https:\/\/agenciausphot.com\/uze\/wp-json\/wp\/v2\/product\/6966","targetHints":{"allow":["GET"]}}],"collection":[{"href":"https:\/\/agenciausphot.com\/uze\/wp-json\/wp\/v2\/product"}],"about":[{"href":"https:\/\/agenciausphot.com\/uze\/wp-json\/wp\/v2\/types\/product"}],"replies":[{"embeddable":true,"href":"https:\/\/agenciausphot.com\/uze\/wp-json\/wp\/v2\/comments?post=6966"}],"version-history":[{"count":1,"href":"https:\/\/agenciausphot.com\/uze\/wp-json\/wp\/v2\/product\/6966\/revisions"}],"predecessor-version":[{"id":7027,"href":"https:\/\/agenciausphot.com\/uze\/wp-json\/wp\/v2\/product\/6966\/revisions\/7027"}],"wp:featuredmedia":[{"embeddable":true,"href":"https:\/\/agenciausphot.com\/uze\/wp-json\/wp\/v2\/media\/7104"}],"wp:attachment":[{"href":"https:\/\/agenciausphot.com\/uze\/wp-json\/wp\/v2\/media?parent=6966"}],"wp:term":[{"taxonomy":"brand","embeddable":true,"href":"https:\/\/agenciausphot.com\/uze\/wp-json\/wp\/v2\/etheme_brands?post=6966"},{"taxonomy":"product_brand","embeddable":true,"href":"https:\/\/agenciausphot.com\/uze\/wp-json\/wp\/v2\/product_brand?post=6966"},{"taxonomy":"product_cat","embeddable":true,"href":"https:\/\/agenciausphot.com\/uze\/wp-json\/wp\/v2\/product_cat?post=6966"},{"taxonomy":"product_tag","embeddable":true,"href":"https:\/\/agenciausphot.com\/uze\/wp-json\/wp\/v2\/product_tag?post=6966"}],"curies":[{"name":"wp","href":"https:\/\/api.w.org\/{rel}","templated":true}]}}