{"id":6953,"date":"2025-12-04T16:58:05","date_gmt":"2025-12-04T16:58:05","guid":{"rendered":"https:\/\/agenciausphot.com\/uze\/produto\/pulseira-losango-verde\/"},"modified":"2025-12-22T16:26:33","modified_gmt":"2025-12-22T16:26:33","slug":"pulseira-losango-verde","status":"publish","type":"product","link":"https:\/\/agenciausphot.com\/uze\/produto\/pulseira-losango-verde\/","title":{"rendered":"Pulseira losango verde"},"content":{"rendered":"<h2 data-start=\"109\" data-end=\"182\"><strong data-start=\"112\" data-end=\"182\">Pulseira Losango Verde em Prata 925 \u2013 Modernidade com Toque de Cor<\/strong><\/h2>\n<p data-start=\"184\" data-end=\"490\">A Pulseira Losango Verde da UZE Pratas \u00e9 a op\u00e7\u00e3o ideal para quem busca uma joia delicada, moderna e cheia de personalidade. Produzida em <strong data-start=\"321\" data-end=\"343\">Prata 925 leg\u00edtima<\/strong>, ela apresenta um pingente em formato de losango com <strong data-start=\"397\" data-end=\"425\">zirc\u00f4nia verde-esmeralda<\/strong>, que traz brilho intenso e um toque de cor sofisticado ao pulso.<\/p>\n<p data-start=\"492\" data-end=\"710\">Seu design minimalista permite combina\u00e7\u00f5es com outras pulseiras, criando composi\u00e7\u00f5es elegantes e estilosas. Leve, charmosa e cheia de vida, \u00e9 a pe\u00e7a perfeita para transformar qualquer look, do b\u00e1sico ao mais elaborado.<\/p>\n<hr data-start=\"712\" data-end=\"715\">\n<h3 data-start=\"717\" data-end=\"750\"><strong data-start=\"721\" data-end=\"750\">Especifica\u00e7\u00f5es do Produto<\/strong><\/h3>\n<ul data-start=\"751\" data-end=\"956\">\n<li data-start=\"751\" data-end=\"787\">\n<p data-start=\"753\" data-end=\"787\"><strong data-start=\"753\" data-end=\"766\">Material:<\/strong> Prata 925 leg\u00edtima<\/p>\n<\/li>\n<li data-start=\"788\" data-end=\"832\">\n<p data-start=\"790\" data-end=\"832\"><strong data-start=\"790\" data-end=\"803\">Pingente:<\/strong> Losango com zirc\u00f4nia verde<\/p>\n<\/li>\n<li data-start=\"833\" data-end=\"872\">\n<p data-start=\"835\" data-end=\"872\"><strong data-start=\"835\" data-end=\"845\">Pedra:<\/strong> Zirc\u00f4nia verde-esmeralda<\/p>\n<\/li>\n<li data-start=\"873\" data-end=\"911\">\n<p data-start=\"875\" data-end=\"911\"><strong data-start=\"875\" data-end=\"890\">Acabamento:<\/strong> Polido e brilhante<\/p>\n<\/li>\n<li data-start=\"912\" data-end=\"956\">\n<p data-start=\"914\" data-end=\"956\"><strong data-start=\"914\" data-end=\"925\">Estilo:<\/strong> Moderno, delicado e feminino<\/p>\n<\/li>\n<\/ul>\n<hr data-start=\"958\" data-end=\"961\">\n<h3 data-start=\"963\" data-end=\"990\"><strong data-start=\"967\" data-end=\"990\">Garantia UZE Pratas<\/strong><\/h3>\n<p data-start=\"991\" data-end=\"1119\">Todas as joias em Prata 925 acompanham <strong data-start=\"1030\" data-end=\"1057\">Certificado de Garantia<\/strong>, assegurando autenticidade, durabilidade e brilho permanente.<\/p>\n","protected":false},"excerpt":{"rendered":"<p>Pulseira Losango Verde em Prata 925 \u2013 Modernidade com Toque de Cor A Pulseira Losango Verde da UZE Pratas \u00e9 a op\u00e7\u00e3o ideal para quem&#8230;<\/p>\n","protected":false},"featured_media":6952,"comment_status":"open","ping_status":"closed","template":"","meta":[],"etheme_brands":[],"product_brand":[],"product_cat":[98,90],"product_tag":[133],"class_list":{"0":"post-6953","1":"product","2":"type-product","3":"status-publish","4":"has-post-thumbnail","6":"product_cat-categoriapulseiraspulseira-feminina","7":"product_cat-categoriapulseiras","8":"product_tag-uze-pratas","10":"first","11":"outofstock","12":"shipping-taxable","13":"purchasable","14":"product-type-simple"},"_links":{"self":[{"href":"https:\/\/agenciausphot.com\/uze\/wp-json\/wp\/v2\/product\/6953","targetHints":{"allow":["GET"]}}],"collection":[{"href":"https:\/\/agenciausphot.com\/uze\/wp-json\/wp\/v2\/product"}],"about":[{"href":"https:\/\/agenciausphot.com\/uze\/wp-json\/wp\/v2\/types\/product"}],"replies":[{"embeddable":true,"href":"https:\/\/agenciausphot.com\/uze\/wp-json\/wp\/v2\/comments?post=6953"}],"version-history":[{"count":1,"href":"https:\/\/agenciausphot.com\/uze\/wp-json\/wp\/v2\/product\/6953\/revisions"}],"predecessor-version":[{"id":7020,"href":"https:\/\/agenciausphot.com\/uze\/wp-json\/wp\/v2\/product\/6953\/revisions\/7020"}],"wp:featuredmedia":[{"embeddable":true,"href":"https:\/\/agenciausphot.com\/uze\/wp-json\/wp\/v2\/media\/6952"}],"wp:attachment":[{"href":"https:\/\/agenciausphot.com\/uze\/wp-json\/wp\/v2\/media?parent=6953"}],"wp:term":[{"taxonomy":"brand","embeddable":true,"href":"https:\/\/agenciausphot.com\/uze\/wp-json\/wp\/v2\/etheme_brands?post=6953"},{"taxonomy":"product_brand","embeddable":true,"href":"https:\/\/agenciausphot.com\/uze\/wp-json\/wp\/v2\/product_brand?post=6953"},{"taxonomy":"product_cat","embeddable":true,"href":"https:\/\/agenciausphot.com\/uze\/wp-json\/wp\/v2\/product_cat?post=6953"},{"taxonomy":"product_tag","embeddable":true,"href":"https:\/\/agenciausphot.com\/uze\/wp-json\/wp\/v2\/product_tag?post=6953"}],"curies":[{"name":"wp","href":"https:\/\/api.w.org\/{rel}","templated":true}]}}