{"id":6944,"date":"2025-12-04T16:57:58","date_gmt":"2025-12-04T16:57:58","guid":{"rendered":"https:\/\/agenciausphot.com\/uze\/produto\/colar-gravatinha-coracao\/"},"modified":"2025-12-22T16:26:31","modified_gmt":"2025-12-22T16:26:31","slug":"colar-gravatinha-coracao","status":"publish","type":"product","link":"https:\/\/agenciausphot.com\/uze\/produto\/colar-gravatinha-coracao\/","title":{"rendered":"Colar gravatinha cora\u00e7\u00e3o"},"content":{"rendered":"<p data-start=\"190\" data-end=\"479\">O Colar Gravatinha Cora\u00e7\u00e3o da UZE Pratas \u00e9 a defini\u00e7\u00e3o de feminilidade e charme. Produzido em <strong data-start=\"284\" data-end=\"306\">Prata 925 leg\u00edtima<\/strong>, ele possui o cl\u00e1ssico modelo gravatinha, que oferece um caimento alongado e elegante no colo, finalizado com um <strong data-start=\"420\" data-end=\"452\">pingente de cora\u00e7\u00e3o delicado<\/strong>, s\u00edmbolo de amor e leveza.<\/p>\n<p data-start=\"481\" data-end=\"690\">Seu design moderno destaca a linha vertical do pesco\u00e7o, trazendo luminosidade e valorizando qualquer decote. \u00c9 uma pe\u00e7a vers\u00e1til, ideal para uso di\u00e1rio, combina\u00e7\u00f5es em camadas e tamb\u00e9m para ocasi\u00f5es especiais.<\/p>\n<hr data-start=\"692\" data-end=\"695\">\n<h3 data-start=\"697\" data-end=\"730\"><strong data-start=\"701\" data-end=\"730\">Especifica\u00e7\u00f5es do Produto<\/strong><\/h3>\n<ul data-start=\"731\" data-end=\"962\">\n<li data-start=\"731\" data-end=\"767\">\n<p data-start=\"733\" data-end=\"767\"><strong data-start=\"733\" data-end=\"746\">Material:<\/strong> Prata 925 leg\u00edtima<\/p>\n<\/li>\n<li data-start=\"768\" data-end=\"794\">\n<p data-start=\"770\" data-end=\"794\"><strong data-start=\"770\" data-end=\"781\">Modelo:<\/strong> Gravatinha<\/p>\n<\/li>\n<li data-start=\"795\" data-end=\"829\">\n<p data-start=\"797\" data-end=\"829\"><strong data-start=\"797\" data-end=\"810\">Pingente:<\/strong> Cora\u00e7\u00e3o delicado<\/p>\n<\/li>\n<li data-start=\"830\" data-end=\"868\">\n<p data-start=\"832\" data-end=\"868\"><strong data-start=\"832\" data-end=\"847\">Acabamento:<\/strong> Polido e brilhante<\/p>\n<\/li>\n<li data-start=\"869\" data-end=\"914\">\n<p data-start=\"871\" data-end=\"914\"><strong data-start=\"871\" data-end=\"882\">Estilo:<\/strong> Rom\u00e2ntico, moderno e elegante<\/p>\n<\/li>\n<li data-start=\"915\" data-end=\"962\">\n<p data-start=\"917\" data-end=\"962\"><strong data-start=\"917\" data-end=\"931\">Indica\u00e7\u00e3o:<\/strong> Looks casuais e sofisticados<\/p>\n<\/li>\n<\/ul>\n<hr data-start=\"964\" data-end=\"967\">\n<h3 data-start=\"969\" data-end=\"996\"><strong data-start=\"973\" data-end=\"996\">Garantia UZE Pratas<\/strong><\/h3>\n<p data-start=\"997\" data-end=\"1124\">Todas as pe\u00e7as em Prata 925 acompanham <strong data-start=\"1036\" data-end=\"1063\">Certificado de Garantia<\/strong>, assegurando autenticidade, resist\u00eancia e brilho permanente.<\/p>\n","protected":false},"excerpt":{"rendered":"<p>O Colar Gravatinha Cora\u00e7\u00e3o da UZE Pratas \u00e9 a defini\u00e7\u00e3o de feminilidade e charme. Produzido em Prata 925 leg\u00edtima, ele possui o cl\u00e1ssico modelo gravatinha,&#8230;<\/p>\n","protected":false},"featured_media":7014,"comment_status":"open","ping_status":"closed","template":"","meta":[],"etheme_brands":[],"product_brand":[],"product_cat":[106,93],"product_tag":[133],"class_list":{"0":"post-6944","1":"product","2":"type-product","3":"status-publish","4":"has-post-thumbnail","6":"product_cat-categoriacolarescolar-feminino","7":"product_cat-categoriacolares","8":"product_tag-uze-pratas","10":"first","11":"instock","12":"shipping-taxable","13":"purchasable","14":"product-type-simple"},"_links":{"self":[{"href":"https:\/\/agenciausphot.com\/uze\/wp-json\/wp\/v2\/product\/6944","targetHints":{"allow":["GET"]}}],"collection":[{"href":"https:\/\/agenciausphot.com\/uze\/wp-json\/wp\/v2\/product"}],"about":[{"href":"https:\/\/agenciausphot.com\/uze\/wp-json\/wp\/v2\/types\/product"}],"replies":[{"embeddable":true,"href":"https:\/\/agenciausphot.com\/uze\/wp-json\/wp\/v2\/comments?post=6944"}],"version-history":[{"count":1,"href":"https:\/\/agenciausphot.com\/uze\/wp-json\/wp\/v2\/product\/6944\/revisions"}],"predecessor-version":[{"id":7015,"href":"https:\/\/agenciausphot.com\/uze\/wp-json\/wp\/v2\/product\/6944\/revisions\/7015"}],"wp:featuredmedia":[{"embeddable":true,"href":"https:\/\/agenciausphot.com\/uze\/wp-json\/wp\/v2\/media\/7014"}],"wp:attachment":[{"href":"https:\/\/agenciausphot.com\/uze\/wp-json\/wp\/v2\/media?parent=6944"}],"wp:term":[{"taxonomy":"brand","embeddable":true,"href":"https:\/\/agenciausphot.com\/uze\/wp-json\/wp\/v2\/etheme_brands?post=6944"},{"taxonomy":"product_brand","embeddable":true,"href":"https:\/\/agenciausphot.com\/uze\/wp-json\/wp\/v2\/product_brand?post=6944"},{"taxonomy":"product_cat","embeddable":true,"href":"https:\/\/agenciausphot.com\/uze\/wp-json\/wp\/v2\/product_cat?post=6944"},{"taxonomy":"product_tag","embeddable":true,"href":"https:\/\/agenciausphot.com\/uze\/wp-json\/wp\/v2\/product_tag?post=6944"}],"curies":[{"name":"wp","href":"https:\/\/api.w.org\/{rel}","templated":true}]}}