{"id":6941,"date":"2025-12-04T16:57:56","date_gmt":"2025-12-04T16:57:56","guid":{"rendered":"https:\/\/agenciausphot.com\/uze\/produto\/colar-flores-com-pingente-coracao\/"},"modified":"2025-12-04T18:42:37","modified_gmt":"2025-12-04T18:42:37","slug":"colar-flores-com-pingente-coracao","status":"publish","type":"product","link":"https:\/\/agenciausphot.com\/uze\/produto\/colar-flores-com-pingente-coracao\/","title":{"rendered":"Colar flores com pingente cora\u00e7\u00e3o"},"content":{"rendered":"<p data-start=\"196\" data-end=\"548\">O Colar Flores com Pingente de Cora\u00e7\u00e3o da UZE Pratas une romantismo, feminilidade e um toque de encanto em uma \u00fanica joia. Produzido em <strong data-start=\"332\" data-end=\"354\">Prata 925 leg\u00edtima<\/strong>, o colar apresenta uma sequ\u00eancia delicada de flores minuciosamente trabalhadas, que d\u00e3o leveza e movimento \u00e0 pe\u00e7a, finalizando em um <strong data-start=\"488\" data-end=\"511\">pingente de cora\u00e7\u00e3o<\/strong> que simboliza amor, afeto e conex\u00e3o.<\/p>\n<p data-start=\"550\" data-end=\"782\">O design \u00e9 moderno e extremamente delicado, perfeito para iluminar o colo com suavidade. \u00c9 uma pe\u00e7a vers\u00e1til, ideal para uso di\u00e1rio, para compor camadas charmosas ou para presentear algu\u00e9m especial com uma joia cheia de significado.<\/p>\n<hr data-start=\"784\" data-end=\"787\">\n<h3 data-start=\"789\" data-end=\"822\"><strong data-start=\"793\" data-end=\"822\">Especifica\u00e7\u00f5es do Produto<\/strong><\/h3>\n<ul data-start=\"823\" data-end=\"1067\">\n<li data-start=\"823\" data-end=\"859\">\n<p data-start=\"825\" data-end=\"859\"><strong data-start=\"825\" data-end=\"838\">Material:<\/strong> Prata 925 leg\u00edtima<\/p>\n<\/li>\n<li data-start=\"860\" data-end=\"916\">\n<p data-start=\"862\" data-end=\"916\"><strong data-start=\"862\" data-end=\"875\">Detalhes:<\/strong> Flores delicadas + pingente de cora\u00e7\u00e3o<\/p>\n<\/li>\n<li data-start=\"917\" data-end=\"955\">\n<p data-start=\"919\" data-end=\"955\"><strong data-start=\"919\" data-end=\"934\">Acabamento:<\/strong> Polido e brilhante<\/p>\n<\/li>\n<li data-start=\"956\" data-end=\"1001\">\n<p data-start=\"958\" data-end=\"1001\"><strong data-start=\"958\" data-end=\"969\">Estilo:<\/strong> Rom\u00e2ntico, feminino e moderno<\/p>\n<\/li>\n<li data-start=\"1002\" data-end=\"1067\">\n<p data-start=\"1004\" data-end=\"1067\"><strong data-start=\"1004\" data-end=\"1018\">Indica\u00e7\u00e3o:<\/strong> Presentes, uso di\u00e1rio, looks leves e delicados<\/p>\n<\/li>\n<\/ul>\n<hr data-start=\"1069\" data-end=\"1072\">\n<h3 data-start=\"1074\" data-end=\"1101\"><strong data-start=\"1078\" data-end=\"1101\">Garantia UZE Pratas<\/strong><\/h3>\n<p data-start=\"1102\" data-end=\"1228\">Todas as joias em Prata 925 acompanham <strong data-start=\"1141\" data-end=\"1168\">Certificado de Garantia<\/strong>, comprovando autenticidade e durabilidade para toda a vida.<\/p>\n","protected":false},"excerpt":{"rendered":"<p>O Colar Flores com Pingente de Cora\u00e7\u00e3o da UZE Pratas une romantismo, feminilidade e um toque de encanto em uma \u00fanica joia. Produzido em Prata&#8230;<\/p>\n","protected":false},"featured_media":0,"comment_status":"open","ping_status":"closed","template":"","meta":[],"etheme_brands":[],"product_brand":[],"product_cat":[106,93],"product_tag":[133],"class_list":{"0":"post-6941","1":"product","2":"type-product","3":"status-publish","5":"product_cat-categoriacolarescolar-feminino","6":"product_cat-categoriacolares","7":"product_tag-uze-pratas","9":"first","10":"outofstock","11":"shipping-taxable","12":"purchasable","13":"product-type-simple"},"_links":{"self":[{"href":"https:\/\/agenciausphot.com\/uze\/wp-json\/wp\/v2\/product\/6941","targetHints":{"allow":["GET"]}}],"collection":[{"href":"https:\/\/agenciausphot.com\/uze\/wp-json\/wp\/v2\/product"}],"about":[{"href":"https:\/\/agenciausphot.com\/uze\/wp-json\/wp\/v2\/types\/product"}],"replies":[{"embeddable":true,"href":"https:\/\/agenciausphot.com\/uze\/wp-json\/wp\/v2\/comments?post=6941"}],"version-history":[{"count":1,"href":"https:\/\/agenciausphot.com\/uze\/wp-json\/wp\/v2\/product\/6941\/revisions"}],"predecessor-version":[{"id":7012,"href":"https:\/\/agenciausphot.com\/uze\/wp-json\/wp\/v2\/product\/6941\/revisions\/7012"}],"wp:attachment":[{"href":"https:\/\/agenciausphot.com\/uze\/wp-json\/wp\/v2\/media?parent=6941"}],"wp:term":[{"taxonomy":"brand","embeddable":true,"href":"https:\/\/agenciausphot.com\/uze\/wp-json\/wp\/v2\/etheme_brands?post=6941"},{"taxonomy":"product_brand","embeddable":true,"href":"https:\/\/agenciausphot.com\/uze\/wp-json\/wp\/v2\/product_brand?post=6941"},{"taxonomy":"product_cat","embeddable":true,"href":"https:\/\/agenciausphot.com\/uze\/wp-json\/wp\/v2\/product_cat?post=6941"},{"taxonomy":"product_tag","embeddable":true,"href":"https:\/\/agenciausphot.com\/uze\/wp-json\/wp\/v2\/product_tag?post=6941"}],"curies":[{"name":"wp","href":"https:\/\/api.w.org\/{rel}","templated":true}]}}