{"id":6936,"date":"2025-12-04T16:57:53","date_gmt":"2025-12-04T16:57:53","guid":{"rendered":"https:\/\/agenciausphot.com\/uze\/produto\/conjunto-oval-azul-cravejado\/"},"modified":"2026-01-12T15:14:49","modified_gmt":"2026-01-12T15:14:49","slug":"conjunto-oval-azul-cravejado","status":"publish","type":"product","link":"https:\/\/agenciausphot.com\/uze\/produto\/conjunto-oval-azul-cravejado\/","title":{"rendered":"Conjunto oval azul cravejado"},"content":{"rendered":"<p data-start=\"217\" data-end=\"531\">O Conjunto Oval Azul Cravejado da UZE Pratas combina beleza cl\u00e1ssica e um toque vibrante de cor. Produzido em <strong data-start=\"327\" data-end=\"349\">Prata 925 leg\u00edtima<\/strong>, o conjunto \u00e9 composto por colar e brinco com pingentes em formato oval, <strong data-start=\"423\" data-end=\"465\">cravejados com zirc\u00f4nias azul profundo<\/strong>, que real\u00e7am o brilho e d\u00e3o destaque imediato ao rosto e ao colo.<\/p>\n<p data-start=\"533\" data-end=\"806\">A lapida\u00e7\u00e3o precisa das zirc\u00f4nias cria um efeito luminoso e elegante, tornando este conjunto perfeito para quem ama joias marcantes e sofisticadas. Seu design atemporal valoriza desde produ\u00e7\u00f5es casuais at\u00e9 looks de festa, sendo uma excelente op\u00e7\u00e3o para presentes especiais.<\/p>\n<hr data-start=\"808\" data-end=\"811\">\n<h3 data-start=\"813\" data-end=\"846\"><strong data-start=\"817\" data-end=\"846\">Especifica\u00e7\u00f5es do Produto<\/strong><\/h3>\n<ul data-start=\"847\" data-end=\"1093\">\n<li data-start=\"847\" data-end=\"883\">\n<p data-start=\"849\" data-end=\"883\"><strong data-start=\"849\" data-end=\"862\">Material:<\/strong> Prata 925 leg\u00edtima<\/p>\n<\/li>\n<li data-start=\"884\" data-end=\"918\">\n<p data-start=\"886\" data-end=\"918\"><strong data-start=\"886\" data-end=\"901\">Composi\u00e7\u00e3o:<\/strong> Colar + brinco<\/p>\n<\/li>\n<li data-start=\"919\" data-end=\"950\">\n<p data-start=\"921\" data-end=\"950\"><strong data-start=\"921\" data-end=\"933\">Formato:<\/strong> Oval cravejado<\/p>\n<\/li>\n<li data-start=\"951\" data-end=\"1004\">\n<p data-start=\"953\" data-end=\"1004\"><strong data-start=\"953\" data-end=\"964\">Pedras:<\/strong> Zirc\u00f4nias azul-escuras de alto brilho<\/p>\n<\/li>\n<li data-start=\"1005\" data-end=\"1054\">\n<p data-start=\"1007\" data-end=\"1054\"><strong data-start=\"1007\" data-end=\"1022\">Acabamento:<\/strong> Polido, brilhante e detalhado<\/p>\n<\/li>\n<li data-start=\"1055\" data-end=\"1093\">\n<p data-start=\"1057\" data-end=\"1093\"><strong data-start=\"1057\" data-end=\"1068\">Estilo:<\/strong> Cl\u00e1ssico e sofisticado<\/p>\n<\/li>\n<\/ul>\n<hr data-start=\"1095\" data-end=\"1098\">\n<h3 data-start=\"1100\" data-end=\"1127\"><strong data-start=\"1104\" data-end=\"1127\">Garantia UZE Pratas<\/strong><\/h3>\n<p data-start=\"1128\" data-end=\"1256\">Todas as pe\u00e7as em Prata 925 acompanham <strong data-start=\"1167\" data-end=\"1194\">Certificado de Garantia<\/strong>, assegurando autenticidade, durabilidade e brilho permanente.<\/p>\n","protected":false},"excerpt":{"rendered":"<p>O Conjunto Oval Azul Cravejado da UZE Pratas combina beleza cl\u00e1ssica e um toque vibrante de cor. Produzido em Prata 925 leg\u00edtima, o conjunto \u00e9&#8230;<\/p>\n","protected":false},"featured_media":6935,"comment_status":"open","ping_status":"closed","template":"","meta":[],"etheme_brands":[],"product_brand":[],"product_cat":[109,94],"product_tag":[133],"class_list":{"0":"post-6936","1":"product","2":"type-product","3":"status-publish","4":"has-post-thumbnail","6":"product_cat-categoriaconjuntosconjunto-feminino","7":"product_cat-categoriaconjuntos","8":"product_tag-uze-pratas","10":"first","11":"instock","12":"shipping-taxable","13":"purchasable","14":"product-type-simple"},"_links":{"self":[{"href":"https:\/\/agenciausphot.com\/uze\/wp-json\/wp\/v2\/product\/6936","targetHints":{"allow":["GET"]}}],"collection":[{"href":"https:\/\/agenciausphot.com\/uze\/wp-json\/wp\/v2\/product"}],"about":[{"href":"https:\/\/agenciausphot.com\/uze\/wp-json\/wp\/v2\/types\/product"}],"replies":[{"embeddable":true,"href":"https:\/\/agenciausphot.com\/uze\/wp-json\/wp\/v2\/comments?post=6936"}],"version-history":[{"count":1,"href":"https:\/\/agenciausphot.com\/uze\/wp-json\/wp\/v2\/product\/6936\/revisions"}],"predecessor-version":[{"id":7007,"href":"https:\/\/agenciausphot.com\/uze\/wp-json\/wp\/v2\/product\/6936\/revisions\/7007"}],"wp:featuredmedia":[{"embeddable":true,"href":"https:\/\/agenciausphot.com\/uze\/wp-json\/wp\/v2\/media\/6935"}],"wp:attachment":[{"href":"https:\/\/agenciausphot.com\/uze\/wp-json\/wp\/v2\/media?parent=6936"}],"wp:term":[{"taxonomy":"brand","embeddable":true,"href":"https:\/\/agenciausphot.com\/uze\/wp-json\/wp\/v2\/etheme_brands?post=6936"},{"taxonomy":"product_brand","embeddable":true,"href":"https:\/\/agenciausphot.com\/uze\/wp-json\/wp\/v2\/product_brand?post=6936"},{"taxonomy":"product_cat","embeddable":true,"href":"https:\/\/agenciausphot.com\/uze\/wp-json\/wp\/v2\/product_cat?post=6936"},{"taxonomy":"product_tag","embeddable":true,"href":"https:\/\/agenciausphot.com\/uze\/wp-json\/wp\/v2\/product_tag?post=6936"}],"curies":[{"name":"wp","href":"https:\/\/api.w.org\/{rel}","templated":true}]}}