{"id":6860,"date":"2025-11-14T19:23:03","date_gmt":"2025-11-14T19:23:03","guid":{"rendered":"https:\/\/agenciausphot.com\/uze\/produto\/brinco-pontinho-de-luz\/"},"modified":"2025-11-18T14:07:06","modified_gmt":"2025-11-18T14:07:06","slug":"brinco-pontinho-de-luz","status":"publish","type":"product","link":"https:\/\/agenciausphot.com\/uze\/produto\/brinco-pontinho-de-luz\/","title":{"rendered":"Brinco pontinho de luz"},"content":{"rendered":"<p data-end=\"673\" data-start=\"496\" style=\"margin-bottom: 1.5em;padding: 0px;border: 0px;, Tahoma, sans-serif;font-size: 14px;vertical-align: baseline\"><span data-end=\"516\" data-start=\"496\" style=\"margin: 0px;padding: 0px;border: 0px;font-family: inherit;font-style: inherit;font-weight: 700;vertical-align: baseline\">Caracter\u00edsticas:<\/span><\/p>\n<ul style=\"margin-bottom: 1.5em;margin-left: 0px;padding-left: 2em;border: 0px;, Tahoma, sans-serif;font-size: 14px;vertical-align: baseline\">\n<li data-end=\"673\" data-start=\"496\" style=\"margin: 0px 0px 0.3em;padding: 0px;border: 0px;font-family: inherit;font-style: inherit;font-weight: inherit;vertical-align: baseline\">Material: Prata 925<\/li>\n<li data-end=\"673\" data-start=\"496\" style=\"margin: 0px 0px 0.3em;padding: 0px;border: 0px;font-family: inherit;font-style: inherit;font-weight: inherit;vertical-align: baseline\">Pedra: Zirc\u00f4nia facetada de alta pureza (5mm)<\/li>\n<li data-end=\"673\" data-start=\"496\" style=\"margin: 0px 0px 0.3em;padding: 0px;border: 0px;font-family: inherit;font-style: inherit;font-weight: inherit;vertical-align: baseline\">Design: Brinco de pino com acabamento polido<\/li>\n<\/ul>\n<p data-end=\"913\" data-start=\"675\" style=\"margin-bottom: 1.5em;padding: 0px;border: 0px;, Tahoma, sans-serif;font-size: 14px;vertical-align: baseline\"><span data-end=\"692\" data-start=\"675\" style=\"margin: 0px;padding: 0px;border: 0px;font-family: inherit;font-style: inherit;font-weight: 700;vertical-align: baseline\">Diferenciais:<\/span><\/p>\n<ul style=\"margin-bottom: 1.5em;margin-left: 0px;padding-left: 2em;border: 0px;, Tahoma, sans-serif;font-size: 14px;vertical-align: baseline\">\n<li data-end=\"913\" data-start=\"675\" style=\"margin: 0px 0px 0.3em;padding: 0px;border: 0px;font-family: inherit;font-style: inherit;font-weight: inherit;vertical-align: baseline\">Versatilidade cl\u00e1ssica \u2013 Combina com diferentes estilos e ocasi\u00f5es<\/li>\n<li data-end=\"913\" data-start=\"675\" style=\"margin: 0px 0px 0.3em;padding: 0px;border: 0px;font-family: inherit;font-style: inherit;font-weight: inherit;vertical-align: baseline\">Brilho sofisticado \u2013 Zirc\u00f4nia com lapida\u00e7\u00e3o precisa para m\u00e1ximo reflexo de luz<\/li>\n<li data-end=\"913\" data-start=\"675\" style=\"margin: 0px 0px 0.3em;padding: 0px;border: 0px;font-family: inherit;font-style: inherit;font-weight: inherit;vertical-align: baseline\">Conforto di\u00e1rio \u2013 Leve, discreto e ideal para uso prolongado<\/li>\n<\/ul>\n<p dir=\"ltr\" style=\"margin-top: 10pt;margin-bottom: 10pt;padding: 0px;border: 0px;, Tahoma, sans-serif;font-size: 14px;vertical-align: baseline;line-height: 1.38\"><span id=\"docs-internal-guid-9c8fb4e8-7fff-1674-dced-3d628bc6e5d6\" style=\"margin: 0px;padding: 0px;border: 0px;font-family: inherit;font-style: inherit;font-weight: inherit;vertical-align: baseline\"><span style=\"margin: 0px;padding: 0px;border: 0px;font-family: Arial, sans-serif;font-size: 10pt;font-style: inherit;font-weight: 700;vertical-align: baseline;background-color: transparent\">Garantia<\/span><span style=\"margin: 0px;padding: 0px;border: 0px;font-family: Arial, sans-serif;font-size: 10pt;font-style: inherit;font-weight: inherit;vertical-align: baseline;background-color: transparent\">:<\/span><br style=\"margin: 0px;padding: 0px;border: 0px;font-family: inherit;font-style: inherit;font-weight: inherit;vertical-align: baseline\"><span style=\"margin: 0px;padding: 0px;border: 0px;font-family: Arial, sans-serif;font-size: 10pt;font-style: inherit;font-weight: inherit;vertical-align: baseline;background-color: transparent\">Oferecemos garantia contra defeito de fabrica\u00e7\u00e3o por 3 meses. Danos decorrentes de uso inadequado n\u00e3o s\u00e3o cobertos. A garantia n\u00e3o se aplica nos seguintes casos:<\/span><\/span><\/p>\n<ol style=\"margin-bottom: 1.5em;margin-left: 0px;padding-left: 2em;border: 0px;, Tahoma, sans-serif;font-size: 14px;vertical-align: baseline\">\n<li style=\"margin: 10pt 0px 0pt;padding: 0px;border: 0px;font-family: Arial, sans-serif;font-size: 10pt;font-style: inherit;font-weight: inherit;vertical-align: baseline;background-color: transparent;line-height: 1.38\"><span id=\"docs-internal-guid-9c8fb4e8-7fff-1674-dced-3d628bc6e5d6\" style=\"margin: 0px;padding: 0px;border: 0px;font-family: inherit;font-size: 13.3333px;font-style: inherit;font-weight: inherit;vertical-align: baseline\"><span style=\"margin: 0px;padding: 0px;border: 0px;font-family: inherit;font-size: 10pt;font-style: inherit;font-weight: 700;vertical-align: baseline;background-color: transparent\">Oxida\u00e7\u00e3o e escurecimento natural<\/span><span style=\"margin: 0px;padding: 0px;border: 0px;font-family: inherit;font-size: 10pt;font-style: inherit;font-weight: inherit;vertical-align: baseline;background-color: transparent\">: A prata 925 pode oxidar com o tempo e com o contato com ar, suor e produtos qu\u00edmicos. Esse processo \u00e9 natural e pode ser revertido com cuidados apropriados.<\/span><\/span><\/li>\n<li style=\"margin: 0pt 0px;padding: 0px;border: 0px;font-family: Arial, sans-serif;font-size: 10pt;font-style: inherit;font-weight: inherit;vertical-align: baseline;background-color: transparent;line-height: 1.38\"><span id=\"docs-internal-guid-9c8fb4e8-7fff-1674-dced-3d628bc6e5d6\" style=\"margin: 0px;padding: 0px;border: 0px;font-family: inherit;font-size: 13.3333px;font-style: inherit;font-weight: inherit;vertical-align: baseline\"><span style=\"margin: 0px;padding: 0px;border: 0px;font-family: inherit;font-size: 10pt;font-style: inherit;font-weight: 700;vertical-align: baseline;background-color: transparent\">Danos causados por mau uso<\/span><span style=\"margin: 0px;padding: 0px;border: 0px;font-family: inherit;font-size: 10pt;font-style: inherit;font-weight: inherit;vertical-align: baseline;background-color: transparent\">: N\u00e3o s\u00e3o cobertos quebras, arranh\u00f5es, amassados ou outros danos f\u00edsicos resultantes de quedas ou contato com superf\u00edcies abrasivas.<\/span><\/span><\/li>\n<li style=\"margin: 0pt 0px;padding: 0px;border: 0px;font-family: Arial, sans-serif;font-size: 10pt;font-style: inherit;font-weight: inherit;vertical-align: baseline;background-color: transparent;line-height: 1.38\"><span id=\"docs-internal-guid-9c8fb4e8-7fff-1674-dced-3d628bc6e5d6\" style=\"margin: 0px;padding: 0px;border: 0px;font-family: inherit;font-size: 13.3333px;font-style: inherit;font-weight: inherit;vertical-align: baseline\"><span style=\"margin: 0px;padding: 0px;border: 0px;font-family: inherit;font-size: 10pt;font-style: inherit;font-weight: 700;vertical-align: baseline;background-color: transparent\">Contato com produtos qu\u00edmicos<\/span><span style=\"margin: 0px;padding: 0px;border: 0px;font-family: inherit;font-size: 10pt;font-style: inherit;font-weight: inherit;vertical-align: baseline;background-color: transparent\">: Subst\u00e2ncias como perfumes, cosm\u00e9ticos, cloro e produtos de limpeza podem comprometer a integridade da pe\u00e7a.<\/span><\/span><\/li>\n<li style=\"margin: 0pt 0px;padding: 0px;border: 0px;font-family: Arial, sans-serif;font-size: 10pt;font-style: inherit;font-weight: inherit;vertical-align: baseline;background-color: transparent;line-height: 1.38\"><span id=\"docs-internal-guid-9c8fb4e8-7fff-1674-dced-3d628bc6e5d6\" style=\"margin: 0px;padding: 0px;border: 0px;font-family: inherit;font-size: 13.3333px;font-style: inherit;font-weight: inherit;vertical-align: baseline\"><span style=\"margin: 0px;padding: 0px;border: 0px;font-family: inherit;font-size: 10pt;font-style: inherit;font-weight: 700;vertical-align: baseline;background-color: transparent\">Desgaste natural<\/span><span style=\"margin: 0px;padding: 0px;border: 0px;font-family: inherit;font-size: 10pt;font-style: inherit;font-weight: inherit;vertical-align: baseline;background-color: transparent\">: Pequenos arranh\u00f5es ou desgastes decorrentes do uso di\u00e1rio s\u00e3o normais e n\u00e3o est\u00e3o cobertos.<\/span><\/span><\/li>\n<li style=\"margin: 0pt 0px 10pt;padding: 0px;border: 0px;font-family: Arial, sans-serif;font-size: 10pt;font-style: inherit;font-weight: inherit;vertical-align: baseline;background-color: transparent;line-height: 1.38\"><span id=\"docs-internal-guid-9c8fb4e8-7fff-1674-dced-3d628bc6e5d6\" style=\"margin: 0px;padding: 0px;border: 0px;font-family: inherit;font-size: 13.3333px;font-style: inherit;font-weight: inherit;vertical-align: baseline\"><span style=\"margin: 0px;padding: 0px;border: 0px;font-family: inherit;font-size: 10pt;font-style: inherit;font-weight: 700;vertical-align: baseline;background-color: transparent\">Altera\u00e7\u00f5es na pe\u00e7a<\/span><span style=\"margin: 0px;padding: 0px;border: 0px;font-family: inherit;font-size: 10pt;font-style: inherit;font-weight: inherit;vertical-align: baseline;background-color: transparent\">: Ajustes ou modifica\u00e7\u00f5es feitas por terceiros invalidam a garantia.<\/span><\/span><\/li>\n<\/ol>\n","protected":false},"excerpt":{"rendered":"<p>Caracter\u00edsticas: Material: Prata 925 Pedra: Zirc\u00f4nia facetada de alta pureza (5mm) Design: Brinco de pino com acabamento polido Diferenciais: Versatilidade cl\u00e1ssica \u2013 Combina com diferentes&#8230;<\/p>\n","protected":false},"featured_media":6859,"comment_status":"open","ping_status":"closed","template":"","meta":[],"etheme_brands":[],"product_brand":[],"product_cat":[117,97],"product_tag":[133],"class_list":{"0":"post-6860","1":"product","2":"type-product","3":"status-publish","4":"has-post-thumbnail","6":"product_cat-categoriabrincosbrinco-feminino","7":"product_cat-categoriabrincos","8":"product_tag-uze-pratas","10":"first","11":"outofstock","12":"shipping-taxable","13":"purchasable","14":"product-type-simple"},"_links":{"self":[{"href":"https:\/\/agenciausphot.com\/uze\/wp-json\/wp\/v2\/product\/6860","targetHints":{"allow":["GET"]}}],"collection":[{"href":"https:\/\/agenciausphot.com\/uze\/wp-json\/wp\/v2\/product"}],"about":[{"href":"https:\/\/agenciausphot.com\/uze\/wp-json\/wp\/v2\/types\/product"}],"replies":[{"embeddable":true,"href":"https:\/\/agenciausphot.com\/uze\/wp-json\/wp\/v2\/comments?post=6860"}],"version-history":[{"count":1,"href":"https:\/\/agenciausphot.com\/uze\/wp-json\/wp\/v2\/product\/6860\/revisions"}],"predecessor-version":[{"id":6917,"href":"https:\/\/agenciausphot.com\/uze\/wp-json\/wp\/v2\/product\/6860\/revisions\/6917"}],"wp:featuredmedia":[{"embeddable":true,"href":"https:\/\/agenciausphot.com\/uze\/wp-json\/wp\/v2\/media\/6859"}],"wp:attachment":[{"href":"https:\/\/agenciausphot.com\/uze\/wp-json\/wp\/v2\/media?parent=6860"}],"wp:term":[{"taxonomy":"brand","embeddable":true,"href":"https:\/\/agenciausphot.com\/uze\/wp-json\/wp\/v2\/etheme_brands?post=6860"},{"taxonomy":"product_brand","embeddable":true,"href":"https:\/\/agenciausphot.com\/uze\/wp-json\/wp\/v2\/product_brand?post=6860"},{"taxonomy":"product_cat","embeddable":true,"href":"https:\/\/agenciausphot.com\/uze\/wp-json\/wp\/v2\/product_cat?post=6860"},{"taxonomy":"product_tag","embeddable":true,"href":"https:\/\/agenciausphot.com\/uze\/wp-json\/wp\/v2\/product_tag?post=6860"}],"curies":[{"name":"wp","href":"https:\/\/api.w.org\/{rel}","templated":true}]}}