{"id":6856,"date":"2025-11-14T19:22:59","date_gmt":"2025-11-14T19:22:59","guid":{"rendered":"https:\/\/agenciausphot.com\/uze\/produto\/pulseira-masculina-grumet-3mm-fio-080\/"},"modified":"2025-12-12T22:15:33","modified_gmt":"2025-12-12T22:15:33","slug":"pulseira-masculina-grumet-3mm-fio-080","status":"publish","type":"product","link":"https:\/\/agenciausphot.com\/uze\/produto\/pulseira-masculina-grumet-3mm-fio-080\/","title":{"rendered":"Pulseira masculina grumet 3mm fio 080"},"content":{"rendered":"<h2 style=\"font-size: 24px;margin-top: 0px;font-family: ermilovbold, sans-serif\">Especifica\u00e7\u00f5es do produto:<\/h2>\n<ul style=\"padding-left: 20px;font-family: estedad_regularregular, sans-serif;font-size: 12px\">\n<li style=\"margin-bottom: 10px;line-height: 22px\">Tamanho:&nbsp;<strong>21cm<\/strong><\/li>\n<li style=\"margin-bottom: 10px;line-height: 22px\">Modelo:&nbsp;<strong>Pulseira de Prata Masculina 3&#215;1<\/strong><\/li>\n<li style=\"margin-bottom: 10px;line-height: 22px\">Espessura:&nbsp;<strong>3mm<\/strong><\/li>\n<li style=\"margin-bottom: 10px;line-height: 22px\">Fio:&nbsp;<strong>060<\/strong><\/li>\n<li style=\"margin-bottom: 10px;line-height: 22px\">Dimens\u00f5es:<strong>&nbsp;3mm (largura) X 21cm (comprimento)<\/strong><\/li>\n<li style=\"margin-bottom: 10px;line-height: 22px\">Material:&nbsp;<strong>Prata 925 Leg\u00edtima<\/strong><\/li>\n<li style=\"margin-bottom: 10px;line-height: 22px\">G\u00eanero:&nbsp;<strong>Masculina<\/strong><\/li>\n<li style=\"margin-bottom: 10px;line-height: 22px\">Fecho:&nbsp;<strong>Estilo Lagosta<\/strong><\/li>\n<li style=\"margin-bottom: 10px;line-height: 22px\">Peso: Aprox.&nbsp;<strong>3,0g<\/strong><\/li>\n<\/ul>\n","protected":false},"excerpt":{"rendered":"<p>Especifica\u00e7\u00f5es do produto: Tamanho:&nbsp;21cm Modelo:&nbsp;Pulseira de Prata Masculina 3&#215;1 Espessura:&nbsp;3mm Fio:&nbsp;060 Dimens\u00f5es:&nbsp;3mm (largura) X 21cm (comprimento) Material:&nbsp;Prata 925 Leg\u00edtima G\u00eanero:&nbsp;Masculina Fecho:&nbsp;Estilo Lagosta Peso: Aprox.&nbsp;3,0g<\/p>\n","protected":false},"featured_media":6854,"comment_status":"open","ping_status":"closed","template":"","meta":[],"etheme_brands":[],"product_brand":[],"product_cat":[174,90,99],"product_tag":[133],"class_list":{"0":"post-6856","1":"product","2":"type-product","3":"status-publish","4":"has-post-thumbnail","6":"product_cat-alpha","7":"product_cat-categoriapulseiras","8":"product_cat-categoriapulseiraspulseira-masculina","9":"product_tag-uze-pratas","11":"first","12":"instock","13":"shipping-taxable","14":"purchasable","15":"product-type-simple"},"_links":{"self":[{"href":"https:\/\/agenciausphot.com\/uze\/wp-json\/wp\/v2\/product\/6856","targetHints":{"allow":["GET"]}}],"collection":[{"href":"https:\/\/agenciausphot.com\/uze\/wp-json\/wp\/v2\/product"}],"about":[{"href":"https:\/\/agenciausphot.com\/uze\/wp-json\/wp\/v2\/types\/product"}],"replies":[{"embeddable":true,"href":"https:\/\/agenciausphot.com\/uze\/wp-json\/wp\/v2\/comments?post=6856"}],"version-history":[{"count":1,"href":"https:\/\/agenciausphot.com\/uze\/wp-json\/wp\/v2\/product\/6856\/revisions"}],"predecessor-version":[{"id":6915,"href":"https:\/\/agenciausphot.com\/uze\/wp-json\/wp\/v2\/product\/6856\/revisions\/6915"}],"wp:featuredmedia":[{"embeddable":true,"href":"https:\/\/agenciausphot.com\/uze\/wp-json\/wp\/v2\/media\/6854"}],"wp:attachment":[{"href":"https:\/\/agenciausphot.com\/uze\/wp-json\/wp\/v2\/media?parent=6856"}],"wp:term":[{"taxonomy":"brand","embeddable":true,"href":"https:\/\/agenciausphot.com\/uze\/wp-json\/wp\/v2\/etheme_brands?post=6856"},{"taxonomy":"product_brand","embeddable":true,"href":"https:\/\/agenciausphot.com\/uze\/wp-json\/wp\/v2\/product_brand?post=6856"},{"taxonomy":"product_cat","embeddable":true,"href":"https:\/\/agenciausphot.com\/uze\/wp-json\/wp\/v2\/product_cat?post=6856"},{"taxonomy":"product_tag","embeddable":true,"href":"https:\/\/agenciausphot.com\/uze\/wp-json\/wp\/v2\/product_tag?post=6856"}],"curies":[{"name":"wp","href":"https:\/\/api.w.org\/{rel}","templated":true}]}}