{"id":6848,"date":"2025-11-14T19:22:51","date_gmt":"2025-11-14T19:22:51","guid":{"rendered":"https:\/\/agenciausphot.com\/uze\/produto\/brinco-de-prata-bola-3mm\/"},"modified":"2025-11-18T14:07:02","modified_gmt":"2025-11-18T14:07:02","slug":"brinco-de-prata-bola-3mm","status":"publish","type":"product","link":"https:\/\/agenciausphot.com\/uze\/produto\/brinco-de-prata-bola-3mm\/","title":{"rendered":"Brinco de prata bola 3mm"},"content":{"rendered":"<p data-start=\"45\" data-end=\"347\">Brinco <strong data-start=\"52\" data-end=\"91\">bola lisa 3mm em Prata 925 leg\u00edtima<\/strong> \u2014 delicado, leve e cheio de brilho. Um modelo vers\u00e1til que combina com todos os estilos, ideal para o dia a dia ou para usar em segundos furos. Seu acabamento polido real\u00e7a o brilho natural da prata, garantindo um toque de eleg\u00e2ncia em qualquer ocasi\u00e3o.<\/p>\n<p data-start=\"349\" data-end=\"375\"><strong data-start=\"349\" data-end=\"373\">Detalhes do produto:<\/strong><\/p>\n<ul data-start=\"376\" data-end=\"536\">\n<li data-start=\"376\" data-end=\"408\">\n<p data-start=\"378\" data-end=\"408\">Material: Prata 925 leg\u00edtima<\/p>\n<\/li>\n<li data-start=\"409\" data-end=\"433\">\n<p data-start=\"411\" data-end=\"433\">Tamanho da bola: 3mm<\/p>\n<\/li>\n<li data-start=\"434\" data-end=\"463\">\n<p data-start=\"436\" data-end=\"463\">Acabamento: Liso e polido<\/p>\n<\/li>\n<li data-start=\"464\" data-end=\"507\">\n<p data-start=\"466\" data-end=\"507\">Fecho: Tarraxa tradicional antial\u00e9rgica<\/p>\n<\/li>\n<li data-start=\"508\" data-end=\"536\">\n<p data-start=\"510\" data-end=\"536\">G\u00eanero: Feminino\/Unissex<\/p>\n<\/li>\n<\/ul>\n<p data-start=\"538\" data-end=\"608\"><strong data-start=\"538\" data-end=\"551\">Garantia:<\/strong><br data-start=\"551\" data-end=\"554\"><br \/>\nGarantia eterna quanto \u00e0 autenticidade da prata 925.<\/p>\n","protected":false},"excerpt":{"rendered":"<p>Brinco bola lisa 3mm em Prata 925 leg\u00edtima \u2014 delicado, leve e cheio de brilho. Um modelo vers\u00e1til que combina com todos os estilos, ideal&#8230;<\/p>\n","protected":false},"featured_media":6846,"comment_status":"open","ping_status":"closed","template":"","meta":[],"etheme_brands":[],"product_brand":[],"product_cat":[117,97],"product_tag":[133],"class_list":{"0":"post-6848","1":"product","2":"type-product","3":"status-publish","4":"has-post-thumbnail","6":"product_cat-categoriabrincosbrinco-feminino","7":"product_cat-categoriabrincos","8":"product_tag-uze-pratas","10":"first","11":"instock","12":"shipping-taxable","13":"purchasable","14":"product-type-simple"},"_links":{"self":[{"href":"https:\/\/agenciausphot.com\/uze\/wp-json\/wp\/v2\/product\/6848","targetHints":{"allow":["GET"]}}],"collection":[{"href":"https:\/\/agenciausphot.com\/uze\/wp-json\/wp\/v2\/product"}],"about":[{"href":"https:\/\/agenciausphot.com\/uze\/wp-json\/wp\/v2\/types\/product"}],"replies":[{"embeddable":true,"href":"https:\/\/agenciausphot.com\/uze\/wp-json\/wp\/v2\/comments?post=6848"}],"version-history":[{"count":1,"href":"https:\/\/agenciausphot.com\/uze\/wp-json\/wp\/v2\/product\/6848\/revisions"}],"predecessor-version":[{"id":6912,"href":"https:\/\/agenciausphot.com\/uze\/wp-json\/wp\/v2\/product\/6848\/revisions\/6912"}],"wp:featuredmedia":[{"embeddable":true,"href":"https:\/\/agenciausphot.com\/uze\/wp-json\/wp\/v2\/media\/6846"}],"wp:attachment":[{"href":"https:\/\/agenciausphot.com\/uze\/wp-json\/wp\/v2\/media?parent=6848"}],"wp:term":[{"taxonomy":"brand","embeddable":true,"href":"https:\/\/agenciausphot.com\/uze\/wp-json\/wp\/v2\/etheme_brands?post=6848"},{"taxonomy":"product_brand","embeddable":true,"href":"https:\/\/agenciausphot.com\/uze\/wp-json\/wp\/v2\/product_brand?post=6848"},{"taxonomy":"product_cat","embeddable":true,"href":"https:\/\/agenciausphot.com\/uze\/wp-json\/wp\/v2\/product_cat?post=6848"},{"taxonomy":"product_tag","embeddable":true,"href":"https:\/\/agenciausphot.com\/uze\/wp-json\/wp\/v2\/product_tag?post=6848"}],"curies":[{"name":"wp","href":"https:\/\/api.w.org\/{rel}","templated":true}]}}