{"id":6829,"date":"2025-11-14T19:22:30","date_gmt":"2025-11-14T19:22:30","guid":{"rendered":"https:\/\/agenciausphot.com\/uze\/produto\/pulseira-riviera-com-detalhes\/"},"modified":"2025-11-18T14:06:57","modified_gmt":"2025-11-18T14:06:57","slug":"pulseira-riviera-com-detalhes","status":"publish","type":"product","link":"https:\/\/agenciausphot.com\/uze\/produto\/pulseira-riviera-com-detalhes\/","title":{"rendered":"Pulseira riviera com detalhes"},"content":{"rendered":"<p data-start=\"100\" data-end=\"510\">\ud83d\udc8e <strong data-start=\"103\" data-end=\"149\">Pulseira Riviera com Detalhes em Prata 925<\/strong><br data-start=\"149\" data-end=\"152\"><br \/>\nCl\u00e1ssica, elegante e cheia de brilho \u2014 a pulseira riviera \u00e9 o tipo de joia que nunca sai de moda. Produzida em <strong data-start=\"263\" data-end=\"285\">prata 925 leg\u00edtima<\/strong>, ela apresenta <strong data-start=\"301\" data-end=\"341\">pedras cravejadas em toda a extens\u00e3o<\/strong>, com <strong data-start=\"347\" data-end=\"369\">detalhes delicados<\/strong> que real\u00e7am seu design sofisticado. Perfeita para usar sozinha ou combinar com outras pe\u00e7as, trazendo um toque de luxo a qualquer ocasi\u00e3o.<\/p>\n<p data-start=\"512\" data-end=\"529\">\u2728 <strong data-start=\"514\" data-end=\"527\">Detalhes:<\/strong><\/p>\n<ul data-start=\"530\" data-end=\"707\">\n<li data-start=\"530\" data-end=\"562\">\n<p data-start=\"532\" data-end=\"562\">Material: Prata 925 leg\u00edtima<\/p>\n<\/li>\n<li data-start=\"563\" data-end=\"601\">\n<p data-start=\"565\" data-end=\"601\">Crava\u00e7\u00e3o: Zirc\u00f4nias de alto brilho<\/p>\n<\/li>\n<li data-start=\"602\" data-end=\"631\">\n<p data-start=\"604\" data-end=\"631\">Fecho: Trava de seguran\u00e7a<\/p>\n<\/li>\n<li data-start=\"632\" data-end=\"666\">\n<p data-start=\"634\" data-end=\"666\">Estilo: Cl\u00e1ssico e sofisticado<\/p>\n<\/li>\n<li data-start=\"667\" data-end=\"707\">\n<p data-start=\"669\" data-end=\"707\">Tamanho: Ajuste confort\u00e1vel no pulso<\/p>\n<\/li>\n<\/ul>\n","protected":false},"excerpt":{"rendered":"<p>\ud83d\udc8e Pulseira Riviera com Detalhes em Prata 925 Cl\u00e1ssica, elegante e cheia de brilho \u2014 a pulseira riviera \u00e9 o tipo de joia que nunca&#8230;<\/p>\n","protected":false},"featured_media":6827,"comment_status":"open","ping_status":"closed","template":"","meta":[],"etheme_brands":[],"product_brand":[],"product_cat":[98,90],"product_tag":[133],"class_list":{"0":"post-6829","1":"product","2":"type-product","3":"status-publish","4":"has-post-thumbnail","6":"product_cat-categoriapulseiraspulseira-feminina","7":"product_cat-categoriapulseiras","8":"product_tag-uze-pratas","10":"first","11":"outofstock","12":"shipping-taxable","13":"purchasable","14":"product-type-simple"},"_links":{"self":[{"href":"https:\/\/agenciausphot.com\/uze\/wp-json\/wp\/v2\/product\/6829","targetHints":{"allow":["GET"]}}],"collection":[{"href":"https:\/\/agenciausphot.com\/uze\/wp-json\/wp\/v2\/product"}],"about":[{"href":"https:\/\/agenciausphot.com\/uze\/wp-json\/wp\/v2\/types\/product"}],"replies":[{"embeddable":true,"href":"https:\/\/agenciausphot.com\/uze\/wp-json\/wp\/v2\/comments?post=6829"}],"version-history":[{"count":1,"href":"https:\/\/agenciausphot.com\/uze\/wp-json\/wp\/v2\/product\/6829\/revisions"}],"predecessor-version":[{"id":6905,"href":"https:\/\/agenciausphot.com\/uze\/wp-json\/wp\/v2\/product\/6829\/revisions\/6905"}],"wp:featuredmedia":[{"embeddable":true,"href":"https:\/\/agenciausphot.com\/uze\/wp-json\/wp\/v2\/media\/6827"}],"wp:attachment":[{"href":"https:\/\/agenciausphot.com\/uze\/wp-json\/wp\/v2\/media?parent=6829"}],"wp:term":[{"taxonomy":"brand","embeddable":true,"href":"https:\/\/agenciausphot.com\/uze\/wp-json\/wp\/v2\/etheme_brands?post=6829"},{"taxonomy":"product_brand","embeddable":true,"href":"https:\/\/agenciausphot.com\/uze\/wp-json\/wp\/v2\/product_brand?post=6829"},{"taxonomy":"product_cat","embeddable":true,"href":"https:\/\/agenciausphot.com\/uze\/wp-json\/wp\/v2\/product_cat?post=6829"},{"taxonomy":"product_tag","embeddable":true,"href":"https:\/\/agenciausphot.com\/uze\/wp-json\/wp\/v2\/product_tag?post=6829"}],"curies":[{"name":"wp","href":"https:\/\/api.w.org\/{rel}","templated":true}]}}