{"id":6826,"date":"2025-11-14T19:22:27","date_gmt":"2025-11-14T19:22:27","guid":{"rendered":"https:\/\/agenciausphot.com\/uze\/produto\/anel-pedra-rosa\/"},"modified":"2025-12-15T13:21:13","modified_gmt":"2025-12-15T13:21:13","slug":"anel-pedra-rosa","status":"publish","type":"product","link":"https:\/\/agenciausphot.com\/uze\/produto\/anel-pedra-rosa\/","title":{"rendered":"Anel pedra rosa"},"content":{"rendered":"<p data-start=\"74\" data-end=\"432\">\ud83d\udc8d <strong data-start=\"77\" data-end=\"109\">Anel Pedra Rosa em Prata 925<\/strong><br data-start=\"109\" data-end=\"112\"><br \/>\nRom\u00e2ntico e delicado, o anel com pedra rosa \u00e9 a escolha perfeita para quem ama acess\u00f3rios com um toque de feminilidade e eleg\u00e2ncia. Produzido em <strong data-start=\"257\" data-end=\"279\">prata 925 leg\u00edtima<\/strong>, possui um brilho suave que real\u00e7a a beleza natural da pedra, s\u00edmbolo de amor, harmonia e autoconfian\u00e7a. Ideal para compor looks leves e sofisticados.<\/p>\n<p data-start=\"434\" data-end=\"452\">\ud83d\udc8e <strong data-start=\"437\" data-end=\"450\">Detalhes:<\/strong><\/p>\n<ul data-start=\"453\" data-end=\"607\">\n<li data-start=\"453\" data-end=\"485\">\n<p data-start=\"455\" data-end=\"485\">Material: Prata 925 leg\u00edtima<\/p>\n<\/li>\n<li data-start=\"486\" data-end=\"540\">\n<p data-start=\"488\" data-end=\"540\">Pedra: Rosa (zirc\u00f4nia ou cristal, conforme modelo)<\/p>\n<\/li>\n<li data-start=\"541\" data-end=\"575\">\n<p data-start=\"543\" data-end=\"575\">Acabamento: Polido e brilhante<\/p>\n<\/li>\n<li data-start=\"576\" data-end=\"607\">\n<p data-start=\"578\" data-end=\"607\">Estilo: Rom\u00e2ntico e moderno<\/p>\n<\/li>\n<\/ul>\n","protected":false},"excerpt":{"rendered":"<p>\ud83d\udc8d Anel Pedra Rosa em Prata 925 Rom\u00e2ntico e delicado, o anel com pedra rosa \u00e9 a escolha perfeita para quem ama acess\u00f3rios com um&#8230;<\/p>\n","protected":false},"featured_media":6825,"comment_status":"open","ping_status":"closed","template":"","meta":[],"etheme_brands":[],"product_brand":[],"product_cat":[103,92],"product_tag":[133],"class_list":{"0":"post-6826","1":"product","2":"type-product","3":"status-publish","4":"has-post-thumbnail","6":"product_cat-categoriaanisanel-feminino","7":"product_cat-categoriaanis","8":"product_tag-uze-pratas","10":"first","11":"outofstock","12":"shipping-taxable","13":"purchasable","14":"product-type-simple"},"_links":{"self":[{"href":"https:\/\/agenciausphot.com\/uze\/wp-json\/wp\/v2\/product\/6826","targetHints":{"allow":["GET"]}}],"collection":[{"href":"https:\/\/agenciausphot.com\/uze\/wp-json\/wp\/v2\/product"}],"about":[{"href":"https:\/\/agenciausphot.com\/uze\/wp-json\/wp\/v2\/types\/product"}],"replies":[{"embeddable":true,"href":"https:\/\/agenciausphot.com\/uze\/wp-json\/wp\/v2\/comments?post=6826"}],"version-history":[{"count":1,"href":"https:\/\/agenciausphot.com\/uze\/wp-json\/wp\/v2\/product\/6826\/revisions"}],"predecessor-version":[{"id":6904,"href":"https:\/\/agenciausphot.com\/uze\/wp-json\/wp\/v2\/product\/6826\/revisions\/6904"}],"wp:featuredmedia":[{"embeddable":true,"href":"https:\/\/agenciausphot.com\/uze\/wp-json\/wp\/v2\/media\/6825"}],"wp:attachment":[{"href":"https:\/\/agenciausphot.com\/uze\/wp-json\/wp\/v2\/media?parent=6826"}],"wp:term":[{"taxonomy":"brand","embeddable":true,"href":"https:\/\/agenciausphot.com\/uze\/wp-json\/wp\/v2\/etheme_brands?post=6826"},{"taxonomy":"product_brand","embeddable":true,"href":"https:\/\/agenciausphot.com\/uze\/wp-json\/wp\/v2\/product_brand?post=6826"},{"taxonomy":"product_cat","embeddable":true,"href":"https:\/\/agenciausphot.com\/uze\/wp-json\/wp\/v2\/product_cat?post=6826"},{"taxonomy":"product_tag","embeddable":true,"href":"https:\/\/agenciausphot.com\/uze\/wp-json\/wp\/v2\/product_tag?post=6826"}],"curies":[{"name":"wp","href":"https:\/\/api.w.org\/{rel}","templated":true}]}}