{"id":6805,"date":"2025-11-14T19:22:05","date_gmt":"2025-11-14T19:22:05","guid":{"rendered":"https:\/\/agenciausphot.com\/uze\/produto\/corrente-masculina-piastrine-18-mm\/"},"modified":"2025-11-18T14:07:32","modified_gmt":"2025-11-18T14:07:32","slug":"corrente-masculina-piastrine-18-mm","status":"publish","type":"product","link":"https:\/\/agenciausphot.com\/uze\/produto\/corrente-masculina-piastrine-18-mm\/","title":{"rendered":"Corrente masculina piastrine 1,8 mm"},"content":{"rendered":"<ul style=\"padding-left: 20px;font-family: estedad_regularregular, sans-serif;font-size: 12px\">\n<li style=\"margin-bottom: 10px;line-height: 22px\">Modelo:&nbsp;<strong>Corrente<\/strong>&nbsp;<strong><strong>Masculina<\/strong>&nbsp;Piastrine<\/strong><\/li>\n<li style=\"margin-bottom: 10px;line-height: 22px\">Tamanho: <b>40cm<\/b><\/li>\n<li style=\"margin-bottom: 10px;line-height: 22px\">Dimens\u00f5es:&nbsp;<strong>0,4mm x 1,8mm<\/strong><\/li>\n<li style=\"margin-bottom: 10px;line-height: 22px\">Fio:&nbsp;<strong>040<\/strong><\/li>\n<li style=\"margin-bottom: 10px;line-height: 22px\">Material:&nbsp;<strong>Prata 925 Leg\u00edtima<\/strong><\/li>\n<li style=\"margin-bottom: 10px;line-height: 22px\">G\u00eanero:&nbsp;<strong>Masculina<\/strong><\/li>\n<li style=\"margin-bottom: 10px;line-height: 22px\">Fecho:&nbsp;<strong>Estilo Boia<\/strong><\/li>\n<li style=\"margin-bottom: 10px;line-height: 22px\">Peso: Aprox.&nbsp;<strong>3,6g<\/strong><\/li>\n<\/ul>\n","protected":false},"excerpt":{"rendered":"<p>Modelo:&nbsp;Corrente&nbsp;Masculina&nbsp;Piastrine Tamanho: 40cm Dimens\u00f5es:&nbsp;0,4mm x 1,8mm Fio:&nbsp;040 Material:&nbsp;Prata 925 Leg\u00edtima G\u00eanero:&nbsp;Masculina Fecho:&nbsp;Estilo Boia Peso: Aprox.&nbsp;3,6g<\/p>\n","protected":false},"featured_media":6803,"comment_status":"open","ping_status":"closed","template":"","meta":[],"etheme_brands":[],"product_brand":[],"product_cat":[107,93],"product_tag":[133],"class_list":{"0":"post-6805","1":"product","2":"type-product","3":"status-publish","4":"has-post-thumbnail","6":"product_cat-categoriacolarescolar-masculino","7":"product_cat-categoriacolares","8":"product_tag-uze-pratas","10":"first","11":"outofstock","12":"shipping-taxable","13":"product-type-variable"},"_links":{"self":[{"href":"https:\/\/agenciausphot.com\/uze\/wp-json\/wp\/v2\/product\/6805","targetHints":{"allow":["GET"]}}],"collection":[{"href":"https:\/\/agenciausphot.com\/uze\/wp-json\/wp\/v2\/product"}],"about":[{"href":"https:\/\/agenciausphot.com\/uze\/wp-json\/wp\/v2\/types\/product"}],"replies":[{"embeddable":true,"href":"https:\/\/agenciausphot.com\/uze\/wp-json\/wp\/v2\/comments?post=6805"}],"version-history":[{"count":0,"href":"https:\/\/agenciausphot.com\/uze\/wp-json\/wp\/v2\/product\/6805\/revisions"}],"wp:featuredmedia":[{"embeddable":true,"href":"https:\/\/agenciausphot.com\/uze\/wp-json\/wp\/v2\/media\/6803"}],"wp:attachment":[{"href":"https:\/\/agenciausphot.com\/uze\/wp-json\/wp\/v2\/media?parent=6805"}],"wp:term":[{"taxonomy":"brand","embeddable":true,"href":"https:\/\/agenciausphot.com\/uze\/wp-json\/wp\/v2\/etheme_brands?post=6805"},{"taxonomy":"product_brand","embeddable":true,"href":"https:\/\/agenciausphot.com\/uze\/wp-json\/wp\/v2\/product_brand?post=6805"},{"taxonomy":"product_cat","embeddable":true,"href":"https:\/\/agenciausphot.com\/uze\/wp-json\/wp\/v2\/product_cat?post=6805"},{"taxonomy":"product_tag","embeddable":true,"href":"https:\/\/agenciausphot.com\/uze\/wp-json\/wp\/v2\/product_tag?post=6805"}],"curies":[{"name":"wp","href":"https:\/\/api.w.org\/{rel}","templated":true}]}}