{"id":6299,"date":"2025-10-30T19:28:17","date_gmt":"2025-10-30T19:28:17","guid":{"rendered":"https:\/\/agenciausphot.com\/uze\/produto\/brinco-bolinha\/"},"modified":"2025-11-04T20:40:26","modified_gmt":"2025-11-04T20:40:26","slug":"brinco-bolinha","status":"publish","type":"product","link":"https:\/\/agenciausphot.com\/uze\/produto\/brinco-bolinha\/","title":{"rendered":"Brinco bolinha"},"content":{"rendered":"<p data-start=\"50\" data-end=\"257\"><strong data-start=\"50\" data-end=\"81\">Brinco Bolinha em Prata 925<\/strong><br data-start=\"81\" data-end=\"84\"><br \/>\nCl\u00e1ssico e vers\u00e1til, o brinco bolinha \u00e9 indispens\u00e1vel para quem busca praticidade e eleg\u00e2ncia no dia a dia. Produzido em <strong data-start=\"205\" data-end=\"227\">Prata 925 leg\u00edtima<\/strong> com <strong data-start=\"232\" data-end=\"254\">garantia vital\u00edcia<\/strong>.<\/p>\n","protected":false},"excerpt":{"rendered":"<p>Brinco Bolinha em Prata 925 Cl\u00e1ssico e vers\u00e1til, o brinco bolinha \u00e9 indispens\u00e1vel para quem busca praticidade e eleg\u00e2ncia no dia a dia. Produzido em&#8230;<\/p>\n","protected":false},"featured_media":6298,"comment_status":"open","ping_status":"closed","template":"","meta":[],"etheme_brands":[],"product_brand":[],"product_cat":[117,97],"product_tag":[133],"class_list":{"0":"post-6299","1":"product","2":"type-product","3":"status-publish","4":"has-post-thumbnail","6":"product_cat-categoriabrincosbrinco-feminino","7":"product_cat-categoriabrincos","8":"product_tag-uze-pratas","10":"first","11":"outofstock","12":"shipping-taxable","13":"product-type-variable"},"_links":{"self":[{"href":"https:\/\/agenciausphot.com\/uze\/wp-json\/wp\/v2\/product\/6299","targetHints":{"allow":["GET"]}}],"collection":[{"href":"https:\/\/agenciausphot.com\/uze\/wp-json\/wp\/v2\/product"}],"about":[{"href":"https:\/\/agenciausphot.com\/uze\/wp-json\/wp\/v2\/types\/product"}],"replies":[{"embeddable":true,"href":"https:\/\/agenciausphot.com\/uze\/wp-json\/wp\/v2\/comments?post=6299"}],"version-history":[{"count":1,"href":"https:\/\/agenciausphot.com\/uze\/wp-json\/wp\/v2\/product\/6299\/revisions"}],"predecessor-version":[{"id":6560,"href":"https:\/\/agenciausphot.com\/uze\/wp-json\/wp\/v2\/product\/6299\/revisions\/6560"}],"wp:featuredmedia":[{"embeddable":true,"href":"https:\/\/agenciausphot.com\/uze\/wp-json\/wp\/v2\/media\/6298"}],"wp:attachment":[{"href":"https:\/\/agenciausphot.com\/uze\/wp-json\/wp\/v2\/media?parent=6299"}],"wp:term":[{"taxonomy":"brand","embeddable":true,"href":"https:\/\/agenciausphot.com\/uze\/wp-json\/wp\/v2\/etheme_brands?post=6299"},{"taxonomy":"product_brand","embeddable":true,"href":"https:\/\/agenciausphot.com\/uze\/wp-json\/wp\/v2\/product_brand?post=6299"},{"taxonomy":"product_cat","embeddable":true,"href":"https:\/\/agenciausphot.com\/uze\/wp-json\/wp\/v2\/product_cat?post=6299"},{"taxonomy":"product_tag","embeddable":true,"href":"https:\/\/agenciausphot.com\/uze\/wp-json\/wp\/v2\/product_tag?post=6299"}],"curies":[{"name":"wp","href":"https:\/\/api.w.org\/{rel}","templated":true}]}}