{"id":6294,"date":"2025-10-30T19:27:50","date_gmt":"2025-10-30T19:27:50","guid":{"rendered":"https:\/\/agenciausphot.com\/uze\/produto\/conjunto-trevo-preto-com-zirconia\/"},"modified":"2025-11-04T20:40:23","modified_gmt":"2025-11-04T20:40:23","slug":"conjunto-trevo-preto-com-zirconia","status":"publish","type":"product","link":"https:\/\/agenciausphot.com\/uze\/produto\/conjunto-trevo-preto-com-zirconia\/","title":{"rendered":"Conjunto trevo preto com zirc\u00f4nia"},"content":{"rendered":"<p data-start=\"47\" data-end=\"311\"><strong data-start=\"47\" data-end=\"97\">Conjunto Trevo Preto com Zirc\u00f4nia em Prata 925<br \/><\/strong>Eleg\u00e2ncia e sofistica\u00e7\u00e3o. O trevo, s\u00edmbolo de sorte, ganha destaque com zirc\u00f4nias pretas, criando um conjunto moderno. Produzido em <strong data-start=\"259\" data-end=\"281\">Prata 925 leg\u00edtima<\/strong> com <strong data-start=\"286\" data-end=\"308\">garantia vital\u00edcia<\/strong>.<\/p>\n","protected":false},"excerpt":{"rendered":"<p>Conjunto Trevo Preto com Zirc\u00f4nia em Prata 925Eleg\u00e2ncia e sofistica\u00e7\u00e3o. O trevo, s\u00edmbolo de sorte, ganha destaque com zirc\u00f4nias pretas, criando um conjunto moderno. Produzido&#8230;<\/p>\n","protected":false},"featured_media":6293,"comment_status":"open","ping_status":"closed","template":"","meta":[],"etheme_brands":[],"product_brand":[],"product_cat":[109,94],"product_tag":[133],"class_list":{"0":"post-6294","1":"product","2":"type-product","3":"status-publish","4":"has-post-thumbnail","6":"product_cat-categoriaconjuntosconjunto-feminino","7":"product_cat-categoriaconjuntos","8":"product_tag-uze-pratas","10":"first","11":"outofstock","12":"shipping-taxable","13":"product-type-variable"},"_links":{"self":[{"href":"https:\/\/agenciausphot.com\/uze\/wp-json\/wp\/v2\/product\/6294","targetHints":{"allow":["GET"]}}],"collection":[{"href":"https:\/\/agenciausphot.com\/uze\/wp-json\/wp\/v2\/product"}],"about":[{"href":"https:\/\/agenciausphot.com\/uze\/wp-json\/wp\/v2\/types\/product"}],"replies":[{"embeddable":true,"href":"https:\/\/agenciausphot.com\/uze\/wp-json\/wp\/v2\/comments?post=6294"}],"version-history":[{"count":1,"href":"https:\/\/agenciausphot.com\/uze\/wp-json\/wp\/v2\/product\/6294\/revisions"}],"predecessor-version":[{"id":6558,"href":"https:\/\/agenciausphot.com\/uze\/wp-json\/wp\/v2\/product\/6294\/revisions\/6558"}],"wp:featuredmedia":[{"embeddable":true,"href":"https:\/\/agenciausphot.com\/uze\/wp-json\/wp\/v2\/media\/6293"}],"wp:attachment":[{"href":"https:\/\/agenciausphot.com\/uze\/wp-json\/wp\/v2\/media?parent=6294"}],"wp:term":[{"taxonomy":"brand","embeddable":true,"href":"https:\/\/agenciausphot.com\/uze\/wp-json\/wp\/v2\/etheme_brands?post=6294"},{"taxonomy":"product_brand","embeddable":true,"href":"https:\/\/agenciausphot.com\/uze\/wp-json\/wp\/v2\/product_brand?post=6294"},{"taxonomy":"product_cat","embeddable":true,"href":"https:\/\/agenciausphot.com\/uze\/wp-json\/wp\/v2\/product_cat?post=6294"},{"taxonomy":"product_tag","embeddable":true,"href":"https:\/\/agenciausphot.com\/uze\/wp-json\/wp\/v2\/product_tag?post=6294"}],"curies":[{"name":"wp","href":"https:\/\/api.w.org\/{rel}","templated":true}]}}