{"id":5753,"date":"2025-10-29T13:16:03","date_gmt":"2025-10-29T13:16:03","guid":{"rendered":"https:\/\/agenciausphot.com\/uze\/produto\/oculos-de-sol-miranda\/"},"modified":"2025-10-29T15:49:08","modified_gmt":"2025-10-29T15:49:08","slug":"oculos-de-sol-miranda","status":"publish","type":"product","link":"https:\/\/agenciausphot.com\/uze\/produto\/oculos-de-sol-miranda\/","title":{"rendered":"\u00d3culos de sol miranda"},"content":{"rendered":"<hr data-start=\"80\" data-end=\"83\">\n<h3 data-start=\"85\" data-end=\"119\">\u00d3culos de Sol Miranda Marrom<\/h3>\n<p data-start=\"120\" data-end=\"394\">Elegante e sofisticado, o \u00d3culos de Sol Miranda Marrom \u00e9 o acess\u00f3rio ideal para quem busca estilo e conforto em um design atemporal.<br data-start=\"252\" data-end=\"255\"><br \/>\nCom arma\u00e7\u00e3o em tom marrom e lentes degrad\u00ea, ele garante um visual refinado e moderno, al\u00e9m de oferecer prote\u00e7\u00e3o total contra os raios UV.<\/p>\n<p data-start=\"396\" data-end=\"422\"><strong data-start=\"396\" data-end=\"420\">Detalhes do produto:<\/strong><\/p>\n<ul data-start=\"423\" data-end=\"659\">\n<li data-start=\"423\" data-end=\"449\">\n<p data-start=\"425\" data-end=\"449\">Modelo: Miranda Marrom<\/p>\n<\/li>\n<li data-start=\"450\" data-end=\"496\">\n<p data-start=\"452\" data-end=\"496\">Arma\u00e7\u00e3o: Tom marrom com acabamento premium<\/p>\n<\/li>\n<li data-start=\"497\" data-end=\"535\">\n<p data-start=\"499\" data-end=\"535\">Lentes: Degrad\u00ea com prote\u00e7\u00e3o UV400<\/p>\n<\/li>\n<li data-start=\"536\" data-end=\"580\">\n<p data-start=\"538\" data-end=\"580\">Material: Leve, resistente e confort\u00e1vel<\/p>\n<\/li>\n<li data-start=\"581\" data-end=\"612\">\n<p data-start=\"583\" data-end=\"612\">Estilo: Feminino e cl\u00e1ssico<\/p>\n<\/li>\n<li data-start=\"613\" data-end=\"659\">\n<p data-start=\"615\" data-end=\"659\">Indica\u00e7\u00e3o: Uso di\u00e1rio e ocasi\u00f5es especiais<\/p>\n<\/li>\n<\/ul>\n<p data-start=\"661\" data-end=\"776\">Um acess\u00f3rio cheio de charme e eleg\u00e2ncia \u2014 perfeito para complementar qualquer look com sofistica\u00e7\u00e3o e bom gosto.<\/p>\n","protected":false},"excerpt":{"rendered":"<p>\u00d3culos de Sol Miranda Marrom Elegante e sofisticado, o \u00d3culos de Sol Miranda Marrom \u00e9 o acess\u00f3rio ideal para quem busca estilo e conforto em&#8230;<\/p>\n","protected":false},"featured_media":5752,"comment_status":"open","ping_status":"closed","template":"","meta":[],"etheme_brands":[],"product_brand":[],"product_cat":[126,124],"product_tag":[133],"class_list":{"0":"post-5753","1":"product","2":"type-product","3":"status-publish","4":"has-post-thumbnail","6":"product_cat-categoriaculosculos-feminino","7":"product_cat-categoriaculos","8":"product_tag-uze-pratas","10":"first","11":"outofstock","12":"shipping-taxable","13":"purchasable","14":"product-type-simple"},"_links":{"self":[{"href":"https:\/\/agenciausphot.com\/uze\/wp-json\/wp\/v2\/product\/5753","targetHints":{"allow":["GET"]}}],"collection":[{"href":"https:\/\/agenciausphot.com\/uze\/wp-json\/wp\/v2\/product"}],"about":[{"href":"https:\/\/agenciausphot.com\/uze\/wp-json\/wp\/v2\/types\/product"}],"replies":[{"embeddable":true,"href":"https:\/\/agenciausphot.com\/uze\/wp-json\/wp\/v2\/comments?post=5753"}],"version-history":[{"count":1,"href":"https:\/\/agenciausphot.com\/uze\/wp-json\/wp\/v2\/product\/5753\/revisions"}],"predecessor-version":[{"id":6290,"href":"https:\/\/agenciausphot.com\/uze\/wp-json\/wp\/v2\/product\/5753\/revisions\/6290"}],"wp:featuredmedia":[{"embeddable":true,"href":"https:\/\/agenciausphot.com\/uze\/wp-json\/wp\/v2\/media\/5752"}],"wp:attachment":[{"href":"https:\/\/agenciausphot.com\/uze\/wp-json\/wp\/v2\/media?parent=5753"}],"wp:term":[{"taxonomy":"brand","embeddable":true,"href":"https:\/\/agenciausphot.com\/uze\/wp-json\/wp\/v2\/etheme_brands?post=5753"},{"taxonomy":"product_brand","embeddable":true,"href":"https:\/\/agenciausphot.com\/uze\/wp-json\/wp\/v2\/product_brand?post=5753"},{"taxonomy":"product_cat","embeddable":true,"href":"https:\/\/agenciausphot.com\/uze\/wp-json\/wp\/v2\/product_cat?post=5753"},{"taxonomy":"product_tag","embeddable":true,"href":"https:\/\/agenciausphot.com\/uze\/wp-json\/wp\/v2\/product_tag?post=5753"}],"curies":[{"name":"wp","href":"https:\/\/api.w.org\/{rel}","templated":true}]}}