{"id":5656,"date":"2025-10-29T13:14:35","date_gmt":"2025-10-29T13:14:35","guid":{"rendered":"https:\/\/agenciausphot.com\/uze\/produto\/oculos-de-sol-preto-urbano\/"},"modified":"2025-11-04T20:39:34","modified_gmt":"2025-11-04T20:39:34","slug":"oculos-de-sol-preto-urbano","status":"publish","type":"product","link":"https:\/\/agenciausphot.com\/uze\/produto\/oculos-de-sol-preto-urbano\/","title":{"rendered":"\u00d3culos de sol preto urbano"},"content":{"rendered":"<h3 data-start=\"83\" data-end=\"115\">\u00d3culos de Sol Preto Urbano<\/h3>\n<p data-start=\"116\" data-end=\"402\">Estilo, conforto e atitude em um s\u00f3 acess\u00f3rio. O \u00d3culos de Sol Preto Urbano foi desenvolvido para quem valoriza um visual moderno e marcante, sem abrir m\u00e3o da prote\u00e7\u00e3o.<br data-start=\"284\" data-end=\"287\"><br \/>\nCom arma\u00e7\u00e3o robusta e design contempor\u00e2neo, ele garante um toque urbano e sofisticado, perfeito para o dia a dia.<\/p>\n<p data-start=\"404\" data-end=\"430\"><strong data-start=\"404\" data-end=\"428\">Detalhes do produto:<\/strong><\/p>\n<ul data-start=\"431\" data-end=\"654\">\n<li data-start=\"431\" data-end=\"455\">\n<p data-start=\"433\" data-end=\"455\">Modelo: Preto Urbano<\/p>\n<\/li>\n<li data-start=\"456\" data-end=\"495\">\n<p data-start=\"458\" data-end=\"495\">Arma\u00e7\u00e3o: Preta com acabamento fosco<\/p>\n<\/li>\n<li data-start=\"496\" data-end=\"534\">\n<p data-start=\"498\" data-end=\"534\">Lentes: Escuras com prote\u00e7\u00e3o UV400<\/p>\n<\/li>\n<li data-start=\"535\" data-end=\"576\">\n<p data-start=\"537\" data-end=\"576\">Material: Leve, dur\u00e1vel e confort\u00e1vel<\/p>\n<\/li>\n<li data-start=\"577\" data-end=\"609\">\n<p data-start=\"579\" data-end=\"609\">Estilo: Masculino e vers\u00e1til<\/p>\n<\/li>\n<li data-start=\"610\" data-end=\"654\">\n<p data-start=\"612\" data-end=\"654\">Indica\u00e7\u00e3o: Uso di\u00e1rio e ocasi\u00f5es casuais<\/p>\n<\/li>\n<\/ul>\n","protected":false},"excerpt":{"rendered":"<p>\u00d3culos de Sol Preto Urbano Estilo, conforto e atitude em um s\u00f3 acess\u00f3rio. O \u00d3culos de Sol Preto Urbano foi desenvolvido para quem valoriza um&#8230;<\/p>\n","protected":false},"featured_media":5653,"comment_status":"open","ping_status":"closed","template":"","meta":[],"etheme_brands":[],"product_brand":[],"product_cat":[128,124],"product_tag":[133],"class_list":{"0":"post-5656","1":"product","2":"type-product","3":"status-publish","4":"has-post-thumbnail","6":"product_cat-categoriaculosculos-unisex","7":"product_cat-categoriaculos","8":"product_tag-uze-pratas","10":"first","11":"instock","12":"shipping-taxable","13":"purchasable","14":"product-type-simple"},"_links":{"self":[{"href":"https:\/\/agenciausphot.com\/uze\/wp-json\/wp\/v2\/product\/5656","targetHints":{"allow":["GET"]}}],"collection":[{"href":"https:\/\/agenciausphot.com\/uze\/wp-json\/wp\/v2\/product"}],"about":[{"href":"https:\/\/agenciausphot.com\/uze\/wp-json\/wp\/v2\/types\/product"}],"replies":[{"embeddable":true,"href":"https:\/\/agenciausphot.com\/uze\/wp-json\/wp\/v2\/comments?post=5656"}],"version-history":[{"count":1,"href":"https:\/\/agenciausphot.com\/uze\/wp-json\/wp\/v2\/product\/5656\/revisions"}],"predecessor-version":[{"id":6260,"href":"https:\/\/agenciausphot.com\/uze\/wp-json\/wp\/v2\/product\/5656\/revisions\/6260"}],"wp:featuredmedia":[{"embeddable":true,"href":"https:\/\/agenciausphot.com\/uze\/wp-json\/wp\/v2\/media\/5653"}],"wp:attachment":[{"href":"https:\/\/agenciausphot.com\/uze\/wp-json\/wp\/v2\/media?parent=5656"}],"wp:term":[{"taxonomy":"brand","embeddable":true,"href":"https:\/\/agenciausphot.com\/uze\/wp-json\/wp\/v2\/etheme_brands?post=5656"},{"taxonomy":"product_brand","embeddable":true,"href":"https:\/\/agenciausphot.com\/uze\/wp-json\/wp\/v2\/product_brand?post=5656"},{"taxonomy":"product_cat","embeddable":true,"href":"https:\/\/agenciausphot.com\/uze\/wp-json\/wp\/v2\/product_cat?post=5656"},{"taxonomy":"product_tag","embeddable":true,"href":"https:\/\/agenciausphot.com\/uze\/wp-json\/wp\/v2\/product_tag?post=5656"}],"curies":[{"name":"wp","href":"https:\/\/api.w.org\/{rel}","templated":true}]}}