{"id":5641,"date":"2025-10-29T13:14:21","date_gmt":"2025-10-29T13:14:21","guid":{"rendered":"https:\/\/agenciausphot.com\/uze\/produto\/oculos-de-sol-black-muse\/"},"modified":"2025-11-04T20:39:31","modified_gmt":"2025-11-04T20:39:31","slug":"oculos-de-sol-black-muse","status":"publish","type":"product","link":"https:\/\/agenciausphot.com\/uze\/produto\/oculos-de-sol-black-muse\/","title":{"rendered":"\u00d3culos de sol black muse"},"content":{"rendered":"<h3 data-start=\"83\" data-end=\"115\">\u00d3culos de Sol Amber Vision<\/h3>\n<p data-start=\"116\" data-end=\"405\">Elegante e cheio de estilo, o \u00d3culos de Sol Amber Vision \u00e9 perfeito para quem busca sofistica\u00e7\u00e3o e conforto em um \u00fanico acess\u00f3rio.<br data-start=\"246\" data-end=\"249\"><br \/>\nCom lentes em tom \u00e2mbar e design contempor\u00e2neo, ele oferece prote\u00e7\u00e3o total contra os raios UV, al\u00e9m de um visual moderno e marcante para qualquer ocasi\u00e3o.<\/p>\n<p data-start=\"407\" data-end=\"433\"><strong data-start=\"407\" data-end=\"431\">Detalhes do produto:<\/strong><\/p>\n<ul data-start=\"434\" data-end=\"628\">\n<li data-start=\"434\" data-end=\"458\">\n<p data-start=\"436\" data-end=\"458\">Modelo: Amber Vision<\/p>\n<\/li>\n<li data-start=\"459\" data-end=\"513\">\n<p data-start=\"461\" data-end=\"513\">Arma\u00e7\u00e3o: Leve, resistente e com acabamento premium<\/p>\n<\/li>\n<li data-start=\"514\" data-end=\"550\">\n<p data-start=\"516\" data-end=\"550\">Lentes: \u00c2mbar com prote\u00e7\u00e3o UV400<\/p>\n<\/li>\n<li data-start=\"551\" data-end=\"581\">\n<p data-start=\"553\" data-end=\"581\">Estilo: Unissex e vers\u00e1til<\/p>\n<\/li>\n<li data-start=\"582\" data-end=\"628\">\n<p data-start=\"584\" data-end=\"628\">Indica\u00e7\u00e3o: Uso di\u00e1rio e ocasi\u00f5es especiais<\/p>\n<\/li>\n<\/ul>\n<p data-start=\"630\" data-end=\"750\">Um acess\u00f3rio que combina eleg\u00e2ncia, conforto e personalidade \u2014 ideal para quem gosta de se destacar com autenticidade.<\/p>\n","protected":false},"excerpt":{"rendered":"<p>\u00d3culos de Sol Amber Vision Elegante e cheio de estilo, o \u00d3culos de Sol Amber Vision \u00e9 perfeito para quem busca sofistica\u00e7\u00e3o e conforto em&#8230;<\/p>\n","protected":false},"featured_media":5638,"comment_status":"open","ping_status":"closed","template":"","meta":[],"etheme_brands":[],"product_brand":[],"product_cat":[126,124],"product_tag":[133],"class_list":{"0":"post-5641","1":"product","2":"type-product","3":"status-publish","4":"has-post-thumbnail","6":"product_cat-categoriaculosculos-feminino","7":"product_cat-categoriaculos","8":"product_tag-uze-pratas","10":"first","11":"instock","12":"shipping-taxable","13":"purchasable","14":"product-type-simple"},"_links":{"self":[{"href":"https:\/\/agenciausphot.com\/uze\/wp-json\/wp\/v2\/product\/5641","targetHints":{"allow":["GET"]}}],"collection":[{"href":"https:\/\/agenciausphot.com\/uze\/wp-json\/wp\/v2\/product"}],"about":[{"href":"https:\/\/agenciausphot.com\/uze\/wp-json\/wp\/v2\/types\/product"}],"replies":[{"embeddable":true,"href":"https:\/\/agenciausphot.com\/uze\/wp-json\/wp\/v2\/comments?post=5641"}],"version-history":[{"count":1,"href":"https:\/\/agenciausphot.com\/uze\/wp-json\/wp\/v2\/product\/5641\/revisions"}],"predecessor-version":[{"id":6256,"href":"https:\/\/agenciausphot.com\/uze\/wp-json\/wp\/v2\/product\/5641\/revisions\/6256"}],"wp:featuredmedia":[{"embeddable":true,"href":"https:\/\/agenciausphot.com\/uze\/wp-json\/wp\/v2\/media\/5638"}],"wp:attachment":[{"href":"https:\/\/agenciausphot.com\/uze\/wp-json\/wp\/v2\/media?parent=5641"}],"wp:term":[{"taxonomy":"brand","embeddable":true,"href":"https:\/\/agenciausphot.com\/uze\/wp-json\/wp\/v2\/etheme_brands?post=5641"},{"taxonomy":"product_brand","embeddable":true,"href":"https:\/\/agenciausphot.com\/uze\/wp-json\/wp\/v2\/product_brand?post=5641"},{"taxonomy":"product_cat","embeddable":true,"href":"https:\/\/agenciausphot.com\/uze\/wp-json\/wp\/v2\/product_cat?post=5641"},{"taxonomy":"product_tag","embeddable":true,"href":"https:\/\/agenciausphot.com\/uze\/wp-json\/wp\/v2\/product_tag?post=5641"}],"curies":[{"name":"wp","href":"https:\/\/api.w.org\/{rel}","templated":true}]}}