{"id":5584,"date":"2025-10-29T13:13:25","date_gmt":"2025-10-29T13:13:25","guid":{"rendered":"https:\/\/agenciausphot.com\/uze\/produto\/oculos-de-sol-aviador-joy-2-0-c6\/"},"modified":"2026-01-12T15:14:45","modified_gmt":"2026-01-12T15:14:45","slug":"oculos-de-sol-aviador-joy-2-0-c6","status":"publish","type":"product","link":"https:\/\/agenciausphot.com\/uze\/produto\/oculos-de-sol-aviador-joy-2-0-c6\/","title":{"rendered":"\u00d3culos de sol aviador joy 2.0 c6"},"content":{"rendered":"<h3 style=\"font-size: 20px;font-weight: 700;margin-top: 0px;font-family: Montserrat, sans-serif\"><strong>\u00d3culos de Sol Aviador Joy 2.0<\/strong><\/h3>\n<p style=\"line-height: 20px;font-family: Montserrat, sans-serif;font-size: 14px\">Largura total &#8211; 15&nbsp;cm<br \/>Largura lente &#8211; 6&nbsp;cm<br \/>Altura&nbsp; &#8211; 5,3&nbsp;cm&nbsp;<br \/>Ponte &#8211; 1,5&nbsp;cm<br \/>Hastes &#8211;&nbsp;15&nbsp;cm&nbsp;<br \/>Apoio de nariz: com&nbsp;paletas.<br \/>&nbsp;<\/p>\n<h3 style=\"font-size: 20px;font-weight: 700;margin-top: 0px;font-family: Montserrat, sans-serif\"><strong>Produto<\/strong><\/h3>\n<p style=\"line-height: 20px;font-family: Montserrat, sans-serif;font-size: 14px\">Nosso \u00f3culos&nbsp;Aviador Joy 2.0 possui arma\u00e7\u00e3o 100% em Metal Anticorrosivo de&nbsp;<strong>Alta qualidade&nbsp;<\/strong>protegido contra descascamento provocado por suor e \u00e1gua.<\/p>\n<h3 style=\"font-size: 20px;font-weight: 700;margin-top: 0px;font-family: Montserrat, sans-serif\"><strong>Lente com prote\u00e7\u00e3o UV400<\/strong><\/h3>\n<p style=\"line-height: 20px;font-family: Montserrat, sans-serif;font-size: 14px\">Todas as lentes dos nossos \u00f3culos s\u00e3o em Policabonato,&nbsp;possuem&nbsp;<strong>prote\u00e7\u00e3o UV400<\/strong>, o que protege seus olhos do contato direto com os raios solares.<\/p>\n","protected":false},"excerpt":{"rendered":"<p>\u00d3culos de Sol Aviador Joy 2.0 Largura total &#8211; 15&nbsp;cmLargura lente &#8211; 6&nbsp;cmAltura&nbsp; &#8211; 5,3&nbsp;cm&nbsp;Ponte &#8211; 1,5&nbsp;cmHastes &#8211;&nbsp;15&nbsp;cm&nbsp;Apoio de nariz: com&nbsp;paletas.&nbsp; Produto Nosso \u00f3culos&nbsp;Aviador Joy&#8230;<\/p>\n","protected":false},"featured_media":5581,"comment_status":"open","ping_status":"closed","template":"","meta":[],"etheme_brands":[],"product_brand":[],"product_cat":[128,124],"product_tag":[133],"class_list":{"0":"post-5584","1":"product","2":"type-product","3":"status-publish","4":"has-post-thumbnail","6":"product_cat-categoriaculosculos-unisex","7":"product_cat-categoriaculos","8":"product_tag-uze-pratas","10":"first","11":"instock","12":"shipping-taxable","13":"purchasable","14":"product-type-simple"},"_links":{"self":[{"href":"https:\/\/agenciausphot.com\/uze\/wp-json\/wp\/v2\/product\/5584","targetHints":{"allow":["GET"]}}],"collection":[{"href":"https:\/\/agenciausphot.com\/uze\/wp-json\/wp\/v2\/product"}],"about":[{"href":"https:\/\/agenciausphot.com\/uze\/wp-json\/wp\/v2\/types\/product"}],"replies":[{"embeddable":true,"href":"https:\/\/agenciausphot.com\/uze\/wp-json\/wp\/v2\/comments?post=5584"}],"version-history":[{"count":1,"href":"https:\/\/agenciausphot.com\/uze\/wp-json\/wp\/v2\/product\/5584\/revisions"}],"predecessor-version":[{"id":6243,"href":"https:\/\/agenciausphot.com\/uze\/wp-json\/wp\/v2\/product\/5584\/revisions\/6243"}],"wp:featuredmedia":[{"embeddable":true,"href":"https:\/\/agenciausphot.com\/uze\/wp-json\/wp\/v2\/media\/5581"}],"wp:attachment":[{"href":"https:\/\/agenciausphot.com\/uze\/wp-json\/wp\/v2\/media?parent=5584"}],"wp:term":[{"taxonomy":"brand","embeddable":true,"href":"https:\/\/agenciausphot.com\/uze\/wp-json\/wp\/v2\/etheme_brands?post=5584"},{"taxonomy":"product_brand","embeddable":true,"href":"https:\/\/agenciausphot.com\/uze\/wp-json\/wp\/v2\/product_brand?post=5584"},{"taxonomy":"product_cat","embeddable":true,"href":"https:\/\/agenciausphot.com\/uze\/wp-json\/wp\/v2\/product_cat?post=5584"},{"taxonomy":"product_tag","embeddable":true,"href":"https:\/\/agenciausphot.com\/uze\/wp-json\/wp\/v2\/product_tag?post=5584"}],"curies":[{"name":"wp","href":"https:\/\/api.w.org\/{rel}","templated":true}]}}