{"id":5574,"date":"2025-10-29T13:13:16","date_gmt":"2025-10-29T13:13:16","guid":{"rendered":"https:\/\/agenciausphot.com\/uze\/produto\/corrente-elos-coracao-prata-925\/"},"modified":"2025-12-22T16:27:31","modified_gmt":"2025-12-22T16:27:31","slug":"corrente-elos-coracao-prata-925","status":"publish","type":"product","link":"https:\/\/agenciausphot.com\/uze\/produto\/corrente-elos-coracao-prata-925\/","title":{"rendered":"Corrente elos cora\u00e7\u00e3o prata 925"},"content":{"rendered":"<h3 data-start=\"91\" data-end=\"131\">Corrente Elos Cora\u00e7\u00e3o em Prata 925<\/h3>\n<p data-start=\"132\" data-end=\"472\">Rom\u00e2ntica e elegante, a Corrente Elos Cora\u00e7\u00e3o \u00e9 confeccionada em prata 925 leg\u00edtima e possui design encantador com elos em formato de cora\u00e7\u00e3o, que simbolizam amor e delicadeza.<br data-start=\"308\" data-end=\"311\"><br \/>\nCom acabamento polido e brilho intenso, \u00e9 uma joia vers\u00e1til que pode ser usada sozinha ou combinada com pingentes para compor um visual cheio de personalidade.<\/p>\n<p data-start=\"474\" data-end=\"500\"><strong data-start=\"474\" data-end=\"498\">Detalhes do produto:<\/strong><\/p>\n<ul data-start=\"501\" data-end=\"691\">\n<li data-start=\"501\" data-end=\"533\">\n<p data-start=\"503\" data-end=\"533\">Material: Prata 925 leg\u00edtima<\/p>\n<\/li>\n<li data-start=\"534\" data-end=\"572\">\n<p data-start=\"536\" data-end=\"572\">Design: Elos em formato de cora\u00e7\u00e3o<\/p>\n<\/li>\n<li data-start=\"573\" data-end=\"605\">\n<p data-start=\"575\" data-end=\"605\">Acabamento: Liso e brilhante<\/p>\n<\/li>\n<li data-start=\"606\" data-end=\"635\">\n<p data-start=\"608\" data-end=\"635\">Fecho resistente e seguro<\/p>\n<\/li>\n<li data-start=\"636\" data-end=\"662\">\n<p data-start=\"638\" data-end=\"662\">Produto hipoalerg\u00eanico<\/p>\n<\/li>\n<li data-start=\"663\" data-end=\"691\">\n<p data-start=\"665\" data-end=\"691\">Garantia eterna da prata<\/p>\n<\/li>\n<\/ul>\n","protected":false},"excerpt":{"rendered":"<p>Corrente Elos Cora\u00e7\u00e3o em Prata 925 Rom\u00e2ntica e elegante, a Corrente Elos Cora\u00e7\u00e3o \u00e9 confeccionada em prata 925 leg\u00edtima e possui design encantador com elos&#8230;<\/p>\n","protected":false},"featured_media":5573,"comment_status":"open","ping_status":"closed","template":"","meta":[],"etheme_brands":[],"product_brand":[],"product_cat":[106,93],"product_tag":[133],"class_list":{"0":"post-5574","1":"product","2":"type-product","3":"status-publish","4":"has-post-thumbnail","6":"product_cat-categoriacolarescolar-feminino","7":"product_cat-categoriacolares","8":"product_tag-uze-pratas","10":"first","11":"outofstock","12":"shipping-taxable","13":"product-type-variable"},"_links":{"self":[{"href":"https:\/\/agenciausphot.com\/uze\/wp-json\/wp\/v2\/product\/5574","targetHints":{"allow":["GET"]}}],"collection":[{"href":"https:\/\/agenciausphot.com\/uze\/wp-json\/wp\/v2\/product"}],"about":[{"href":"https:\/\/agenciausphot.com\/uze\/wp-json\/wp\/v2\/types\/product"}],"replies":[{"embeddable":true,"href":"https:\/\/agenciausphot.com\/uze\/wp-json\/wp\/v2\/comments?post=5574"}],"version-history":[{"count":1,"href":"https:\/\/agenciausphot.com\/uze\/wp-json\/wp\/v2\/product\/5574\/revisions"}],"predecessor-version":[{"id":6240,"href":"https:\/\/agenciausphot.com\/uze\/wp-json\/wp\/v2\/product\/5574\/revisions\/6240"}],"wp:featuredmedia":[{"embeddable":true,"href":"https:\/\/agenciausphot.com\/uze\/wp-json\/wp\/v2\/media\/5573"}],"wp:attachment":[{"href":"https:\/\/agenciausphot.com\/uze\/wp-json\/wp\/v2\/media?parent=5574"}],"wp:term":[{"taxonomy":"brand","embeddable":true,"href":"https:\/\/agenciausphot.com\/uze\/wp-json\/wp\/v2\/etheme_brands?post=5574"},{"taxonomy":"product_brand","embeddable":true,"href":"https:\/\/agenciausphot.com\/uze\/wp-json\/wp\/v2\/product_brand?post=5574"},{"taxonomy":"product_cat","embeddable":true,"href":"https:\/\/agenciausphot.com\/uze\/wp-json\/wp\/v2\/product_cat?post=5574"},{"taxonomy":"product_tag","embeddable":true,"href":"https:\/\/agenciausphot.com\/uze\/wp-json\/wp\/v2\/product_tag?post=5574"}],"curies":[{"name":"wp","href":"https:\/\/api.w.org\/{rel}","templated":true}]}}