{"id":5560,"date":"2025-10-29T13:13:04","date_gmt":"2025-10-29T13:13:04","guid":{"rendered":"https:\/\/agenciausphot.com\/uze\/produto\/pingente-face-de-cristo\/"},"modified":"2025-11-04T20:39:14","modified_gmt":"2025-11-04T20:39:14","slug":"pingente-face-de-cristo","status":"publish","type":"product","link":"https:\/\/agenciausphot.com\/uze\/produto\/pingente-face-de-cristo\/","title":{"rendered":"Pingente face de cristo"},"content":{"rendered":"<h3 data-start=\"93\" data-end=\"135\">Pingente Face de Cristo em Prata 925<\/h3>\n<p data-start=\"136\" data-end=\"439\">S\u00edmbolo de f\u00e9 e devo\u00e7\u00e3o, o Pingente Face de Cristo \u00e9 confeccionado em prata 925 leg\u00edtima e traz o rosto de Cristo em um design detalhado e expressivo.<br data-start=\"286\" data-end=\"289\"><br \/>\nCom acabamento polido e tra\u00e7os finos, \u00e9 uma joia que transmite prote\u00e7\u00e3o, espiritualidade e significado, perfeita para carregar sua f\u00e9 todos os dias.<\/p>\n<p data-start=\"441\" data-end=\"467\"><strong data-start=\"441\" data-end=\"465\">Detalhes do produto:<\/strong><\/p>\n<ul data-start=\"468\" data-end=\"669\">\n<li data-start=\"468\" data-end=\"500\">\n<p data-start=\"470\" data-end=\"500\">Material: Prata 925 leg\u00edtima<\/p>\n<\/li>\n<li data-start=\"501\" data-end=\"538\">\n<p data-start=\"503\" data-end=\"538\">Design: Face de Cristo estilizada<\/p>\n<\/li>\n<li data-start=\"539\" data-end=\"571\">\n<p data-start=\"541\" data-end=\"571\">Acabamento: Liso e brilhante<\/p>\n<\/li>\n<li data-start=\"572\" data-end=\"613\">\n<p data-start=\"574\" data-end=\"613\">Compat\u00edvel com correntes de prata 925<\/p>\n<\/li>\n<li data-start=\"614\" data-end=\"640\">\n<p data-start=\"616\" data-end=\"640\">Produto hipoalerg\u00eanico<\/p>\n<\/li>\n<li data-start=\"641\" data-end=\"669\">\n<p data-start=\"643\" data-end=\"669\">Garantia eterna da prata<\/p>\n<\/li>\n<\/ul>\n","protected":false},"excerpt":{"rendered":"<p>Pingente Face de Cristo em Prata 925 S\u00edmbolo de f\u00e9 e devo\u00e7\u00e3o, o Pingente Face de Cristo \u00e9 confeccionado em prata 925 leg\u00edtima e traz&#8230;<\/p>\n","protected":false},"featured_media":5559,"comment_status":"open","ping_status":"closed","template":"","meta":[],"etheme_brands":[],"product_brand":[],"product_cat":[120,118],"product_tag":[133],"class_list":{"0":"post-5560","1":"product","2":"type-product","3":"status-publish","4":"has-post-thumbnail","6":"product_cat-categoriapingentespingente-masculino","7":"product_cat-categoriapingentes","8":"product_tag-uze-pratas","10":"first","11":"instock","12":"shipping-taxable","13":"purchasable","14":"product-type-simple"},"_links":{"self":[{"href":"https:\/\/agenciausphot.com\/uze\/wp-json\/wp\/v2\/product\/5560","targetHints":{"allow":["GET"]}}],"collection":[{"href":"https:\/\/agenciausphot.com\/uze\/wp-json\/wp\/v2\/product"}],"about":[{"href":"https:\/\/agenciausphot.com\/uze\/wp-json\/wp\/v2\/types\/product"}],"replies":[{"embeddable":true,"href":"https:\/\/agenciausphot.com\/uze\/wp-json\/wp\/v2\/comments?post=5560"}],"version-history":[{"count":1,"href":"https:\/\/agenciausphot.com\/uze\/wp-json\/wp\/v2\/product\/5560\/revisions"}],"predecessor-version":[{"id":6235,"href":"https:\/\/agenciausphot.com\/uze\/wp-json\/wp\/v2\/product\/5560\/revisions\/6235"}],"wp:featuredmedia":[{"embeddable":true,"href":"https:\/\/agenciausphot.com\/uze\/wp-json\/wp\/v2\/media\/5559"}],"wp:attachment":[{"href":"https:\/\/agenciausphot.com\/uze\/wp-json\/wp\/v2\/media?parent=5560"}],"wp:term":[{"taxonomy":"brand","embeddable":true,"href":"https:\/\/agenciausphot.com\/uze\/wp-json\/wp\/v2\/etheme_brands?post=5560"},{"taxonomy":"product_brand","embeddable":true,"href":"https:\/\/agenciausphot.com\/uze\/wp-json\/wp\/v2\/product_brand?post=5560"},{"taxonomy":"product_cat","embeddable":true,"href":"https:\/\/agenciausphot.com\/uze\/wp-json\/wp\/v2\/product_cat?post=5560"},{"taxonomy":"product_tag","embeddable":true,"href":"https:\/\/agenciausphot.com\/uze\/wp-json\/wp\/v2\/product_tag?post=5560"}],"curies":[{"name":"wp","href":"https:\/\/api.w.org\/{rel}","templated":true}]}}