{"id":5552,"date":"2025-10-29T13:12:58","date_gmt":"2025-10-29T13:12:58","guid":{"rendered":"https:\/\/agenciausphot.com\/uze\/produto\/trava-de-seguranca-cravejada-prata\/"},"modified":"2026-01-12T15:14:44","modified_gmt":"2026-01-12T15:14:44","slug":"trava-de-seguranca-cravejada-prata","status":"publish","type":"product","link":"https:\/\/agenciausphot.com\/uze\/produto\/trava-de-seguranca-cravejada-prata\/","title":{"rendered":"Trava de seguran\u00e7a cravejada prata"},"content":{"rendered":"<h3 data-start=\"98\" data-end=\"145\">Trava de Seguran\u00e7a Cravejada em Prata 925<\/h3>\n<p data-start=\"146\" data-end=\"459\">Elegante e essencial, a Trava de Seguran\u00e7a Cravejada \u00e9 confeccionada em prata 925 leg\u00edtima e possui zirc\u00f4nias cravejadas que garantem brilho e sofistica\u00e7\u00e3o \u00e0 sua pulseira de berloques.<br data-start=\"330\" data-end=\"333\"><br \/>\nAl\u00e9m de proteger suas joias contra a abertura acidental da pulseira, ela adiciona um toque de luxo e eleg\u00e2ncia \u00e0 composi\u00e7\u00e3o.<\/p>\n<p data-start=\"461\" data-end=\"487\"><strong data-start=\"461\" data-end=\"485\">Detalhes do produto:<\/strong><\/p>\n<ul data-start=\"488\" data-end=\"818\">\n<li data-start=\"488\" data-end=\"520\">\n<p data-start=\"490\" data-end=\"520\">Material: Prata 925 leg\u00edtima<\/p>\n<\/li>\n<li data-start=\"521\" data-end=\"563\">\n<p data-start=\"523\" data-end=\"563\">Design: Trava com zirc\u00f4nias cravejadas<\/p>\n<\/li>\n<li data-start=\"564\" data-end=\"610\">\n<p data-start=\"566\" data-end=\"610\">Pedra: Zirc\u00f4nias brancas de alta qualidade<\/p>\n<\/li>\n<li data-start=\"611\" data-end=\"674\">\n<p data-start=\"613\" data-end=\"674\">Fun\u00e7\u00e3o: Evita a abertura da pulseira e protege os berloques<\/p>\n<\/li>\n<li data-start=\"675\" data-end=\"709\">\n<p data-start=\"677\" data-end=\"709\">Acabamento: Polido e brilhante<\/p>\n<\/li>\n<li data-start=\"710\" data-end=\"762\">\n<p data-start=\"712\" data-end=\"762\">Compat\u00edvel com pulseiras de berloques universais<\/p>\n<\/li>\n<li data-start=\"763\" data-end=\"789\">\n<p data-start=\"765\" data-end=\"789\">Produto hipoalerg\u00eanico<\/p>\n<\/li>\n<li data-start=\"790\" data-end=\"818\">\n<p data-start=\"792\" data-end=\"818\">Garantia eterna da prata<\/p>\n<\/li>\n<\/ul>\n<p data-start=\"820\" data-end=\"953\">\n","protected":false},"excerpt":{"rendered":"<p>Trava de Seguran\u00e7a Cravejada em Prata 925 Elegante e essencial, a Trava de Seguran\u00e7a Cravejada \u00e9 confeccionada em prata 925 leg\u00edtima e possui zirc\u00f4nias cravejadas&#8230;<\/p>\n","protected":false},"featured_media":5551,"comment_status":"open","ping_status":"closed","template":"","meta":[],"etheme_brands":[],"product_brand":[],"product_cat":[127],"product_tag":[133],"class_list":{"0":"post-5552","1":"product","2":"type-product","3":"status-publish","4":"has-post-thumbnail","6":"product_cat-categoriaberloques","7":"product_tag-uze-pratas","9":"first","10":"instock","11":"shipping-taxable","12":"purchasable","13":"product-type-simple"},"_links":{"self":[{"href":"https:\/\/agenciausphot.com\/uze\/wp-json\/wp\/v2\/product\/5552","targetHints":{"allow":["GET"]}}],"collection":[{"href":"https:\/\/agenciausphot.com\/uze\/wp-json\/wp\/v2\/product"}],"about":[{"href":"https:\/\/agenciausphot.com\/uze\/wp-json\/wp\/v2\/types\/product"}],"replies":[{"embeddable":true,"href":"https:\/\/agenciausphot.com\/uze\/wp-json\/wp\/v2\/comments?post=5552"}],"version-history":[{"count":1,"href":"https:\/\/agenciausphot.com\/uze\/wp-json\/wp\/v2\/product\/5552\/revisions"}],"predecessor-version":[{"id":6231,"href":"https:\/\/agenciausphot.com\/uze\/wp-json\/wp\/v2\/product\/5552\/revisions\/6231"}],"wp:featuredmedia":[{"embeddable":true,"href":"https:\/\/agenciausphot.com\/uze\/wp-json\/wp\/v2\/media\/5551"}],"wp:attachment":[{"href":"https:\/\/agenciausphot.com\/uze\/wp-json\/wp\/v2\/media?parent=5552"}],"wp:term":[{"taxonomy":"brand","embeddable":true,"href":"https:\/\/agenciausphot.com\/uze\/wp-json\/wp\/v2\/etheme_brands?post=5552"},{"taxonomy":"product_brand","embeddable":true,"href":"https:\/\/agenciausphot.com\/uze\/wp-json\/wp\/v2\/product_brand?post=5552"},{"taxonomy":"product_cat","embeddable":true,"href":"https:\/\/agenciausphot.com\/uze\/wp-json\/wp\/v2\/product_cat?post=5552"},{"taxonomy":"product_tag","embeddable":true,"href":"https:\/\/agenciausphot.com\/uze\/wp-json\/wp\/v2\/product_tag?post=5552"}],"curies":[{"name":"wp","href":"https:\/\/api.w.org\/{rel}","templated":true}]}}