{"id":5544,"date":"2025-10-29T13:12:53","date_gmt":"2025-10-29T13:12:53","guid":{"rendered":"https:\/\/agenciausphot.com\/uze\/produto\/berloque-redondo-medicina\/"},"modified":"2025-12-05T04:41:36","modified_gmt":"2025-12-05T04:41:36","slug":"berloque-redondo-medicina","status":"publish","type":"product","link":"https:\/\/agenciausphot.com\/uze\/produto\/berloque-redondo-medicina\/","title":{"rendered":"Berloque redondo medicina"},"content":{"rendered":"<h3 data-start=\"95\" data-end=\"139\">Berloque Redondo Medicina em Prata 925<\/h3>\n<p data-start=\"140\" data-end=\"473\">Cheio de significado e estilo, o Berloque Redondo Medicina \u00e9 confeccionado em prata 925 leg\u00edtima e traz o s\u00edmbolo da medicina em destaque, representando cuidado, dedica\u00e7\u00e3o e amor \u00e0 profiss\u00e3o.<br data-start=\"331\" data-end=\"334\"><br \/>\nCom design redondo e acabamento polido, \u00e9 uma joia elegante e especial, ideal para m\u00e9dicas, estudantes ou apaixonadas pela \u00e1rea da sa\u00fade.<\/p>\n<p data-start=\"475\" data-end=\"501\"><strong data-start=\"475\" data-end=\"499\">Detalhes do produto:<\/strong><\/p>\n<ul data-start=\"502\" data-end=\"727\">\n<li data-start=\"502\" data-end=\"534\">\n<p data-start=\"504\" data-end=\"534\">Material: Prata 925 leg\u00edtima<\/p>\n<\/li>\n<li data-start=\"535\" data-end=\"585\">\n<p data-start=\"537\" data-end=\"585\">Design: S\u00edmbolo da medicina em formato redondo<\/p>\n<\/li>\n<li data-start=\"586\" data-end=\"618\">\n<p data-start=\"588\" data-end=\"618\">Acabamento: Liso e brilhante<\/p>\n<\/li>\n<li data-start=\"619\" data-end=\"671\">\n<p data-start=\"621\" data-end=\"671\">Compat\u00edvel com pulseiras de berloques universais<\/p>\n<\/li>\n<li data-start=\"672\" data-end=\"698\">\n<p data-start=\"674\" data-end=\"698\">Produto hipoalerg\u00eanico<\/p>\n<\/li>\n<li data-start=\"699\" data-end=\"727\">\n<p data-start=\"701\" data-end=\"727\">Garantia eterna da prata<\/p>\n<\/li>\n<\/ul>\n","protected":false},"excerpt":{"rendered":"<p>Berloque Redondo Medicina em Prata 925 Cheio de significado e estilo, o Berloque Redondo Medicina \u00e9 confeccionado em prata 925 leg\u00edtima e traz o s\u00edmbolo&#8230;<\/p>\n","protected":false},"featured_media":5543,"comment_status":"open","ping_status":"closed","template":"","meta":[],"etheme_brands":[],"product_brand":[],"product_cat":[127],"product_tag":[133],"class_list":{"0":"post-5544","1":"product","2":"type-product","3":"status-publish","4":"has-post-thumbnail","6":"product_cat-categoriaberloques","7":"product_tag-uze-pratas","9":"first","10":"instock","11":"shipping-taxable","12":"purchasable","13":"product-type-simple"},"_links":{"self":[{"href":"https:\/\/agenciausphot.com\/uze\/wp-json\/wp\/v2\/product\/5544","targetHints":{"allow":["GET"]}}],"collection":[{"href":"https:\/\/agenciausphot.com\/uze\/wp-json\/wp\/v2\/product"}],"about":[{"href":"https:\/\/agenciausphot.com\/uze\/wp-json\/wp\/v2\/types\/product"}],"replies":[{"embeddable":true,"href":"https:\/\/agenciausphot.com\/uze\/wp-json\/wp\/v2\/comments?post=5544"}],"version-history":[{"count":1,"href":"https:\/\/agenciausphot.com\/uze\/wp-json\/wp\/v2\/product\/5544\/revisions"}],"predecessor-version":[{"id":6227,"href":"https:\/\/agenciausphot.com\/uze\/wp-json\/wp\/v2\/product\/5544\/revisions\/6227"}],"wp:featuredmedia":[{"embeddable":true,"href":"https:\/\/agenciausphot.com\/uze\/wp-json\/wp\/v2\/media\/5543"}],"wp:attachment":[{"href":"https:\/\/agenciausphot.com\/uze\/wp-json\/wp\/v2\/media?parent=5544"}],"wp:term":[{"taxonomy":"brand","embeddable":true,"href":"https:\/\/agenciausphot.com\/uze\/wp-json\/wp\/v2\/etheme_brands?post=5544"},{"taxonomy":"product_brand","embeddable":true,"href":"https:\/\/agenciausphot.com\/uze\/wp-json\/wp\/v2\/product_brand?post=5544"},{"taxonomy":"product_cat","embeddable":true,"href":"https:\/\/agenciausphot.com\/uze\/wp-json\/wp\/v2\/product_cat?post=5544"},{"taxonomy":"product_tag","embeddable":true,"href":"https:\/\/agenciausphot.com\/uze\/wp-json\/wp\/v2\/product_tag?post=5544"}],"curies":[{"name":"wp","href":"https:\/\/api.w.org\/{rel}","templated":true}]}}