{"id":5534,"date":"2025-10-29T13:12:45","date_gmt":"2025-10-29T13:12:45","guid":{"rendered":"https:\/\/agenciausphot.com\/uze\/produto\/berloque-mini-hibisco\/"},"modified":"2025-11-04T20:39:06","modified_gmt":"2025-11-04T20:39:06","slug":"berloque-mini-hibisco","status":"publish","type":"product","link":"https:\/\/agenciausphot.com\/uze\/produto\/berloque-mini-hibisco\/","title":{"rendered":"Berloque mini h\u00edbisco"},"content":{"rendered":"<hr data-start=\"86\" data-end=\"89\">\n<h3 data-start=\"91\" data-end=\"131\">Berloque Mini Hibisco em Prata 925<\/h3>\n<p data-start=\"132\" data-end=\"457\">Delicado e cheio de charme, o Berloque Mini Hibisco \u00e9 confeccionado em prata 925 leg\u00edtima e traz o s\u00edmbolo da flor hibisco, conhecida por representar beleza, feminilidade e boas energias.<br data-start=\"319\" data-end=\"322\"><br \/>\nCom acabamento polido e detalhes sutis, \u00e9 uma pe\u00e7a encantadora que adiciona um toque tropical e elegante \u00e0 sua pulseira de berloques.<\/p>\n<p data-start=\"459\" data-end=\"485\"><strong data-start=\"459\" data-end=\"483\">Detalhes do produto:<\/strong><\/p>\n<ul data-start=\"486\" data-end=\"703\">\n<li data-start=\"486\" data-end=\"518\">\n<p data-start=\"488\" data-end=\"518\">Material: Prata 925 leg\u00edtima<\/p>\n<\/li>\n<li data-start=\"519\" data-end=\"561\">\n<p data-start=\"521\" data-end=\"561\">Design: Flor de hibisco em vers\u00e3o mini<\/p>\n<\/li>\n<li data-start=\"562\" data-end=\"594\">\n<p data-start=\"564\" data-end=\"594\">Acabamento: Liso e brilhante<\/p>\n<\/li>\n<li data-start=\"595\" data-end=\"647\">\n<p data-start=\"597\" data-end=\"647\">Compat\u00edvel com pulseiras de berloques universais<\/p>\n<\/li>\n<li data-start=\"648\" data-end=\"674\">\n<p data-start=\"650\" data-end=\"674\">Produto hipoalerg\u00eanico<\/p>\n<\/li>\n<li data-start=\"675\" data-end=\"703\">\n<p data-start=\"677\" data-end=\"703\">Garantia eterna da prata<\/p>\n<\/li>\n<\/ul>\n","protected":false},"excerpt":{"rendered":"<p>Berloque Mini Hibisco em Prata 925 Delicado e cheio de charme, o Berloque Mini Hibisco \u00e9 confeccionado em prata 925 leg\u00edtima e traz o s\u00edmbolo&#8230;<\/p>\n","protected":false},"featured_media":5533,"comment_status":"open","ping_status":"closed","template":"","meta":[],"etheme_brands":[],"product_brand":[],"product_cat":[127],"product_tag":[133],"class_list":{"0":"post-5534","1":"product","2":"type-product","3":"status-publish","4":"has-post-thumbnail","6":"product_cat-categoriaberloques","7":"product_tag-uze-pratas","9":"first","10":"instock","11":"shipping-taxable","12":"purchasable","13":"product-type-simple"},"_links":{"self":[{"href":"https:\/\/agenciausphot.com\/uze\/wp-json\/wp\/v2\/product\/5534","targetHints":{"allow":["GET"]}}],"collection":[{"href":"https:\/\/agenciausphot.com\/uze\/wp-json\/wp\/v2\/product"}],"about":[{"href":"https:\/\/agenciausphot.com\/uze\/wp-json\/wp\/v2\/types\/product"}],"replies":[{"embeddable":true,"href":"https:\/\/agenciausphot.com\/uze\/wp-json\/wp\/v2\/comments?post=5534"}],"version-history":[{"count":1,"href":"https:\/\/agenciausphot.com\/uze\/wp-json\/wp\/v2\/product\/5534\/revisions"}],"predecessor-version":[{"id":6222,"href":"https:\/\/agenciausphot.com\/uze\/wp-json\/wp\/v2\/product\/5534\/revisions\/6222"}],"wp:featuredmedia":[{"embeddable":true,"href":"https:\/\/agenciausphot.com\/uze\/wp-json\/wp\/v2\/media\/5533"}],"wp:attachment":[{"href":"https:\/\/agenciausphot.com\/uze\/wp-json\/wp\/v2\/media?parent=5534"}],"wp:term":[{"taxonomy":"brand","embeddable":true,"href":"https:\/\/agenciausphot.com\/uze\/wp-json\/wp\/v2\/etheme_brands?post=5534"},{"taxonomy":"product_brand","embeddable":true,"href":"https:\/\/agenciausphot.com\/uze\/wp-json\/wp\/v2\/product_brand?post=5534"},{"taxonomy":"product_cat","embeddable":true,"href":"https:\/\/agenciausphot.com\/uze\/wp-json\/wp\/v2\/product_cat?post=5534"},{"taxonomy":"product_tag","embeddable":true,"href":"https:\/\/agenciausphot.com\/uze\/wp-json\/wp\/v2\/product_tag?post=5534"}],"curies":[{"name":"wp","href":"https:\/\/api.w.org\/{rel}","templated":true}]}}