{"id":5528,"date":"2025-10-29T13:12:41","date_gmt":"2025-10-29T13:12:41","guid":{"rendered":"https:\/\/agenciausphot.com\/uze\/produto\/berloque-flor-5-petalas-2\/"},"modified":"2025-12-22T16:26:17","modified_gmt":"2025-12-22T16:26:17","slug":"berloque-flor-5-petalas-2","status":"publish","type":"product","link":"https:\/\/agenciausphot.com\/uze\/produto\/berloque-flor-5-petalas-2\/","title":{"rendered":"Berloque flor 5 petalas."},"content":{"rendered":"<h3 data-start=\"93\" data-end=\"135\">Berloque Flor 5 P\u00e9talas em Prata 925<\/h3>\n<p data-start=\"136\" data-end=\"439\">Delicado e encantador, o Berloque Flor 5 P\u00e9talas \u00e9 confeccionado em prata 925 leg\u00edtima e traz um design floral cl\u00e1ssico que simboliza leveza, beleza e renova\u00e7\u00e3o.<br data-start=\"297\" data-end=\"300\"><br \/>\nCom acabamento polido e detalhes bem definidos, \u00e9 uma pe\u00e7a que adiciona um toque de feminilidade e eleg\u00e2ncia \u00e0 sua pulseira de berloques.<\/p>\n<p data-start=\"441\" data-end=\"467\"><strong data-start=\"441\" data-end=\"465\">Detalhes do produto:<\/strong><\/p>\n<ul data-start=\"468\" data-end=\"677\">\n<li data-start=\"468\" data-end=\"500\">\n<p data-start=\"470\" data-end=\"500\">Material: Prata 925 leg\u00edtima<\/p>\n<\/li>\n<li data-start=\"501\" data-end=\"535\">\n<p data-start=\"503\" data-end=\"535\">Design: Flor com cinco p\u00e9talas<\/p>\n<\/li>\n<li data-start=\"536\" data-end=\"568\">\n<p data-start=\"538\" data-end=\"568\">Acabamento: Liso e brilhante<\/p>\n<\/li>\n<li data-start=\"569\" data-end=\"621\">\n<p data-start=\"571\" data-end=\"621\">Compat\u00edvel com pulseiras de berloques universais<\/p>\n<\/li>\n<li data-start=\"622\" data-end=\"648\">\n<p data-start=\"624\" data-end=\"648\">Produto hipoalerg\u00eanico<\/p>\n<\/li>\n<li data-start=\"649\" data-end=\"677\">\n<p data-start=\"651\" data-end=\"677\">Garantia eterna da prata<\/p>\n<\/li>\n<\/ul>\n","protected":false},"excerpt":{"rendered":"<p>Berloque Flor 5 P\u00e9talas em Prata 925 Delicado e encantador, o Berloque Flor 5 P\u00e9talas \u00e9 confeccionado em prata 925 leg\u00edtima e traz um design&#8230;<\/p>\n","protected":false},"featured_media":5527,"comment_status":"open","ping_status":"closed","template":"","meta":[],"etheme_brands":[],"product_brand":[],"product_cat":[127],"product_tag":[133],"class_list":{"0":"post-5528","1":"product","2":"type-product","3":"status-publish","4":"has-post-thumbnail","6":"product_cat-categoriaberloques","7":"product_tag-uze-pratas","9":"first","10":"outofstock","11":"shipping-taxable","12":"purchasable","13":"product-type-simple"},"_links":{"self":[{"href":"https:\/\/agenciausphot.com\/uze\/wp-json\/wp\/v2\/product\/5528","targetHints":{"allow":["GET"]}}],"collection":[{"href":"https:\/\/agenciausphot.com\/uze\/wp-json\/wp\/v2\/product"}],"about":[{"href":"https:\/\/agenciausphot.com\/uze\/wp-json\/wp\/v2\/types\/product"}],"replies":[{"embeddable":true,"href":"https:\/\/agenciausphot.com\/uze\/wp-json\/wp\/v2\/comments?post=5528"}],"version-history":[{"count":1,"href":"https:\/\/agenciausphot.com\/uze\/wp-json\/wp\/v2\/product\/5528\/revisions"}],"predecessor-version":[{"id":6219,"href":"https:\/\/agenciausphot.com\/uze\/wp-json\/wp\/v2\/product\/5528\/revisions\/6219"}],"wp:featuredmedia":[{"embeddable":true,"href":"https:\/\/agenciausphot.com\/uze\/wp-json\/wp\/v2\/media\/5527"}],"wp:attachment":[{"href":"https:\/\/agenciausphot.com\/uze\/wp-json\/wp\/v2\/media?parent=5528"}],"wp:term":[{"taxonomy":"brand","embeddable":true,"href":"https:\/\/agenciausphot.com\/uze\/wp-json\/wp\/v2\/etheme_brands?post=5528"},{"taxonomy":"product_brand","embeddable":true,"href":"https:\/\/agenciausphot.com\/uze\/wp-json\/wp\/v2\/product_brand?post=5528"},{"taxonomy":"product_cat","embeddable":true,"href":"https:\/\/agenciausphot.com\/uze\/wp-json\/wp\/v2\/product_cat?post=5528"},{"taxonomy":"product_tag","embeddable":true,"href":"https:\/\/agenciausphot.com\/uze\/wp-json\/wp\/v2\/product_tag?post=5528"}],"curies":[{"name":"wp","href":"https:\/\/api.w.org\/{rel}","templated":true}]}}