{"id":5510,"date":"2025-10-29T13:12:28","date_gmt":"2025-10-29T13:12:28","guid":{"rendered":"https:\/\/agenciausphot.com\/uze\/produto\/berloque-separador-coracao-vazado-2\/"},"modified":"2025-12-04T18:42:10","modified_gmt":"2025-12-04T18:42:10","slug":"berloque-separador-coracao-vazado-2","status":"publish","type":"product","link":"https:\/\/agenciausphot.com\/uze\/produto\/berloque-separador-coracao-vazado-2\/","title":{"rendered":"Berloque separador cora\u00e7\u00e3o vazado."},"content":{"rendered":"<h3 data-start=\"103\" data-end=\"155\">Berloque Separador Cora\u00e7\u00e3o Vazado em Prata 925<\/h3>\n<p data-start=\"156\" data-end=\"460\">Delicado e cheio de romantismo, o Berloque Separador Cora\u00e7\u00e3o Vazado \u00e9 confeccionado em prata 925 leg\u00edtima e possui design minimalista que simboliza amor e afeto.<br data-start=\"317\" data-end=\"320\"><br \/>\nAl\u00e9m de trazer charme extra, ele tamb\u00e9m funciona como separador, ajudando a organizar e valorizar a composi\u00e7\u00e3o das pulseiras de berloques.<\/p>\n<p data-start=\"462\" data-end=\"488\"><strong data-start=\"462\" data-end=\"486\">Detalhes do produto:<\/strong><\/p>\n<ul data-start=\"489\" data-end=\"687\">\n<li data-start=\"489\" data-end=\"521\">\n<p data-start=\"491\" data-end=\"521\">Material: Prata 925 leg\u00edtima<\/p>\n<\/li>\n<li data-start=\"522\" data-end=\"548\">\n<p data-start=\"524\" data-end=\"548\">Design: Cora\u00e7\u00e3o vazado<\/p>\n<\/li>\n<li data-start=\"549\" data-end=\"578\">\n<p data-start=\"551\" data-end=\"578\">Acabamento: Liso e polido<\/p>\n<\/li>\n<li data-start=\"579\" data-end=\"631\">\n<p data-start=\"581\" data-end=\"631\">Compat\u00edvel com pulseiras de berloques universais<\/p>\n<\/li>\n<li data-start=\"632\" data-end=\"658\">\n<p data-start=\"634\" data-end=\"658\">Produto hipoalerg\u00eanico<\/p>\n<\/li>\n<li data-start=\"659\" data-end=\"687\">\n<p data-start=\"661\" data-end=\"687\">Garantia eterna da prata<\/p>\n<\/li>\n<\/ul>\n","protected":false},"excerpt":{"rendered":"<p>Berloque Separador Cora\u00e7\u00e3o Vazado em Prata 925 Delicado e cheio de romantismo, o Berloque Separador Cora\u00e7\u00e3o Vazado \u00e9 confeccionado em prata 925 leg\u00edtima e possui&#8230;<\/p>\n","protected":false},"featured_media":5509,"comment_status":"open","ping_status":"closed","template":"","meta":[],"etheme_brands":[],"product_brand":[],"product_cat":[101,91],"product_tag":[133],"class_list":{"0":"post-5510","1":"product","2":"type-product","3":"status-publish","4":"has-post-thumbnail","6":"product_cat-categoriabraceletesbracelete-feminino","7":"product_cat-categoriabraceletes","8":"product_tag-uze-pratas","10":"first","11":"instock","12":"shipping-taxable","13":"purchasable","14":"product-type-simple"},"_links":{"self":[{"href":"https:\/\/agenciausphot.com\/uze\/wp-json\/wp\/v2\/product\/5510","targetHints":{"allow":["GET"]}}],"collection":[{"href":"https:\/\/agenciausphot.com\/uze\/wp-json\/wp\/v2\/product"}],"about":[{"href":"https:\/\/agenciausphot.com\/uze\/wp-json\/wp\/v2\/types\/product"}],"replies":[{"embeddable":true,"href":"https:\/\/agenciausphot.com\/uze\/wp-json\/wp\/v2\/comments?post=5510"}],"version-history":[{"count":1,"href":"https:\/\/agenciausphot.com\/uze\/wp-json\/wp\/v2\/product\/5510\/revisions"}],"predecessor-version":[{"id":6211,"href":"https:\/\/agenciausphot.com\/uze\/wp-json\/wp\/v2\/product\/5510\/revisions\/6211"}],"wp:featuredmedia":[{"embeddable":true,"href":"https:\/\/agenciausphot.com\/uze\/wp-json\/wp\/v2\/media\/5509"}],"wp:attachment":[{"href":"https:\/\/agenciausphot.com\/uze\/wp-json\/wp\/v2\/media?parent=5510"}],"wp:term":[{"taxonomy":"brand","embeddable":true,"href":"https:\/\/agenciausphot.com\/uze\/wp-json\/wp\/v2\/etheme_brands?post=5510"},{"taxonomy":"product_brand","embeddable":true,"href":"https:\/\/agenciausphot.com\/uze\/wp-json\/wp\/v2\/product_brand?post=5510"},{"taxonomy":"product_cat","embeddable":true,"href":"https:\/\/agenciausphot.com\/uze\/wp-json\/wp\/v2\/product_cat?post=5510"},{"taxonomy":"product_tag","embeddable":true,"href":"https:\/\/agenciausphot.com\/uze\/wp-json\/wp\/v2\/product_tag?post=5510"}],"curies":[{"name":"wp","href":"https:\/\/api.w.org\/{rel}","templated":true}]}}