{"id":5508,"date":"2025-10-29T13:12:27","date_gmt":"2025-10-29T13:12:27","guid":{"rendered":"https:\/\/agenciausphot.com\/uze\/produto\/bracelete-em-prata-coracao\/"},"modified":"2025-11-18T14:06:41","modified_gmt":"2025-11-18T14:06:41","slug":"bracelete-em-prata-coracao","status":"publish","type":"product","link":"https:\/\/agenciausphot.com\/uze\/produto\/bracelete-em-prata-coracao\/","title":{"rendered":"Bracelete em prata cora\u00e7\u00e3o"},"content":{"rendered":"<h3 data-start=\"87\" data-end=\"123\">Bracelete Cora\u00e7\u00e3o em Prata 925<\/h3>\n<p data-start=\"124\" data-end=\"481\">Rom\u00e2ntico e sofisticado, o Bracelete Cora\u00e7\u00e3o \u00e9 confeccionado em prata 925 leg\u00edtima e traz o s\u00edmbolo do amor em destaque, representado por um delicado cora\u00e7\u00e3o no centro da pe\u00e7a.<br data-start=\"300\" data-end=\"303\"><br \/>\nCom acabamento polido e design moderno, \u00e9 uma joia vers\u00e1til que pode ser usada sozinha para um visual minimalista ou combinada com outras pulseiras para um mix cheio de estilo.<\/p>\n<p data-start=\"483\" data-end=\"509\"><strong data-start=\"483\" data-end=\"507\">Detalhes do produto:<\/strong><\/p>\n<ul data-start=\"510\" data-end=\"704\">\n<li data-start=\"510\" data-end=\"542\">\n<p data-start=\"512\" data-end=\"542\">Material: Prata 925 leg\u00edtima<\/p>\n<\/li>\n<li data-start=\"543\" data-end=\"587\">\n<p data-start=\"545\" data-end=\"587\">Design: Bracelete com detalhe em cora\u00e7\u00e3o<\/p>\n<\/li>\n<li data-start=\"588\" data-end=\"620\">\n<p data-start=\"590\" data-end=\"620\">Acabamento: Liso e brilhante<\/p>\n<\/li>\n<li data-start=\"621\" data-end=\"648\">\n<p data-start=\"623\" data-end=\"648\">Ajust\u00e1vel e confort\u00e1vel<\/p>\n<\/li>\n<li data-start=\"649\" data-end=\"675\">\n<p data-start=\"651\" data-end=\"675\">Produto hipoalerg\u00eanico<\/p>\n<\/li>\n<li data-start=\"676\" data-end=\"704\">\n<p data-start=\"678\" data-end=\"704\">Garantia eterna da prata<\/p>\n<\/li>\n<\/ul>\n","protected":false},"excerpt":{"rendered":"<p>Bracelete Cora\u00e7\u00e3o em Prata 925 Rom\u00e2ntico e sofisticado, o Bracelete Cora\u00e7\u00e3o \u00e9 confeccionado em prata 925 leg\u00edtima e traz o s\u00edmbolo do amor em destaque,&#8230;<\/p>\n","protected":false},"featured_media":5507,"comment_status":"open","ping_status":"closed","template":"","meta":[],"etheme_brands":[],"product_brand":[],"product_cat":[101,91],"product_tag":[133],"class_list":{"0":"post-5508","1":"product","2":"type-product","3":"status-publish","4":"has-post-thumbnail","6":"product_cat-categoriabraceletesbracelete-feminino","7":"product_cat-categoriabraceletes","8":"product_tag-uze-pratas","10":"first","11":"instock","12":"shipping-taxable","13":"purchasable","14":"product-type-simple"},"_links":{"self":[{"href":"https:\/\/agenciausphot.com\/uze\/wp-json\/wp\/v2\/product\/5508","targetHints":{"allow":["GET"]}}],"collection":[{"href":"https:\/\/agenciausphot.com\/uze\/wp-json\/wp\/v2\/product"}],"about":[{"href":"https:\/\/agenciausphot.com\/uze\/wp-json\/wp\/v2\/types\/product"}],"replies":[{"embeddable":true,"href":"https:\/\/agenciausphot.com\/uze\/wp-json\/wp\/v2\/comments?post=5508"}],"version-history":[{"count":1,"href":"https:\/\/agenciausphot.com\/uze\/wp-json\/wp\/v2\/product\/5508\/revisions"}],"predecessor-version":[{"id":6210,"href":"https:\/\/agenciausphot.com\/uze\/wp-json\/wp\/v2\/product\/5508\/revisions\/6210"}],"wp:featuredmedia":[{"embeddable":true,"href":"https:\/\/agenciausphot.com\/uze\/wp-json\/wp\/v2\/media\/5507"}],"wp:attachment":[{"href":"https:\/\/agenciausphot.com\/uze\/wp-json\/wp\/v2\/media?parent=5508"}],"wp:term":[{"taxonomy":"brand","embeddable":true,"href":"https:\/\/agenciausphot.com\/uze\/wp-json\/wp\/v2\/etheme_brands?post=5508"},{"taxonomy":"product_brand","embeddable":true,"href":"https:\/\/agenciausphot.com\/uze\/wp-json\/wp\/v2\/product_brand?post=5508"},{"taxonomy":"product_cat","embeddable":true,"href":"https:\/\/agenciausphot.com\/uze\/wp-json\/wp\/v2\/product_cat?post=5508"},{"taxonomy":"product_tag","embeddable":true,"href":"https:\/\/agenciausphot.com\/uze\/wp-json\/wp\/v2\/product_tag?post=5508"}],"curies":[{"name":"wp","href":"https:\/\/api.w.org\/{rel}","templated":true}]}}