{"id":5502,"date":"2025-10-29T13:12:23","date_gmt":"2025-10-29T13:12:23","guid":{"rendered":"https:\/\/agenciausphot.com\/uze\/produto\/trio-argola-coracao-grosso-2mm\/"},"modified":"2025-12-04T18:42:09","modified_gmt":"2025-12-04T18:42:09","slug":"trio-argola-coracao-grosso-2mm","status":"publish","type":"product","link":"https:\/\/agenciausphot.com\/uze\/produto\/trio-argola-coracao-grosso-2mm\/","title":{"rendered":"Trio argola cora\u00e7\u00e3o grosso 2mm"},"content":{"rendered":"<h3 data-start=\"100\" data-end=\"149\">Trio Argola Cora\u00e7\u00e3o Grosso 2mm em Prata 925<\/h3>\n<p data-start=\"150\" data-end=\"460\">Moderno e delicado ao mesmo tempo, o Trio de Argolas \u00e9 confeccionado em prata 925 leg\u00edtima e traz design em formato de cora\u00e7\u00e3o, com aro grosso de 2mm que garante presen\u00e7a e estilo.<br data-start=\"330\" data-end=\"333\"><br \/>\nUma pe\u00e7a vers\u00e1til que pode ser usada sozinha ou em composi\u00e7\u00e3o, perfeita para quem ama joias diferenciadas e cheias de charme.<\/p>\n<p data-start=\"462\" data-end=\"488\"><strong data-start=\"462\" data-end=\"486\">Detalhes do produto:<\/strong><\/p>\n<ul data-start=\"489\" data-end=\"689\">\n<li data-start=\"489\" data-end=\"521\">\n<p data-start=\"491\" data-end=\"521\">Material: Prata 925 leg\u00edtima<\/p>\n<\/li>\n<li data-start=\"522\" data-end=\"571\">\n<p data-start=\"524\" data-end=\"571\">Modelo: Trio de argolas em formato de cora\u00e7\u00e3o<\/p>\n<\/li>\n<li data-start=\"572\" data-end=\"603\">\n<p data-start=\"574\" data-end=\"603\">Espessura: 2mm (aro grosso)<\/p>\n<\/li>\n<li data-start=\"604\" data-end=\"633\">\n<p data-start=\"606\" data-end=\"633\">Acabamento: Liso e polido<\/p>\n<\/li>\n<li data-start=\"634\" data-end=\"660\">\n<p data-start=\"636\" data-end=\"660\">Produto hipoalerg\u00eanico<\/p>\n<\/li>\n<li data-start=\"661\" data-end=\"689\">\n<p data-start=\"663\" data-end=\"689\">Garantia eterna da prata<\/p>\n<\/li>\n<\/ul>\n<p data-start=\"691\" data-end=\"797\">Um conjunto moderno e apaixonante, ideal para compor mix de brincos ou para presentear com muito estilo.<\/p>\n","protected":false},"excerpt":{"rendered":"<p>Trio Argola Cora\u00e7\u00e3o Grosso 2mm em Prata 925 Moderno e delicado ao mesmo tempo, o Trio de Argolas \u00e9 confeccionado em prata 925 leg\u00edtima e&#8230;<\/p>\n","protected":false},"featured_media":5501,"comment_status":"open","ping_status":"closed","template":"","meta":[],"etheme_brands":[],"product_brand":[],"product_cat":[117,97],"product_tag":[133],"class_list":{"0":"post-5502","1":"product","2":"type-product","3":"status-publish","4":"has-post-thumbnail","6":"product_cat-categoriabrincosbrinco-feminino","7":"product_cat-categoriabrincos","8":"product_tag-uze-pratas","10":"first","11":"instock","12":"shipping-taxable","13":"purchasable","14":"product-type-simple"},"_links":{"self":[{"href":"https:\/\/agenciausphot.com\/uze\/wp-json\/wp\/v2\/product\/5502","targetHints":{"allow":["GET"]}}],"collection":[{"href":"https:\/\/agenciausphot.com\/uze\/wp-json\/wp\/v2\/product"}],"about":[{"href":"https:\/\/agenciausphot.com\/uze\/wp-json\/wp\/v2\/types\/product"}],"replies":[{"embeddable":true,"href":"https:\/\/agenciausphot.com\/uze\/wp-json\/wp\/v2\/comments?post=5502"}],"version-history":[{"count":1,"href":"https:\/\/agenciausphot.com\/uze\/wp-json\/wp\/v2\/product\/5502\/revisions"}],"predecessor-version":[{"id":6207,"href":"https:\/\/agenciausphot.com\/uze\/wp-json\/wp\/v2\/product\/5502\/revisions\/6207"}],"wp:featuredmedia":[{"embeddable":true,"href":"https:\/\/agenciausphot.com\/uze\/wp-json\/wp\/v2\/media\/5501"}],"wp:attachment":[{"href":"https:\/\/agenciausphot.com\/uze\/wp-json\/wp\/v2\/media?parent=5502"}],"wp:term":[{"taxonomy":"brand","embeddable":true,"href":"https:\/\/agenciausphot.com\/uze\/wp-json\/wp\/v2\/etheme_brands?post=5502"},{"taxonomy":"product_brand","embeddable":true,"href":"https:\/\/agenciausphot.com\/uze\/wp-json\/wp\/v2\/product_brand?post=5502"},{"taxonomy":"product_cat","embeddable":true,"href":"https:\/\/agenciausphot.com\/uze\/wp-json\/wp\/v2\/product_cat?post=5502"},{"taxonomy":"product_tag","embeddable":true,"href":"https:\/\/agenciausphot.com\/uze\/wp-json\/wp\/v2\/product_tag?post=5502"}],"curies":[{"name":"wp","href":"https:\/\/api.w.org\/{rel}","templated":true}]}}