{"id":5496,"date":"2025-10-29T13:12:18","date_gmt":"2025-10-29T13:12:18","guid":{"rendered":"https:\/\/agenciausphot.com\/uze\/produto\/colar-oval-vermelho-rubi-cravejado\/"},"modified":"2025-11-04T20:38:52","modified_gmt":"2025-11-04T20:38:52","slug":"colar-oval-vermelho-rubi-cravejado","status":"publish","type":"product","link":"https:\/\/agenciausphot.com\/uze\/produto\/colar-oval-vermelho-rubi-cravejado\/","title":{"rendered":"Colar oval vermelho rubi cravejado"},"content":{"rendered":"<h3 data-start=\"104\" data-end=\"157\">Colar Oval Vermelho Rubi Cravejado em Prata 925<\/h3>\n<p data-start=\"158\" data-end=\"494\">Sofisticado e elegante, o Colar Oval Vermelho Rubi \u00e9 confeccionado em prata 925 leg\u00edtima e traz como destaque uma zirc\u00f4nia oval na cor rubi, rodeada por delicadas pedras cravejadas que intensificam seu brilho.<br data-start=\"367\" data-end=\"370\"><br \/>\nCom design cl\u00e1ssico e acabamento polido, \u00e9 uma joia que transmite requinte e romantismo, perfeita para ocasi\u00f5es especiais.<\/p>\n<p data-start=\"496\" data-end=\"522\"><strong data-start=\"496\" data-end=\"520\">Detalhes do produto:<\/strong><\/p>\n<ul data-start=\"523\" data-end=\"783\">\n<li data-start=\"523\" data-end=\"555\">\n<p data-start=\"525\" data-end=\"555\">Material: Prata 925 leg\u00edtima<\/p>\n<\/li>\n<li data-start=\"556\" data-end=\"600\">\n<p data-start=\"558\" data-end=\"600\">Pedra central: Zirc\u00f4nia oval na cor rubi<\/p>\n<\/li>\n<li data-start=\"601\" data-end=\"646\">\n<p data-start=\"603\" data-end=\"646\">Detalhes: Cravejado com zirc\u00f4nias brancas<\/p>\n<\/li>\n<li data-start=\"647\" data-end=\"679\">\n<p data-start=\"649\" data-end=\"679\">Acabamento: Liso e brilhante<\/p>\n<\/li>\n<li data-start=\"680\" data-end=\"727\">\n<p data-start=\"682\" data-end=\"727\">Comprimento da corrente: Veneziana delicada<\/p>\n<\/li>\n<li data-start=\"728\" data-end=\"754\">\n<p data-start=\"730\" data-end=\"754\">Produto hipoalerg\u00eanico<\/p>\n<\/li>\n<li data-start=\"755\" data-end=\"783\">\n<p data-start=\"757\" data-end=\"783\">Garantia eterna da prata<\/p>\n<\/li>\n<\/ul>\n","protected":false},"excerpt":{"rendered":"<p>Colar Oval Vermelho Rubi Cravejado em Prata 925 Sofisticado e elegante, o Colar Oval Vermelho Rubi \u00e9 confeccionado em prata 925 leg\u00edtima e traz como&#8230;<\/p>\n","protected":false},"featured_media":5495,"comment_status":"open","ping_status":"closed","template":"","meta":[],"etheme_brands":[],"product_brand":[],"product_cat":[106,93],"product_tag":[133],"class_list":{"0":"post-5496","1":"product","2":"type-product","3":"status-publish","4":"has-post-thumbnail","6":"product_cat-categoriacolarescolar-feminino","7":"product_cat-categoriacolares","8":"product_tag-uze-pratas","10":"first","11":"instock","12":"shipping-taxable","13":"purchasable","14":"product-type-simple"},"_links":{"self":[{"href":"https:\/\/agenciausphot.com\/uze\/wp-json\/wp\/v2\/product\/5496","targetHints":{"allow":["GET"]}}],"collection":[{"href":"https:\/\/agenciausphot.com\/uze\/wp-json\/wp\/v2\/product"}],"about":[{"href":"https:\/\/agenciausphot.com\/uze\/wp-json\/wp\/v2\/types\/product"}],"replies":[{"embeddable":true,"href":"https:\/\/agenciausphot.com\/uze\/wp-json\/wp\/v2\/comments?post=5496"}],"version-history":[{"count":1,"href":"https:\/\/agenciausphot.com\/uze\/wp-json\/wp\/v2\/product\/5496\/revisions"}],"predecessor-version":[{"id":6204,"href":"https:\/\/agenciausphot.com\/uze\/wp-json\/wp\/v2\/product\/5496\/revisions\/6204"}],"wp:featuredmedia":[{"embeddable":true,"href":"https:\/\/agenciausphot.com\/uze\/wp-json\/wp\/v2\/media\/5495"}],"wp:attachment":[{"href":"https:\/\/agenciausphot.com\/uze\/wp-json\/wp\/v2\/media?parent=5496"}],"wp:term":[{"taxonomy":"brand","embeddable":true,"href":"https:\/\/agenciausphot.com\/uze\/wp-json\/wp\/v2\/etheme_brands?post=5496"},{"taxonomy":"product_brand","embeddable":true,"href":"https:\/\/agenciausphot.com\/uze\/wp-json\/wp\/v2\/product_brand?post=5496"},{"taxonomy":"product_cat","embeddable":true,"href":"https:\/\/agenciausphot.com\/uze\/wp-json\/wp\/v2\/product_cat?post=5496"},{"taxonomy":"product_tag","embeddable":true,"href":"https:\/\/agenciausphot.com\/uze\/wp-json\/wp\/v2\/product_tag?post=5496"}],"curies":[{"name":"wp","href":"https:\/\/api.w.org\/{rel}","templated":true}]}}