{"id":5456,"date":"2025-10-29T13:11:51","date_gmt":"2025-10-29T13:11:51","guid":{"rendered":"https:\/\/agenciausphot.com\/uze\/produto\/pulseira-infantil-elos-placa-e-figa\/"},"modified":"2026-01-12T15:14:41","modified_gmt":"2026-01-12T15:14:41","slug":"pulseira-infantil-elos-placa-e-figa","status":"publish","type":"product","link":"https:\/\/agenciausphot.com\/uze\/produto\/pulseira-infantil-elos-placa-e-figa\/","title":{"rendered":"Pulseira infantil elos placa e figa"},"content":{"rendered":"<h3 data-start=\"109\" data-end=\"167\">Pulseira Infantil Elos com Placa e Figa em Prata 925<\/h3>\n<p data-start=\"168\" data-end=\"486\">Delicada e cheia de significado, a Pulseira Infantil \u00e9 confeccionada em prata 925 leg\u00edtima e possui elos delicados com dois destaques especiais: a plaquinha personalizada e o pingente de figa, s\u00edmbolo de sorte e prote\u00e7\u00e3o.<br data-start=\"389\" data-end=\"392\"><br \/>\nCom acabamento polido, \u00e9 uma joia leve, confort\u00e1vel e segura para o uso di\u00e1rio das crian\u00e7as.<\/p>\n<p data-start=\"488\" data-end=\"514\"><strong data-start=\"488\" data-end=\"512\">Detalhes do produto:<\/strong><\/p>\n<ul data-start=\"515\" data-end=\"712\">\n<li data-start=\"515\" data-end=\"547\">\n<p data-start=\"517\" data-end=\"547\">Material: Prata 925 leg\u00edtima<\/p>\n<\/li>\n<li data-start=\"548\" data-end=\"593\">\n<p data-start=\"550\" data-end=\"593\">Design: Elos com placa e pingente de figa<\/p>\n<\/li>\n<li data-start=\"594\" data-end=\"626\">\n<p data-start=\"596\" data-end=\"626\">Acabamento: Liso e brilhante<\/p>\n<\/li>\n<li data-start=\"627\" data-end=\"656\">\n<p data-start=\"629\" data-end=\"656\">Fecho resistente e seguro<\/p>\n<\/li>\n<li data-start=\"657\" data-end=\"683\">\n<p data-start=\"659\" data-end=\"683\">Produto hipoalerg\u00eanico<\/p>\n<\/li>\n<li data-start=\"684\" data-end=\"712\">\n<p data-start=\"686\" data-end=\"712\">Garantia eterna da prata<\/p>\n<\/li>\n<\/ul>\n","protected":false},"excerpt":{"rendered":"<p>Pulseira Infantil Elos com Placa e Figa em Prata 925 Delicada e cheia de significado, a Pulseira Infantil \u00e9 confeccionada em prata 925 leg\u00edtima e&#8230;<\/p>\n","protected":false},"featured_media":5455,"comment_status":"open","ping_status":"closed","template":"","meta":[],"etheme_brands":[],"product_brand":[],"product_cat":[90,100],"product_tag":[133],"class_list":{"0":"post-5456","1":"product","2":"type-product","3":"status-publish","4":"has-post-thumbnail","6":"product_cat-categoriapulseiras","7":"product_cat-categoriapulseiraspulseira-infantil","8":"product_tag-uze-pratas","10":"first","11":"instock","12":"shipping-taxable","13":"purchasable","14":"product-type-simple"},"_links":{"self":[{"href":"https:\/\/agenciausphot.com\/uze\/wp-json\/wp\/v2\/product\/5456","targetHints":{"allow":["GET"]}}],"collection":[{"href":"https:\/\/agenciausphot.com\/uze\/wp-json\/wp\/v2\/product"}],"about":[{"href":"https:\/\/agenciausphot.com\/uze\/wp-json\/wp\/v2\/types\/product"}],"replies":[{"embeddable":true,"href":"https:\/\/agenciausphot.com\/uze\/wp-json\/wp\/v2\/comments?post=5456"}],"version-history":[{"count":1,"href":"https:\/\/agenciausphot.com\/uze\/wp-json\/wp\/v2\/product\/5456\/revisions"}],"predecessor-version":[{"id":6184,"href":"https:\/\/agenciausphot.com\/uze\/wp-json\/wp\/v2\/product\/5456\/revisions\/6184"}],"wp:featuredmedia":[{"embeddable":true,"href":"https:\/\/agenciausphot.com\/uze\/wp-json\/wp\/v2\/media\/5455"}],"wp:attachment":[{"href":"https:\/\/agenciausphot.com\/uze\/wp-json\/wp\/v2\/media?parent=5456"}],"wp:term":[{"taxonomy":"brand","embeddable":true,"href":"https:\/\/agenciausphot.com\/uze\/wp-json\/wp\/v2\/etheme_brands?post=5456"},{"taxonomy":"product_brand","embeddable":true,"href":"https:\/\/agenciausphot.com\/uze\/wp-json\/wp\/v2\/product_brand?post=5456"},{"taxonomy":"product_cat","embeddable":true,"href":"https:\/\/agenciausphot.com\/uze\/wp-json\/wp\/v2\/product_cat?post=5456"},{"taxonomy":"product_tag","embeddable":true,"href":"https:\/\/agenciausphot.com\/uze\/wp-json\/wp\/v2\/product_tag?post=5456"}],"curies":[{"name":"wp","href":"https:\/\/api.w.org\/{rel}","templated":true}]}}