{"id":5454,"date":"2025-10-29T13:11:49","date_gmt":"2025-10-29T13:11:49","guid":{"rendered":"https:\/\/agenciausphot.com\/uze\/produto\/pulseira-de-prata-zirconia-coracao\/"},"modified":"2025-12-04T18:41:58","modified_gmt":"2025-12-04T18:41:58","slug":"pulseira-de-prata-zirconia-coracao","status":"publish","type":"product","link":"https:\/\/agenciausphot.com\/uze\/produto\/pulseira-de-prata-zirconia-coracao\/","title":{"rendered":"Pulseira de prata zirc\u00f4nia cora\u00e7\u00e3o"},"content":{"rendered":"<h3 data-start=\"95\" data-end=\"143\">Pulseira de Prata com Zirc\u00f4nia Cora\u00e7\u00e3o 925<\/h3>\n<p data-start=\"144\" data-end=\"480\">Rom\u00e2ntica e delicada, a Pulseira de Prata com Zirc\u00f4nia em formato de cora\u00e7\u00e3o \u00e9 confeccionada em prata 925 leg\u00edtima e traz um detalhe especial: o brilho intenso da pedra central que simboliza amor e eleg\u00e2ncia.<br data-start=\"352\" data-end=\"355\"><br \/>\nCom acabamento polido, \u00e9 uma pe\u00e7a vers\u00e1til que combina com qualquer estilo, perfeita para uso di\u00e1rio ou ocasi\u00f5es especiais.<\/p>\n<p data-start=\"482\" data-end=\"508\"><strong data-start=\"482\" data-end=\"506\">Detalhes do produto:<\/strong><\/p>\n<ul data-start=\"509\" data-end=\"704\">\n<li data-start=\"509\" data-end=\"541\">\n<p data-start=\"511\" data-end=\"541\">Material: Prata 925 leg\u00edtima<\/p>\n<\/li>\n<li data-start=\"542\" data-end=\"583\">\n<p data-start=\"544\" data-end=\"583\">Pedra: Zirc\u00f4nia em formato de cora\u00e7\u00e3o<\/p>\n<\/li>\n<li data-start=\"584\" data-end=\"618\">\n<p data-start=\"586\" data-end=\"618\">Acabamento: Polido e brilhante<\/p>\n<\/li>\n<li data-start=\"619\" data-end=\"648\">\n<p data-start=\"621\" data-end=\"648\">Fecho resistente e seguro<\/p>\n<\/li>\n<li data-start=\"649\" data-end=\"675\">\n<p data-start=\"651\" data-end=\"675\">Produto hipoalerg\u00eanico<\/p>\n<\/li>\n<li data-start=\"676\" data-end=\"704\">\n<p data-start=\"678\" data-end=\"704\">Garantia eterna da prata<\/p>\n<\/li>\n<\/ul>\n","protected":false},"excerpt":{"rendered":"<p>Pulseira de Prata com Zirc\u00f4nia Cora\u00e7\u00e3o 925 Rom\u00e2ntica e delicada, a Pulseira de Prata com Zirc\u00f4nia em formato de cora\u00e7\u00e3o \u00e9 confeccionada em prata 925&#8230;<\/p>\n","protected":false},"featured_media":5450,"comment_status":"open","ping_status":"closed","template":"","meta":[],"etheme_brands":[],"product_brand":[],"product_cat":[98,90],"product_tag":[133],"class_list":{"0":"post-5454","1":"product","2":"type-product","3":"status-publish","4":"has-post-thumbnail","6":"product_cat-categoriapulseiraspulseira-feminina","7":"product_cat-categoriapulseiras","8":"product_tag-uze-pratas","10":"first","11":"instock","12":"shipping-taxable","13":"purchasable","14":"product-type-simple"},"_links":{"self":[{"href":"https:\/\/agenciausphot.com\/uze\/wp-json\/wp\/v2\/product\/5454","targetHints":{"allow":["GET"]}}],"collection":[{"href":"https:\/\/agenciausphot.com\/uze\/wp-json\/wp\/v2\/product"}],"about":[{"href":"https:\/\/agenciausphot.com\/uze\/wp-json\/wp\/v2\/types\/product"}],"replies":[{"embeddable":true,"href":"https:\/\/agenciausphot.com\/uze\/wp-json\/wp\/v2\/comments?post=5454"}],"version-history":[{"count":1,"href":"https:\/\/agenciausphot.com\/uze\/wp-json\/wp\/v2\/product\/5454\/revisions"}],"predecessor-version":[{"id":6183,"href":"https:\/\/agenciausphot.com\/uze\/wp-json\/wp\/v2\/product\/5454\/revisions\/6183"}],"wp:featuredmedia":[{"embeddable":true,"href":"https:\/\/agenciausphot.com\/uze\/wp-json\/wp\/v2\/media\/5450"}],"wp:attachment":[{"href":"https:\/\/agenciausphot.com\/uze\/wp-json\/wp\/v2\/media?parent=5454"}],"wp:term":[{"taxonomy":"brand","embeddable":true,"href":"https:\/\/agenciausphot.com\/uze\/wp-json\/wp\/v2\/etheme_brands?post=5454"},{"taxonomy":"product_brand","embeddable":true,"href":"https:\/\/agenciausphot.com\/uze\/wp-json\/wp\/v2\/product_brand?post=5454"},{"taxonomy":"product_cat","embeddable":true,"href":"https:\/\/agenciausphot.com\/uze\/wp-json\/wp\/v2\/product_cat?post=5454"},{"taxonomy":"product_tag","embeddable":true,"href":"https:\/\/agenciausphot.com\/uze\/wp-json\/wp\/v2\/product_tag?post=5454"}],"curies":[{"name":"wp","href":"https:\/\/api.w.org\/{rel}","templated":true}]}}