{"id":5445,"date":"2025-10-29T13:11:41","date_gmt":"2025-10-29T13:11:41","guid":{"rendered":"https:\/\/agenciausphot.com\/uze\/produto\/pulseira-trevo-1-flor-rosa\/"},"modified":"2025-11-04T20:38:34","modified_gmt":"2025-11-04T20:38:34","slug":"pulseira-trevo-1-flor-rosa","status":"publish","type":"product","link":"https:\/\/agenciausphot.com\/uze\/produto\/pulseira-trevo-1-flor-rosa\/","title":{"rendered":"Pulseira trevo 1 flor rosa"},"content":{"rendered":"<h3 data-start=\"100\" data-end=\"149\">Pulseira Trevo com 1 Flor Rosa em Prata 925<\/h3>\n<p data-start=\"150\" data-end=\"464\">Delicada e cheia de significado, a Pulseira Trevo \u00e9 confeccionada em prata 925 leg\u00edtima e traz um detalhe especial: uma flor em tom rosa suave que adiciona charme e feminilidade \u00e0 pe\u00e7a.<br data-start=\"335\" data-end=\"338\"><br \/>\nO trevo simboliza sorte e boas energias, tornando esta joia ainda mais especial para o dia a dia ou para ocasi\u00f5es marcantes.<\/p>\n<p data-start=\"466\" data-end=\"492\"><strong data-start=\"466\" data-end=\"490\">Detalhes do produto:<\/strong><\/p>\n<ul data-start=\"493\" data-end=\"680\">\n<li data-start=\"493\" data-end=\"525\">\n<p data-start=\"495\" data-end=\"525\">Material: Prata 925 leg\u00edtima<\/p>\n<\/li>\n<li data-start=\"526\" data-end=\"589\">\n<p data-start=\"528\" data-end=\"589\">Design: Elos delicados com detalhe de trevo e uma flor rosa<\/p>\n<\/li>\n<li data-start=\"590\" data-end=\"624\">\n<p data-start=\"592\" data-end=\"624\">Acabamento: Polido e brilhante<\/p>\n<\/li>\n<li data-start=\"625\" data-end=\"651\">\n<p data-start=\"627\" data-end=\"651\">Produto hipoalerg\u00eanico<\/p>\n<\/li>\n<li data-start=\"652\" data-end=\"680\">\n<p data-start=\"654\" data-end=\"680\">Garantia eterna da prata<\/p>\n<\/li>\n<\/ul>\n","protected":false},"excerpt":{"rendered":"<p>Pulseira Trevo com 1 Flor Rosa em Prata 925 Delicada e cheia de significado, a Pulseira Trevo \u00e9 confeccionada em prata 925 leg\u00edtima e traz&#8230;<\/p>\n","protected":false},"featured_media":5444,"comment_status":"open","ping_status":"closed","template":"","meta":[],"etheme_brands":[],"product_brand":[],"product_cat":[98,90],"product_tag":[133],"class_list":{"0":"post-5445","1":"product","2":"type-product","3":"status-publish","4":"has-post-thumbnail","6":"product_cat-categoriapulseiraspulseira-feminina","7":"product_cat-categoriapulseiras","8":"product_tag-uze-pratas","10":"first","11":"outofstock","12":"shipping-taxable","13":"purchasable","14":"product-type-simple"},"_links":{"self":[{"href":"https:\/\/agenciausphot.com\/uze\/wp-json\/wp\/v2\/product\/5445","targetHints":{"allow":["GET"]}}],"collection":[{"href":"https:\/\/agenciausphot.com\/uze\/wp-json\/wp\/v2\/product"}],"about":[{"href":"https:\/\/agenciausphot.com\/uze\/wp-json\/wp\/v2\/types\/product"}],"replies":[{"embeddable":true,"href":"https:\/\/agenciausphot.com\/uze\/wp-json\/wp\/v2\/comments?post=5445"}],"version-history":[{"count":1,"href":"https:\/\/agenciausphot.com\/uze\/wp-json\/wp\/v2\/product\/5445\/revisions"}],"predecessor-version":[{"id":6180,"href":"https:\/\/agenciausphot.com\/uze\/wp-json\/wp\/v2\/product\/5445\/revisions\/6180"}],"wp:featuredmedia":[{"embeddable":true,"href":"https:\/\/agenciausphot.com\/uze\/wp-json\/wp\/v2\/media\/5444"}],"wp:attachment":[{"href":"https:\/\/agenciausphot.com\/uze\/wp-json\/wp\/v2\/media?parent=5445"}],"wp:term":[{"taxonomy":"brand","embeddable":true,"href":"https:\/\/agenciausphot.com\/uze\/wp-json\/wp\/v2\/etheme_brands?post=5445"},{"taxonomy":"product_brand","embeddable":true,"href":"https:\/\/agenciausphot.com\/uze\/wp-json\/wp\/v2\/product_brand?post=5445"},{"taxonomy":"product_cat","embeddable":true,"href":"https:\/\/agenciausphot.com\/uze\/wp-json\/wp\/v2\/product_cat?post=5445"},{"taxonomy":"product_tag","embeddable":true,"href":"https:\/\/agenciausphot.com\/uze\/wp-json\/wp\/v2\/product_tag?post=5445"}],"curies":[{"name":"wp","href":"https:\/\/api.w.org\/{rel}","templated":true}]}}