{"id":5443,"date":"2025-10-29T13:11:40","date_gmt":"2025-10-29T13:11:40","guid":{"rendered":"https:\/\/agenciausphot.com\/uze\/produto\/pulseira-com-elos-de-coracao\/"},"modified":"2025-12-22T16:26:13","modified_gmt":"2025-12-22T16:26:13","slug":"pulseira-com-elos-de-coracao","status":"publish","type":"product","link":"https:\/\/agenciausphot.com\/uze\/produto\/pulseira-com-elos-de-coracao\/","title":{"rendered":"Pulseira com elos de cora\u00e7\u00e3o"},"content":{"rendered":"<h3 data-start=\"98\" data-end=\"145\">Pulseira com Elos de Cora\u00e7\u00e3o em Prata 925<\/h3>\n<p data-start=\"146\" data-end=\"435\">Rom\u00e2ntica e delicada, a Pulseira com Elos de Cora\u00e7\u00e3o \u00e9 confeccionada em prata 925 leg\u00edtima e possui design encantador formado por cora\u00e7\u00f5es interligados.<br data-start=\"298\" data-end=\"301\"><br \/>\nCom acabamento polido e sofisticado, \u00e9 uma joia vers\u00e1til, perfeita para uso di\u00e1rio ou para compor combina\u00e7\u00f5es com outros acess\u00f3rios.<\/p>\n<p data-start=\"437\" data-end=\"463\"><strong data-start=\"437\" data-end=\"461\">Detalhes do produto:<\/strong><\/p>\n<ul data-start=\"464\" data-end=\"654\">\n<li data-start=\"464\" data-end=\"496\">\n<p data-start=\"466\" data-end=\"496\">Material: Prata 925 leg\u00edtima<\/p>\n<\/li>\n<li data-start=\"497\" data-end=\"535\">\n<p data-start=\"499\" data-end=\"535\">Design: Elos em formato de cora\u00e7\u00e3o<\/p>\n<\/li>\n<li data-start=\"536\" data-end=\"568\">\n<p data-start=\"538\" data-end=\"568\">Acabamento: Liso e brilhante<\/p>\n<\/li>\n<li data-start=\"569\" data-end=\"598\">\n<p data-start=\"571\" data-end=\"598\">Fecho resistente e seguro<\/p>\n<\/li>\n<li data-start=\"599\" data-end=\"625\">\n<p data-start=\"601\" data-end=\"625\">Produto hipoalerg\u00eanico<\/p>\n<\/li>\n<li data-start=\"626\" data-end=\"654\">\n<p data-start=\"628\" data-end=\"654\">Garantia eterna da prata<\/p>\n<\/li>\n<\/ul>\n","protected":false},"excerpt":{"rendered":"<p>Pulseira com Elos de Cora\u00e7\u00e3o em Prata 925 Rom\u00e2ntica e delicada, a Pulseira com Elos de Cora\u00e7\u00e3o \u00e9 confeccionada em prata 925 leg\u00edtima e possui&#8230;<\/p>\n","protected":false},"featured_media":5442,"comment_status":"open","ping_status":"closed","template":"","meta":[],"etheme_brands":[],"product_brand":[],"product_cat":[90,99],"product_tag":[133],"class_list":{"0":"post-5443","1":"product","2":"type-product","3":"status-publish","4":"has-post-thumbnail","6":"product_cat-categoriapulseiras","7":"product_cat-categoriapulseiraspulseira-masculina","8":"product_tag-uze-pratas","10":"first","11":"instock","12":"shipping-taxable","13":"purchasable","14":"product-type-simple"},"_links":{"self":[{"href":"https:\/\/agenciausphot.com\/uze\/wp-json\/wp\/v2\/product\/5443","targetHints":{"allow":["GET"]}}],"collection":[{"href":"https:\/\/agenciausphot.com\/uze\/wp-json\/wp\/v2\/product"}],"about":[{"href":"https:\/\/agenciausphot.com\/uze\/wp-json\/wp\/v2\/types\/product"}],"replies":[{"embeddable":true,"href":"https:\/\/agenciausphot.com\/uze\/wp-json\/wp\/v2\/comments?post=5443"}],"version-history":[{"count":1,"href":"https:\/\/agenciausphot.com\/uze\/wp-json\/wp\/v2\/product\/5443\/revisions"}],"predecessor-version":[{"id":6179,"href":"https:\/\/agenciausphot.com\/uze\/wp-json\/wp\/v2\/product\/5443\/revisions\/6179"}],"wp:featuredmedia":[{"embeddable":true,"href":"https:\/\/agenciausphot.com\/uze\/wp-json\/wp\/v2\/media\/5442"}],"wp:attachment":[{"href":"https:\/\/agenciausphot.com\/uze\/wp-json\/wp\/v2\/media?parent=5443"}],"wp:term":[{"taxonomy":"brand","embeddable":true,"href":"https:\/\/agenciausphot.com\/uze\/wp-json\/wp\/v2\/etheme_brands?post=5443"},{"taxonomy":"product_brand","embeddable":true,"href":"https:\/\/agenciausphot.com\/uze\/wp-json\/wp\/v2\/product_brand?post=5443"},{"taxonomy":"product_cat","embeddable":true,"href":"https:\/\/agenciausphot.com\/uze\/wp-json\/wp\/v2\/product_cat?post=5443"},{"taxonomy":"product_tag","embeddable":true,"href":"https:\/\/agenciausphot.com\/uze\/wp-json\/wp\/v2\/product_tag?post=5443"}],"curies":[{"name":"wp","href":"https:\/\/api.w.org\/{rel}","templated":true}]}}