{"id":5419,"date":"2025-10-29T13:11:23","date_gmt":"2025-10-29T13:11:23","guid":{"rendered":"https:\/\/agenciausphot.com\/uze\/produto\/brinco-de-prata-coracao-tarraxa-baby\/"},"modified":"2025-12-22T16:26:12","modified_gmt":"2025-12-22T16:26:12","slug":"brinco-de-prata-coracao-tarraxa-baby","status":"publish","type":"product","link":"https:\/\/agenciausphot.com\/uze\/produto\/brinco-de-prata-coracao-tarraxa-baby\/","title":{"rendered":"Brinco de prata cora\u00e7\u00e3o tarraxa baby"},"content":{"rendered":"<hr data-start=\"92\" data-end=\"95\">\n<h3 data-start=\"97\" data-end=\"143\">Brinco de Prata Cora\u00e7\u00e3o com Tarraxa Baby<\/h3>\n<p data-start=\"144\" data-end=\"436\">Delicado e seguro, o Brinco de Prata Cora\u00e7\u00e3o \u00e9 confeccionado em prata 925 leg\u00edtima e possui design cl\u00e1ssico em formato de cora\u00e7\u00e3o.<br data-start=\"274\" data-end=\"277\"><br \/>\nAcompanha tarraxa baby, que garante maior conforto e seguran\u00e7a, sendo ideal para crian\u00e7as, mas tamb\u00e9m perfeito para quem prefere joias discretas e delicadas.<\/p>\n<p data-start=\"438\" data-end=\"464\"><strong data-start=\"438\" data-end=\"462\">Detalhes do produto:<\/strong><\/p>\n<ul data-start=\"465\" data-end=\"632\">\n<li data-start=\"465\" data-end=\"497\">\n<p data-start=\"467\" data-end=\"497\">Material: Prata 925 leg\u00edtima<\/p>\n<\/li>\n<li data-start=\"498\" data-end=\"531\">\n<p data-start=\"500\" data-end=\"531\">Design: Cora\u00e7\u00e3o liso e polido<\/p>\n<\/li>\n<li data-start=\"532\" data-end=\"576\">\n<p data-start=\"534\" data-end=\"576\">Fecho: Tarraxa baby (encaixe de press\u00e3o)<\/p>\n<\/li>\n<li data-start=\"577\" data-end=\"603\">\n<p data-start=\"579\" data-end=\"603\">Produto hipoalerg\u00eanico<\/p>\n<\/li>\n<li data-start=\"604\" data-end=\"632\">\n<p data-start=\"606\" data-end=\"632\">Garantia eterna da prata<\/p>\n<\/li>\n<\/ul>\n","protected":false},"excerpt":{"rendered":"<p>Brinco de Prata Cora\u00e7\u00e3o com Tarraxa Baby Delicado e seguro, o Brinco de Prata Cora\u00e7\u00e3o \u00e9 confeccionado em prata 925 leg\u00edtima e possui design cl\u00e1ssico&#8230;<\/p>\n","protected":false},"featured_media":5418,"comment_status":"open","ping_status":"closed","template":"","meta":[],"etheme_brands":[],"product_brand":[],"product_cat":[117,97],"product_tag":[133],"class_list":{"0":"post-5419","1":"product","2":"type-product","3":"status-publish","4":"has-post-thumbnail","6":"product_cat-categoriabrincosbrinco-feminino","7":"product_cat-categoriabrincos","8":"product_tag-uze-pratas","10":"first","11":"instock","12":"shipping-taxable","13":"purchasable","14":"product-type-simple"},"_links":{"self":[{"href":"https:\/\/agenciausphot.com\/uze\/wp-json\/wp\/v2\/product\/5419","targetHints":{"allow":["GET"]}}],"collection":[{"href":"https:\/\/agenciausphot.com\/uze\/wp-json\/wp\/v2\/product"}],"about":[{"href":"https:\/\/agenciausphot.com\/uze\/wp-json\/wp\/v2\/types\/product"}],"replies":[{"embeddable":true,"href":"https:\/\/agenciausphot.com\/uze\/wp-json\/wp\/v2\/comments?post=5419"}],"version-history":[{"count":1,"href":"https:\/\/agenciausphot.com\/uze\/wp-json\/wp\/v2\/product\/5419\/revisions"}],"predecessor-version":[{"id":6167,"href":"https:\/\/agenciausphot.com\/uze\/wp-json\/wp\/v2\/product\/5419\/revisions\/6167"}],"wp:featuredmedia":[{"embeddable":true,"href":"https:\/\/agenciausphot.com\/uze\/wp-json\/wp\/v2\/media\/5418"}],"wp:attachment":[{"href":"https:\/\/agenciausphot.com\/uze\/wp-json\/wp\/v2\/media?parent=5419"}],"wp:term":[{"taxonomy":"brand","embeddable":true,"href":"https:\/\/agenciausphot.com\/uze\/wp-json\/wp\/v2\/etheme_brands?post=5419"},{"taxonomy":"product_brand","embeddable":true,"href":"https:\/\/agenciausphot.com\/uze\/wp-json\/wp\/v2\/product_brand?post=5419"},{"taxonomy":"product_cat","embeddable":true,"href":"https:\/\/agenciausphot.com\/uze\/wp-json\/wp\/v2\/product_cat?post=5419"},{"taxonomy":"product_tag","embeddable":true,"href":"https:\/\/agenciausphot.com\/uze\/wp-json\/wp\/v2\/product_tag?post=5419"}],"curies":[{"name":"wp","href":"https:\/\/api.w.org\/{rel}","templated":true}]}}