{"id":5417,"date":"2025-10-29T13:11:22","date_gmt":"2025-10-29T13:11:22","guid":{"rendered":"https:\/\/agenciausphot.com\/uze\/produto\/brinco-borboleta-metade-lado-liso-outra-metade-cravejada\/"},"modified":"2025-11-04T20:38:24","modified_gmt":"2025-11-04T20:38:24","slug":"brinco-borboleta-metade-lado-liso-outra-metade-cravejada","status":"publish","type":"product","link":"https:\/\/agenciausphot.com\/uze\/produto\/brinco-borboleta-metade-lado-liso-outra-metade-cravejada\/","title":{"rendered":"Brinco borboleta metade lado liso outra metade cravejada"},"content":{"rendered":"<h3 data-start=\"117\" data-end=\"183\">Brinco Borboleta Metade Liso e Metade Cravejado em Prata 925<\/h3>\n<p data-start=\"184\" data-end=\"536\">Delicado e cheio de charme, o Brinco Borboleta \u00e9 confeccionado em prata 925 leg\u00edtima e traz um design diferenciado: uma metade com acabamento liso e polido e a outra metade cravejada com zirc\u00f4nias de alto brilho.<br data-start=\"396\" data-end=\"399\"><br \/>\nO contraste entre o brilho e a suavidade cria uma pe\u00e7a moderna, elegante e repleta de simbolismo, representando leveza e transforma\u00e7\u00e3o.<\/p>\n<p data-start=\"538\" data-end=\"564\"><strong data-start=\"538\" data-end=\"562\">Detalhes do produto:<\/strong><\/p>\n<ul data-start=\"565\" data-end=\"792\">\n<li data-start=\"565\" data-end=\"597\">\n<p data-start=\"567\" data-end=\"597\">Material: Prata 925 leg\u00edtima<\/p>\n<\/li>\n<li data-start=\"598\" data-end=\"654\">\n<p data-start=\"600\" data-end=\"654\">Design: Borboleta com metade lisa e metade cravejada<\/p>\n<\/li>\n<li data-start=\"655\" data-end=\"701\">\n<p data-start=\"657\" data-end=\"701\">Pedra: Zirc\u00f4nias brancas de alta qualidade<\/p>\n<\/li>\n<li data-start=\"702\" data-end=\"736\">\n<p data-start=\"704\" data-end=\"736\">Acabamento: Polido e brilhante<\/p>\n<\/li>\n<li data-start=\"737\" data-end=\"763\">\n<p data-start=\"739\" data-end=\"763\">Produto hipoalerg\u00eanico<\/p>\n<\/li>\n<li data-start=\"764\" data-end=\"792\">\n<p data-start=\"766\" data-end=\"792\">Garantia eterna da prata<\/p>\n<\/li>\n<\/ul>\n","protected":false},"excerpt":{"rendered":"<p>Brinco Borboleta Metade Liso e Metade Cravejado em Prata 925 Delicado e cheio de charme, o Brinco Borboleta \u00e9 confeccionado em prata 925 leg\u00edtima e&#8230;<\/p>\n","protected":false},"featured_media":5416,"comment_status":"open","ping_status":"closed","template":"","meta":[],"etheme_brands":[],"product_brand":[],"product_cat":[117,97],"product_tag":[133],"class_list":{"0":"post-5417","1":"product","2":"type-product","3":"status-publish","4":"has-post-thumbnail","6":"product_cat-categoriabrincosbrinco-feminino","7":"product_cat-categoriabrincos","8":"product_tag-uze-pratas","10":"first","11":"instock","12":"shipping-taxable","13":"purchasable","14":"product-type-simple"},"_links":{"self":[{"href":"https:\/\/agenciausphot.com\/uze\/wp-json\/wp\/v2\/product\/5417","targetHints":{"allow":["GET"]}}],"collection":[{"href":"https:\/\/agenciausphot.com\/uze\/wp-json\/wp\/v2\/product"}],"about":[{"href":"https:\/\/agenciausphot.com\/uze\/wp-json\/wp\/v2\/types\/product"}],"replies":[{"embeddable":true,"href":"https:\/\/agenciausphot.com\/uze\/wp-json\/wp\/v2\/comments?post=5417"}],"version-history":[{"count":1,"href":"https:\/\/agenciausphot.com\/uze\/wp-json\/wp\/v2\/product\/5417\/revisions"}],"predecessor-version":[{"id":6166,"href":"https:\/\/agenciausphot.com\/uze\/wp-json\/wp\/v2\/product\/5417\/revisions\/6166"}],"wp:featuredmedia":[{"embeddable":true,"href":"https:\/\/agenciausphot.com\/uze\/wp-json\/wp\/v2\/media\/5416"}],"wp:attachment":[{"href":"https:\/\/agenciausphot.com\/uze\/wp-json\/wp\/v2\/media?parent=5417"}],"wp:term":[{"taxonomy":"brand","embeddable":true,"href":"https:\/\/agenciausphot.com\/uze\/wp-json\/wp\/v2\/etheme_brands?post=5417"},{"taxonomy":"product_brand","embeddable":true,"href":"https:\/\/agenciausphot.com\/uze\/wp-json\/wp\/v2\/product_brand?post=5417"},{"taxonomy":"product_cat","embeddable":true,"href":"https:\/\/agenciausphot.com\/uze\/wp-json\/wp\/v2\/product_cat?post=5417"},{"taxonomy":"product_tag","embeddable":true,"href":"https:\/\/agenciausphot.com\/uze\/wp-json\/wp\/v2\/product_tag?post=5417"}],"curies":[{"name":"wp","href":"https:\/\/api.w.org\/{rel}","templated":true}]}}