{"id":5413,"date":"2025-10-29T13:11:19","date_gmt":"2025-10-29T13:11:19","guid":{"rendered":"https:\/\/agenciausphot.com\/uze\/produto\/brinco-ponto-de-luz-redondo-medio\/"},"modified":"2025-12-04T18:41:55","modified_gmt":"2025-12-04T18:41:55","slug":"brinco-ponto-de-luz-redondo-medio","status":"publish","type":"product","link":"https:\/\/agenciausphot.com\/uze\/produto\/brinco-ponto-de-luz-redondo-medio\/","title":{"rendered":"Brinco ponto de luz redondo medio"},"content":{"rendered":"<h3 data-start=\"103\" data-end=\"155\">Brinco Ponto de Luz Redondo M\u00e9dio em Prata 925<\/h3>\n<p data-start=\"156\" data-end=\"439\">Cl\u00e1ssico e atemporal, o Brinco Ponto de Luz Redondo M\u00e9dio \u00e9 confeccionado em prata 925 leg\u00edtima e conta com zirc\u00f4nia de alto brilho em formato redondo.<br data-start=\"307\" data-end=\"310\"><br \/>\nUma pe\u00e7a vers\u00e1til que traz luminosidade e eleg\u00e2ncia, perfeita para compor qualquer produ\u00e7\u00e3o, do dia a dia a ocasi\u00f5es especiais.<\/p>\n<p data-start=\"441\" data-end=\"467\"><strong data-start=\"441\" data-end=\"465\">Detalhes do produto:<\/strong><\/p>\n<ul data-start=\"468\" data-end=\"636\">\n<li data-start=\"468\" data-end=\"500\">\n<p data-start=\"470\" data-end=\"500\">Material: Prata 925 leg\u00edtima<\/p>\n<\/li>\n<li data-start=\"501\" data-end=\"545\">\n<p data-start=\"503\" data-end=\"545\">Pedra: Zirc\u00f4nia redonda de tamanho m\u00e9dio<\/p>\n<\/li>\n<li data-start=\"546\" data-end=\"580\">\n<p data-start=\"548\" data-end=\"580\">Acabamento: Polido e brilhante<\/p>\n<\/li>\n<li data-start=\"581\" data-end=\"607\">\n<p data-start=\"583\" data-end=\"607\">Produto hipoalerg\u00eanico<\/p>\n<\/li>\n<li data-start=\"608\" data-end=\"636\">\n<p data-start=\"610\" data-end=\"636\">Garantia eterna da prata<\/p>\n<\/li>\n<\/ul>\n<p data-start=\"638\" data-end=\"758\">Um brinco indispens\u00e1vel em qualquer porta-joias, que combina praticidade, beleza e sofistica\u00e7\u00e3o em um \u00fanico acess\u00f3rio.<\/p>\n","protected":false},"excerpt":{"rendered":"<p>Brinco Ponto de Luz Redondo M\u00e9dio em Prata 925 Cl\u00e1ssico e atemporal, o Brinco Ponto de Luz Redondo M\u00e9dio \u00e9 confeccionado em prata 925 leg\u00edtima&#8230;<\/p>\n","protected":false},"featured_media":5412,"comment_status":"open","ping_status":"closed","template":"","meta":[],"etheme_brands":[],"product_brand":[],"product_cat":[117,97],"product_tag":[133],"class_list":{"0":"post-5413","1":"product","2":"type-product","3":"status-publish","4":"has-post-thumbnail","6":"product_cat-categoriabrincosbrinco-feminino","7":"product_cat-categoriabrincos","8":"product_tag-uze-pratas","10":"first","11":"instock","12":"shipping-taxable","13":"purchasable","14":"product-type-simple"},"_links":{"self":[{"href":"https:\/\/agenciausphot.com\/uze\/wp-json\/wp\/v2\/product\/5413","targetHints":{"allow":["GET"]}}],"collection":[{"href":"https:\/\/agenciausphot.com\/uze\/wp-json\/wp\/v2\/product"}],"about":[{"href":"https:\/\/agenciausphot.com\/uze\/wp-json\/wp\/v2\/types\/product"}],"replies":[{"embeddable":true,"href":"https:\/\/agenciausphot.com\/uze\/wp-json\/wp\/v2\/comments?post=5413"}],"version-history":[{"count":1,"href":"https:\/\/agenciausphot.com\/uze\/wp-json\/wp\/v2\/product\/5413\/revisions"}],"predecessor-version":[{"id":6164,"href":"https:\/\/agenciausphot.com\/uze\/wp-json\/wp\/v2\/product\/5413\/revisions\/6164"}],"wp:featuredmedia":[{"embeddable":true,"href":"https:\/\/agenciausphot.com\/uze\/wp-json\/wp\/v2\/media\/5412"}],"wp:attachment":[{"href":"https:\/\/agenciausphot.com\/uze\/wp-json\/wp\/v2\/media?parent=5413"}],"wp:term":[{"taxonomy":"brand","embeddable":true,"href":"https:\/\/agenciausphot.com\/uze\/wp-json\/wp\/v2\/etheme_brands?post=5413"},{"taxonomy":"product_brand","embeddable":true,"href":"https:\/\/agenciausphot.com\/uze\/wp-json\/wp\/v2\/product_brand?post=5413"},{"taxonomy":"product_cat","embeddable":true,"href":"https:\/\/agenciausphot.com\/uze\/wp-json\/wp\/v2\/product_cat?post=5413"},{"taxonomy":"product_tag","embeddable":true,"href":"https:\/\/agenciausphot.com\/uze\/wp-json\/wp\/v2\/product_tag?post=5413"}],"curies":[{"name":"wp","href":"https:\/\/api.w.org\/{rel}","templated":true}]}}