{"id":5403,"date":"2025-10-29T13:11:12","date_gmt":"2025-10-29T13:11:12","guid":{"rendered":"https:\/\/agenciausphot.com\/uze\/produto\/brinco-minnie\/"},"modified":"2025-11-04T20:38:19","modified_gmt":"2025-11-04T20:38:19","slug":"brinco-minnie","status":"publish","type":"product","link":"https:\/\/agenciausphot.com\/uze\/produto\/brinco-minnie\/","title":{"rendered":"Brinco minnie"},"content":{"rendered":"<h3 data-start=\"83\" data-end=\"115\">Brinco Minnie em Prata 925<\/h3>\n<p data-start=\"116\" data-end=\"415\">Charmoso e divertido, o Brinco Minnie \u00e9 perfeito para quem ama estilo aliado a delicadeza. Confeccionado em prata 925 leg\u00edtima, possui acabamento polido que garante brilho e durabilidade.<br data-start=\"303\" data-end=\"306\"><br \/>\nInspirado na personagem cl\u00e1ssica, \u00e9 uma pe\u00e7a encantadora para compor looks leves e cheios de personalidade.<\/p>\n<p data-start=\"417\" data-end=\"443\"><strong data-start=\"417\" data-end=\"441\">Detalhes do produto:<\/strong><\/p>\n<ul data-start=\"444\" data-end=\"592\">\n<li data-start=\"444\" data-end=\"476\">\n<p data-start=\"446\" data-end=\"476\">Material: Prata 925 leg\u00edtima<\/p>\n<\/li>\n<li data-start=\"477\" data-end=\"506\">\n<p data-start=\"479\" data-end=\"506\">Design: Minnie estilizada<\/p>\n<\/li>\n<li data-start=\"507\" data-end=\"536\">\n<p data-start=\"509\" data-end=\"536\">Acabamento: Liso e polido<\/p>\n<\/li>\n<li data-start=\"537\" data-end=\"563\">\n<p data-start=\"539\" data-end=\"563\">Produto hipoalerg\u00eanico<\/p>\n<\/li>\n<li data-start=\"564\" data-end=\"592\">\n<p data-start=\"566\" data-end=\"592\">Garantia eterna da prata<\/p>\n<\/li>\n<\/ul>\n<p data-start=\"594\" data-end=\"723\">Uma joia fofa e atemporal, que combina tanto com crian\u00e7as quanto com adultos que n\u00e3o abrem m\u00e3o de um toque divertido no visual.<\/p>\n","protected":false},"excerpt":{"rendered":"<p>Brinco Minnie em Prata 925 Charmoso e divertido, o Brinco Minnie \u00e9 perfeito para quem ama estilo aliado a delicadeza. Confeccionado em prata 925 leg\u00edtima,&#8230;<\/p>\n","protected":false},"featured_media":5402,"comment_status":"open","ping_status":"closed","template":"","meta":[],"etheme_brands":[],"product_brand":[],"product_cat":[117,97],"product_tag":[133],"class_list":{"0":"post-5403","1":"product","2":"type-product","3":"status-publish","4":"has-post-thumbnail","6":"product_cat-categoriabrincosbrinco-feminino","7":"product_cat-categoriabrincos","8":"product_tag-uze-pratas","10":"first","11":"instock","12":"shipping-taxable","13":"purchasable","14":"product-type-simple"},"_links":{"self":[{"href":"https:\/\/agenciausphot.com\/uze\/wp-json\/wp\/v2\/product\/5403","targetHints":{"allow":["GET"]}}],"collection":[{"href":"https:\/\/agenciausphot.com\/uze\/wp-json\/wp\/v2\/product"}],"about":[{"href":"https:\/\/agenciausphot.com\/uze\/wp-json\/wp\/v2\/types\/product"}],"replies":[{"embeddable":true,"href":"https:\/\/agenciausphot.com\/uze\/wp-json\/wp\/v2\/comments?post=5403"}],"version-history":[{"count":1,"href":"https:\/\/agenciausphot.com\/uze\/wp-json\/wp\/v2\/product\/5403\/revisions"}],"predecessor-version":[{"id":6159,"href":"https:\/\/agenciausphot.com\/uze\/wp-json\/wp\/v2\/product\/5403\/revisions\/6159"}],"wp:featuredmedia":[{"embeddable":true,"href":"https:\/\/agenciausphot.com\/uze\/wp-json\/wp\/v2\/media\/5402"}],"wp:attachment":[{"href":"https:\/\/agenciausphot.com\/uze\/wp-json\/wp\/v2\/media?parent=5403"}],"wp:term":[{"taxonomy":"brand","embeddable":true,"href":"https:\/\/agenciausphot.com\/uze\/wp-json\/wp\/v2\/etheme_brands?post=5403"},{"taxonomy":"product_brand","embeddable":true,"href":"https:\/\/agenciausphot.com\/uze\/wp-json\/wp\/v2\/product_brand?post=5403"},{"taxonomy":"product_cat","embeddable":true,"href":"https:\/\/agenciausphot.com\/uze\/wp-json\/wp\/v2\/product_cat?post=5403"},{"taxonomy":"product_tag","embeddable":true,"href":"https:\/\/agenciausphot.com\/uze\/wp-json\/wp\/v2\/product_tag?post=5403"}],"curies":[{"name":"wp","href":"https:\/\/api.w.org\/{rel}","templated":true}]}}