{"id":5399,"date":"2025-10-29T13:11:09","date_gmt":"2025-10-29T13:11:09","guid":{"rendered":"https:\/\/agenciausphot.com\/uze\/produto\/brinco-circulo-folha-ondulado-liso-de-prata\/"},"modified":"2025-11-04T20:38:18","modified_gmt":"2025-11-04T20:38:18","slug":"brinco-circulo-folha-ondulado-liso-de-prata","status":"publish","type":"product","link":"https:\/\/agenciausphot.com\/uze\/produto\/brinco-circulo-folha-ondulado-liso-de-prata\/","title":{"rendered":"Brinco c\u00edrculo folha ondulado liso de prata"},"content":{"rendered":"<h3 data-start=\"117\" data-end=\"170\">Brinco C\u00edrculo Folha Ondulado Liso em Prata 925<\/h3>\n<p data-start=\"171\" data-end=\"430\">Sofistica\u00e7\u00e3o em cada detalhe. O Brinco C\u00edrculo Folha apresenta um design moderno com acabamento liso e ondulado, trazendo movimento e eleg\u00e2ncia para o visual.<br data-start=\"329\" data-end=\"332\"><br \/>\nProduzido em prata 925 leg\u00edtima, \u00e9 uma pe\u00e7a leve, hipoalerg\u00eanica e com garantia eterna da prata.<\/p>\n<p data-start=\"432\" data-end=\"458\"><strong data-start=\"432\" data-end=\"456\">Detalhes do produto:<\/strong><\/p>\n<ul data-start=\"459\" data-end=\"639\">\n<li data-start=\"459\" data-end=\"491\">\n<p data-start=\"461\" data-end=\"491\">Material: Prata 925 leg\u00edtima<\/p>\n<\/li>\n<li data-start=\"492\" data-end=\"531\">\n<p data-start=\"494\" data-end=\"531\">Formato: C\u00edrculo com folha ondulada<\/p>\n<\/li>\n<li data-start=\"532\" data-end=\"561\">\n<p data-start=\"534\" data-end=\"561\">Acabamento: Liso e polido<\/p>\n<\/li>\n<li data-start=\"562\" data-end=\"591\">\n<p data-start=\"564\" data-end=\"591\">Design moderno e vers\u00e1til<\/p>\n<\/li>\n<li data-start=\"592\" data-end=\"610\">\n<p data-start=\"594\" data-end=\"610\">Hipoalerg\u00eanico<\/p>\n<\/li>\n<li data-start=\"611\" data-end=\"639\">\n<p data-start=\"613\" data-end=\"639\">Garantia eterna da prata<\/p>\n<\/li>\n<\/ul>\n<p data-start=\"641\" data-end=\"749\">Um acess\u00f3rio perfeito para compor looks sofisticados e destacar sua personalidade com delicadeza e estilo.<\/p>\n","protected":false},"excerpt":{"rendered":"<p>Brinco C\u00edrculo Folha Ondulado Liso em Prata 925 Sofistica\u00e7\u00e3o em cada detalhe. O Brinco C\u00edrculo Folha apresenta um design moderno com acabamento liso e ondulado,&#8230;<\/p>\n","protected":false},"featured_media":5396,"comment_status":"open","ping_status":"closed","template":"","meta":[],"etheme_brands":[],"product_brand":[],"product_cat":[117,97],"product_tag":[133],"class_list":{"0":"post-5399","1":"product","2":"type-product","3":"status-publish","4":"has-post-thumbnail","6":"product_cat-categoriabrincosbrinco-feminino","7":"product_cat-categoriabrincos","8":"product_tag-uze-pratas","10":"first","11":"instock","12":"shipping-taxable","13":"purchasable","14":"product-type-simple"},"_links":{"self":[{"href":"https:\/\/agenciausphot.com\/uze\/wp-json\/wp\/v2\/product\/5399","targetHints":{"allow":["GET"]}}],"collection":[{"href":"https:\/\/agenciausphot.com\/uze\/wp-json\/wp\/v2\/product"}],"about":[{"href":"https:\/\/agenciausphot.com\/uze\/wp-json\/wp\/v2\/types\/product"}],"replies":[{"embeddable":true,"href":"https:\/\/agenciausphot.com\/uze\/wp-json\/wp\/v2\/comments?post=5399"}],"version-history":[{"count":1,"href":"https:\/\/agenciausphot.com\/uze\/wp-json\/wp\/v2\/product\/5399\/revisions"}],"predecessor-version":[{"id":6157,"href":"https:\/\/agenciausphot.com\/uze\/wp-json\/wp\/v2\/product\/5399\/revisions\/6157"}],"wp:featuredmedia":[{"embeddable":true,"href":"https:\/\/agenciausphot.com\/uze\/wp-json\/wp\/v2\/media\/5396"}],"wp:attachment":[{"href":"https:\/\/agenciausphot.com\/uze\/wp-json\/wp\/v2\/media?parent=5399"}],"wp:term":[{"taxonomy":"brand","embeddable":true,"href":"https:\/\/agenciausphot.com\/uze\/wp-json\/wp\/v2\/etheme_brands?post=5399"},{"taxonomy":"product_brand","embeddable":true,"href":"https:\/\/agenciausphot.com\/uze\/wp-json\/wp\/v2\/product_brand?post=5399"},{"taxonomy":"product_cat","embeddable":true,"href":"https:\/\/agenciausphot.com\/uze\/wp-json\/wp\/v2\/product_cat?post=5399"},{"taxonomy":"product_tag","embeddable":true,"href":"https:\/\/agenciausphot.com\/uze\/wp-json\/wp\/v2\/product_tag?post=5399"}],"curies":[{"name":"wp","href":"https:\/\/api.w.org\/{rel}","templated":true}]}}