{"id":5377,"date":"2025-10-29T13:10:53","date_gmt":"2025-10-29T13:10:53","guid":{"rendered":"https:\/\/agenciausphot.com\/uze\/produto\/conjunto-ponto-de-luz-cristal\/"},"modified":"2025-12-22T16:26:11","modified_gmt":"2025-12-22T16:26:11","slug":"conjunto-ponto-de-luz-cristal","status":"publish","type":"product","link":"https:\/\/agenciausphot.com\/uze\/produto\/conjunto-ponto-de-luz-cristal\/","title":{"rendered":"Conjunto ponto de luz cristal"},"content":{"rendered":"<h3 data-start=\"111\" data-end=\"137\">Detalhes do Produto:<\/h3>\n<p data-start=\"138\" data-end=\"510\">Conjunto em <strong data-start=\"150\" data-end=\"172\">Prata 925 leg\u00edtima<\/strong>, composto por <strong data-start=\"187\" data-end=\"206\">colar e brincos<\/strong> no cl\u00e1ssico modelo <strong data-start=\"226\" data-end=\"242\">ponto de luz<\/strong>, com zirc\u00f4nias cristal em corte redondo que refletem brilho intenso e sofisticado. Uma joia atemporal, delicada e vers\u00e1til, perfeita para uso di\u00e1rio ou ocasi\u00f5es especiais. O conjunto transmite eleg\u00e2ncia minimalista, sendo tamb\u00e9m uma excelente op\u00e7\u00e3o para presentear.<\/p>\n<p data-start=\"512\" data-end=\"650\">A prata 925 \u00e9 hipoalerg\u00eanica e possui <strong data-start=\"550\" data-end=\"572\">garantia vital\u00edcia<\/strong>, reconhecida por sua resist\u00eancia, durabilidade e excelente custo-benef\u00edcio.<\/p>\n<hr data-start=\"652\" data-end=\"655\">\n<h3 data-start=\"657\" data-end=\"689\">Especifica\u00e7\u00f5es do produto:<\/h3>\n<ul data-start=\"690\" data-end=\"986\">\n<li data-start=\"690\" data-end=\"735\">\n<p data-start=\"692\" data-end=\"735\"><strong data-start=\"692\" data-end=\"703\">Modelo:<\/strong> Conjunto Ponto de Luz Cristal<\/p>\n<\/li>\n<li data-start=\"736\" data-end=\"773\">\n<p data-start=\"738\" data-end=\"773\"><strong data-start=\"738\" data-end=\"748\">Itens:<\/strong> Colar + Par de brincos<\/p>\n<\/li>\n<li data-start=\"774\" data-end=\"823\">\n<p data-start=\"776\" data-end=\"823\"><strong data-start=\"776\" data-end=\"787\">Pedras:<\/strong> Zirc\u00f4nias cristal (corte redondo)<\/p>\n<\/li>\n<li data-start=\"824\" data-end=\"860\">\n<p data-start=\"826\" data-end=\"860\"><strong data-start=\"826\" data-end=\"839\">Material:<\/strong> Prata 925 leg\u00edtima<\/p>\n<\/li>\n<li data-start=\"861\" data-end=\"897\">\n<p data-start=\"863\" data-end=\"897\"><strong data-start=\"863\" data-end=\"878\">Acabamento:<\/strong> Polido brilhante<\/p>\n<\/li>\n<li data-start=\"898\" data-end=\"961\">\n<p data-start=\"900\" data-end=\"961\"><strong data-start=\"900\" data-end=\"928\">Tamanho do Ponto de Luz:<\/strong> 4mm (varia\u00e7\u00e3o conforme modelo)<\/p>\n<\/li>\n<li data-start=\"962\" data-end=\"986\">\n<p data-start=\"964\" data-end=\"986\"><strong data-start=\"964\" data-end=\"979\">Peso m\u00e9dio:<\/strong> 3,5g<\/p>\n<\/li>\n<\/ul>\n<hr data-start=\"988\" data-end=\"991\">\n<h3 data-start=\"993\" data-end=\"1008\">Garantia:<\/h3>\n<p data-start=\"1009\" data-end=\"1277\">Todos os conjuntos em <strong data-start=\"1031\" data-end=\"1044\">Prata 925<\/strong> acompanham <strong data-start=\"1056\" data-end=\"1100\">Certificado de Garantia de Autenticidade<\/strong>, assegurando a <strong data-start=\"1116\" data-end=\"1134\">dura\u00e7\u00e3o eterna<\/strong> do material. Diferente das bijuterias, pe\u00e7as em Prata 925 preservam brilho, valor e sofistica\u00e7\u00e3o por toda a vida, assim como o <strong data-start=\"1262\" data-end=\"1274\">Ouro 18k<\/strong>.<\/p>\n","protected":false},"excerpt":{"rendered":"<p>Detalhes do Produto: Conjunto em Prata 925 leg\u00edtima, composto por colar e brincos no cl\u00e1ssico modelo ponto de luz, com zirc\u00f4nias cristal em corte redondo&#8230;<\/p>\n","protected":false},"featured_media":5376,"comment_status":"open","ping_status":"closed","template":"","meta":[],"etheme_brands":[],"product_brand":[],"product_cat":[109,94],"product_tag":[133],"class_list":{"0":"post-5377","1":"product","2":"type-product","3":"status-publish","4":"has-post-thumbnail","6":"product_cat-categoriaconjuntosconjunto-feminino","7":"product_cat-categoriaconjuntos","8":"product_tag-uze-pratas","10":"first","11":"outofstock","12":"shipping-taxable","13":"purchasable","14":"product-type-simple"},"_links":{"self":[{"href":"https:\/\/agenciausphot.com\/uze\/wp-json\/wp\/v2\/product\/5377","targetHints":{"allow":["GET"]}}],"collection":[{"href":"https:\/\/agenciausphot.com\/uze\/wp-json\/wp\/v2\/product"}],"about":[{"href":"https:\/\/agenciausphot.com\/uze\/wp-json\/wp\/v2\/types\/product"}],"replies":[{"embeddable":true,"href":"https:\/\/agenciausphot.com\/uze\/wp-json\/wp\/v2\/comments?post=5377"}],"version-history":[{"count":1,"href":"https:\/\/agenciausphot.com\/uze\/wp-json\/wp\/v2\/product\/5377\/revisions"}],"predecessor-version":[{"id":6147,"href":"https:\/\/agenciausphot.com\/uze\/wp-json\/wp\/v2\/product\/5377\/revisions\/6147"}],"wp:featuredmedia":[{"embeddable":true,"href":"https:\/\/agenciausphot.com\/uze\/wp-json\/wp\/v2\/media\/5376"}],"wp:attachment":[{"href":"https:\/\/agenciausphot.com\/uze\/wp-json\/wp\/v2\/media?parent=5377"}],"wp:term":[{"taxonomy":"brand","embeddable":true,"href":"https:\/\/agenciausphot.com\/uze\/wp-json\/wp\/v2\/etheme_brands?post=5377"},{"taxonomy":"product_brand","embeddable":true,"href":"https:\/\/agenciausphot.com\/uze\/wp-json\/wp\/v2\/product_brand?post=5377"},{"taxonomy":"product_cat","embeddable":true,"href":"https:\/\/agenciausphot.com\/uze\/wp-json\/wp\/v2\/product_cat?post=5377"},{"taxonomy":"product_tag","embeddable":true,"href":"https:\/\/agenciausphot.com\/uze\/wp-json\/wp\/v2\/product_tag?post=5377"}],"curies":[{"name":"wp","href":"https:\/\/api.w.org\/{rel}","templated":true}]}}