{"id":5375,"date":"2025-10-29T13:10:51","date_gmt":"2025-10-29T13:10:51","guid":{"rendered":"https:\/\/agenciausphot.com\/uze\/produto\/alianca-quadrada-unitaria-de-prata-lisa-35mm-18\/"},"modified":"2025-12-15T13:22:48","modified_gmt":"2025-12-15T13:22:48","slug":"alianca-quadrada-unitaria-de-prata-lisa-35mm-18","status":"publish","type":"product","link":"https:\/\/agenciausphot.com\/uze\/produto\/alianca-quadrada-unitaria-de-prata-lisa-35mm-18\/","title":{"rendered":"Alian\u00e7a quadrada unit\u00e1ria de prata lisa 3,5mm 18"},"content":{"rendered":"<h3 data-start=\"127\" data-end=\"153\">Detalhes do Produto:<\/h3>\n<p data-start=\"154\" data-end=\"503\">Alian\u00e7a em <strong data-start=\"165\" data-end=\"187\">Prata 925 leg\u00edtima<\/strong>, modelo <strong data-start=\"196\" data-end=\"208\">quadrado<\/strong> e <strong data-start=\"211\" data-end=\"219\">liso<\/strong>, com <strong data-start=\"225\" data-end=\"245\">3,5mm de largura<\/strong>. O design moderno e minimalista traz sofistica\u00e7\u00e3o e personalidade, sendo ideal para representar compromisso em uma pe\u00e7a diferenciada. O acabamento polido garante brilho elegante, enquanto o formato quadrado proporciona um estilo contempor\u00e2neo e exclusivo.<\/p>\n<p data-start=\"505\" data-end=\"643\">A prata 925 \u00e9 hipoalerg\u00eanica e possui <strong data-start=\"543\" data-end=\"565\">garantia vital\u00edcia<\/strong>, reconhecida por sua resist\u00eancia, durabilidade e excelente custo-benef\u00edcio.<\/p>\n<hr data-start=\"645\" data-end=\"648\">\n<h3 data-start=\"650\" data-end=\"682\">Especifica\u00e7\u00f5es do produto:<\/h3>\n<ul data-start=\"683\" data-end=\"963\">\n<li data-start=\"683\" data-end=\"729\">\n<p data-start=\"685\" data-end=\"729\"><strong data-start=\"685\" data-end=\"696\">Modelo:<\/strong> Alian\u00e7a Quadrada Lisa Unit\u00e1ria<\/p>\n<\/li>\n<li data-start=\"730\" data-end=\"752\">\n<p data-start=\"732\" data-end=\"752\"><strong data-start=\"732\" data-end=\"744\">Largura:<\/strong> 3,5mm<\/p>\n<\/li>\n<li data-start=\"753\" data-end=\"779\">\n<p data-start=\"755\" data-end=\"779\"><strong data-start=\"755\" data-end=\"763\">Aro:<\/strong> 18 (unit\u00e1ria)<\/p>\n<\/li>\n<li data-start=\"780\" data-end=\"805\">\n<p data-start=\"782\" data-end=\"805\"><strong data-start=\"782\" data-end=\"794\">Formato:<\/strong> Quadrado<\/p>\n<\/li>\n<li data-start=\"806\" data-end=\"842\">\n<p data-start=\"808\" data-end=\"842\"><strong data-start=\"808\" data-end=\"821\">Material:<\/strong> Prata 925 leg\u00edtima<\/p>\n<\/li>\n<li data-start=\"843\" data-end=\"884\">\n<p data-start=\"845\" data-end=\"884\"><strong data-start=\"845\" data-end=\"860\">Acabamento:<\/strong> Liso polido brilhante<\/p>\n<\/li>\n<li data-start=\"885\" data-end=\"908\">\n<p data-start=\"887\" data-end=\"908\"><strong data-start=\"887\" data-end=\"898\">G\u00eanero:<\/strong> Unissex<\/p>\n<\/li>\n<li data-start=\"909\" data-end=\"963\">\n<p data-start=\"911\" data-end=\"963\"><strong data-start=\"911\" data-end=\"920\">Peso:<\/strong> Aprox. 2,8g (pode variar conforme o aro)<\/p>\n<\/li>\n<\/ul>\n<hr data-start=\"965\" data-end=\"968\">\n<h3 data-start=\"970\" data-end=\"985\">Garantia:<\/h3>\n<p data-start=\"986\" data-end=\"1255\">Todas as alian\u00e7as em <strong data-start=\"1007\" data-end=\"1020\">Prata 925<\/strong> acompanham <strong data-start=\"1032\" data-end=\"1076\">Certificado de Garantia de Autenticidade<\/strong>, assegurando a <strong data-start=\"1092\" data-end=\"1110\">dura\u00e7\u00e3o eterna<\/strong> do material. Diferente das bijuterias, alian\u00e7as em Prata 925 preservam brilho, valor e significado por toda a vida, assim como o <strong data-start=\"1240\" data-end=\"1252\">Ouro 18k<\/strong>.<\/p>\n<hr data-start=\"1257\" data-end=\"1262\">\n<p data-start=\"1264\" data-end=\"1433\" data-is-last-node=\"\" data-is-only-node=\"\">\n","protected":false},"excerpt":{"rendered":"<p>Detalhes do Produto: Alian\u00e7a em Prata 925 leg\u00edtima, modelo quadrado e liso, com 3,5mm de largura. O design moderno e minimalista traz sofistica\u00e7\u00e3o e personalidade,&#8230;<\/p>\n","protected":false},"featured_media":5374,"comment_status":"open","ping_status":"closed","template":"","meta":[],"etheme_brands":[],"product_brand":[],"product_cat":[92,130],"product_tag":[133],"class_list":{"0":"post-5375","1":"product","2":"type-product","3":"status-publish","4":"has-post-thumbnail","6":"product_cat-categoriaanis","7":"product_cat-categoriaanisalianas","8":"product_tag-uze-pratas","10":"first","11":"outofstock","12":"shipping-taxable","13":"purchasable","14":"product-type-variable"},"_links":{"self":[{"href":"https:\/\/agenciausphot.com\/uze\/wp-json\/wp\/v2\/product\/5375","targetHints":{"allow":["GET"]}}],"collection":[{"href":"https:\/\/agenciausphot.com\/uze\/wp-json\/wp\/v2\/product"}],"about":[{"href":"https:\/\/agenciausphot.com\/uze\/wp-json\/wp\/v2\/types\/product"}],"replies":[{"embeddable":true,"href":"https:\/\/agenciausphot.com\/uze\/wp-json\/wp\/v2\/comments?post=5375"}],"version-history":[{"count":1,"href":"https:\/\/agenciausphot.com\/uze\/wp-json\/wp\/v2\/product\/5375\/revisions"}],"predecessor-version":[{"id":6146,"href":"https:\/\/agenciausphot.com\/uze\/wp-json\/wp\/v2\/product\/5375\/revisions\/6146"}],"wp:featuredmedia":[{"embeddable":true,"href":"https:\/\/agenciausphot.com\/uze\/wp-json\/wp\/v2\/media\/5374"}],"wp:attachment":[{"href":"https:\/\/agenciausphot.com\/uze\/wp-json\/wp\/v2\/media?parent=5375"}],"wp:term":[{"taxonomy":"brand","embeddable":true,"href":"https:\/\/agenciausphot.com\/uze\/wp-json\/wp\/v2\/etheme_brands?post=5375"},{"taxonomy":"product_brand","embeddable":true,"href":"https:\/\/agenciausphot.com\/uze\/wp-json\/wp\/v2\/product_brand?post=5375"},{"taxonomy":"product_cat","embeddable":true,"href":"https:\/\/agenciausphot.com\/uze\/wp-json\/wp\/v2\/product_cat?post=5375"},{"taxonomy":"product_tag","embeddable":true,"href":"https:\/\/agenciausphot.com\/uze\/wp-json\/wp\/v2\/product_tag?post=5375"}],"curies":[{"name":"wp","href":"https:\/\/api.w.org\/{rel}","templated":true}]}}