{"id":5317,"date":"2025-10-29T13:10:09","date_gmt":"2025-10-29T13:10:09","guid":{"rendered":"https:\/\/agenciausphot.com\/uze\/produto\/piercing-haste-raio-com-zirconia-6mm-orelha-esquerda\/"},"modified":"2025-12-04T18:41:39","modified_gmt":"2025-12-04T18:41:39","slug":"piercing-haste-raio-com-zirconia-6mm-orelha-esquerda","status":"publish","type":"product","link":"https:\/\/agenciausphot.com\/uze\/produto\/piercing-haste-raio-com-zirconia-6mm-orelha-esquerda\/","title":{"rendered":"Piercing haste raio com zirc\u00f4nia 6mm orelha esquerda"},"content":{"rendered":"<h3 data-start=\"133\" data-end=\"159\">Detalhes do Produto:<\/h3>\n<p data-start=\"160\" data-end=\"547\">Piercing em <strong data-start=\"172\" data-end=\"194\">Prata 925 leg\u00edtima<\/strong>, com <strong data-start=\"200\" data-end=\"216\">haste de 6mm<\/strong> desenvolvida especialmente para a <strong data-start=\"251\" data-end=\"270\">orelha esquerda<\/strong>, trazendo design moderno em formato de <strong data-start=\"310\" data-end=\"318\">raio<\/strong>. A pe\u00e7a conta com <strong data-start=\"337\" data-end=\"367\">zirc\u00f4nia cristal cravejada<\/strong>, que adiciona brilho e sofistica\u00e7\u00e3o ao estilo marcante do acess\u00f3rio. Um modelo ousado e cheio de personalidade, perfeito para quem gosta de joias contempor\u00e2neas e diferenciadas.<\/p>\n<p data-start=\"549\" data-end=\"687\">A prata 925 \u00e9 hipoalerg\u00eanica e possui <strong data-start=\"587\" data-end=\"609\">garantia vital\u00edcia<\/strong>, reconhecida por sua resist\u00eancia, durabilidade e excelente custo-benef\u00edcio.<\/p>\n<hr data-start=\"689\" data-end=\"692\">\n<h3 data-start=\"694\" data-end=\"726\">Especifica\u00e7\u00f5es do produto:<\/h3>\n<ul data-start=\"727\" data-end=\"987\">\n<li data-start=\"727\" data-end=\"762\">\n<p data-start=\"729\" data-end=\"762\"><strong data-start=\"729\" data-end=\"740\">Modelo:<\/strong> Piercing Haste Raio<\/p>\n<\/li>\n<li data-start=\"763\" data-end=\"792\">\n<p data-start=\"765\" data-end=\"792\"><strong data-start=\"765\" data-end=\"786\">Tamanho da Haste:<\/strong> 6mm<\/p>\n<\/li>\n<li data-start=\"793\" data-end=\"822\">\n<p data-start=\"795\" data-end=\"822\"><strong data-start=\"795\" data-end=\"804\">Lado:<\/strong> Orelha esquerda<\/p>\n<\/li>\n<li data-start=\"823\" data-end=\"875\">\n<p data-start=\"825\" data-end=\"875\"><strong data-start=\"825\" data-end=\"837\">Formato:<\/strong> Raio cravejado com zirc\u00f4nia cristal<\/p>\n<\/li>\n<li data-start=\"876\" data-end=\"912\">\n<p data-start=\"878\" data-end=\"912\"><strong data-start=\"878\" data-end=\"891\">Material:<\/strong> Prata 925 leg\u00edtima<\/p>\n<\/li>\n<li data-start=\"913\" data-end=\"961\">\n<p data-start=\"915\" data-end=\"961\"><strong data-start=\"915\" data-end=\"930\">Acabamento:<\/strong> Polido brilhante + cravejado<\/p>\n<\/li>\n<li data-start=\"962\" data-end=\"987\">\n<p data-start=\"964\" data-end=\"987\"><strong data-start=\"964\" data-end=\"973\">Peso:<\/strong> Aprox. 0,9g<\/p>\n<\/li>\n<\/ul>\n<hr data-start=\"989\" data-end=\"992\">\n<h3 data-start=\"994\" data-end=\"1009\">Garantia:<\/h3>\n<p data-start=\"1010\" data-end=\"1278\">Todos os piercings em <strong data-start=\"1032\" data-end=\"1045\">Prata 925<\/strong> acompanham <strong data-start=\"1057\" data-end=\"1101\">Certificado de Garantia de Autenticidade<\/strong>, assegurando a <strong data-start=\"1117\" data-end=\"1135\">dura\u00e7\u00e3o eterna<\/strong> do material. Diferente das bijuterias, pe\u00e7as em Prata 925 preservam brilho, valor e sofistica\u00e7\u00e3o por toda a vida, assim como o <strong data-start=\"1263\" data-end=\"1275\">Ouro 18k<\/strong>.<\/p>\n","protected":false},"excerpt":{"rendered":"<p>Detalhes do Produto: Piercing em Prata 925 leg\u00edtima, com haste de 6mm desenvolvida especialmente para a orelha esquerda, trazendo design moderno em formato de raio&#8230;.<\/p>\n","protected":false},"featured_media":5316,"comment_status":"open","ping_status":"closed","template":"","meta":[],"etheme_brands":[],"product_brand":[],"product_cat":[115,96],"product_tag":[133],"class_list":{"0":"post-5317","1":"product","2":"type-product","3":"status-publish","4":"has-post-thumbnail","6":"product_cat-categoriapiercingspiercing-de-orelha","7":"product_cat-categoriapiercings","8":"product_tag-uze-pratas","10":"first","11":"instock","12":"shipping-taxable","13":"purchasable","14":"product-type-simple"},"_links":{"self":[{"href":"https:\/\/agenciausphot.com\/uze\/wp-json\/wp\/v2\/product\/5317","targetHints":{"allow":["GET"]}}],"collection":[{"href":"https:\/\/agenciausphot.com\/uze\/wp-json\/wp\/v2\/product"}],"about":[{"href":"https:\/\/agenciausphot.com\/uze\/wp-json\/wp\/v2\/types\/product"}],"replies":[{"embeddable":true,"href":"https:\/\/agenciausphot.com\/uze\/wp-json\/wp\/v2\/comments?post=5317"}],"version-history":[{"count":1,"href":"https:\/\/agenciausphot.com\/uze\/wp-json\/wp\/v2\/product\/5317\/revisions"}],"predecessor-version":[{"id":6118,"href":"https:\/\/agenciausphot.com\/uze\/wp-json\/wp\/v2\/product\/5317\/revisions\/6118"}],"wp:featuredmedia":[{"embeddable":true,"href":"https:\/\/agenciausphot.com\/uze\/wp-json\/wp\/v2\/media\/5316"}],"wp:attachment":[{"href":"https:\/\/agenciausphot.com\/uze\/wp-json\/wp\/v2\/media?parent=5317"}],"wp:term":[{"taxonomy":"brand","embeddable":true,"href":"https:\/\/agenciausphot.com\/uze\/wp-json\/wp\/v2\/etheme_brands?post=5317"},{"taxonomy":"product_brand","embeddable":true,"href":"https:\/\/agenciausphot.com\/uze\/wp-json\/wp\/v2\/product_brand?post=5317"},{"taxonomy":"product_cat","embeddable":true,"href":"https:\/\/agenciausphot.com\/uze\/wp-json\/wp\/v2\/product_cat?post=5317"},{"taxonomy":"product_tag","embeddable":true,"href":"https:\/\/agenciausphot.com\/uze\/wp-json\/wp\/v2\/product_tag?post=5317"}],"curies":[{"name":"wp","href":"https:\/\/api.w.org\/{rel}","templated":true}]}}