{"id":5303,"date":"2025-10-29T13:09:58","date_gmt":"2025-10-29T13:09:58","guid":{"rendered":"https:\/\/agenciausphot.com\/uze\/produto\/oculos-de-sol-wave-dourado-e-preto\/"},"modified":"2025-11-04T20:37:43","modified_gmt":"2025-11-04T20:37:43","slug":"oculos-de-sol-wave-dourado-e-preto","status":"publish","type":"product","link":"https:\/\/agenciausphot.com\/uze\/produto\/oculos-de-sol-wave-dourado-e-preto\/","title":{"rendered":"\u00d3culos de sol wave dourado e preto"},"content":{"rendered":"<h3 data-start=\"103\" data-end=\"129\">Detalhes do Produto:<\/h3>\n<p data-start=\"130\" data-end=\"508\">O <strong data-start=\"132\" data-end=\"170\">\u00d3culos de Sol Wave Dourado e Preto<\/strong> \u00e9 a combina\u00e7\u00e3o perfeita de sofistica\u00e7\u00e3o e estilo urbano. Sua arma\u00e7\u00e3o met\u00e1lica em <strong data-start=\"252\" data-end=\"263\">dourado<\/strong> transmite eleg\u00e2ncia, enquanto o detalhe em <strong data-start=\"307\" data-end=\"324\">acetato preto<\/strong> adiciona modernidade e contraste ao design. As lentes escuras garantem prote\u00e7\u00e3o completa contra os raios solares, resultando em um acess\u00f3rio vers\u00e1til que valoriza qualquer produ\u00e7\u00e3o.<\/p>\n<hr data-start=\"510\" data-end=\"513\">\n<h3 data-start=\"515\" data-end=\"547\">Especifica\u00e7\u00f5es do produto:<\/h3>\n<ul data-start=\"548\" data-end=\"876\">\n<li data-start=\"548\" data-end=\"584\">\n<p data-start=\"550\" data-end=\"584\"><strong data-start=\"550\" data-end=\"561\">Modelo:<\/strong> Wave Dourado e Preto<\/p>\n<\/li>\n<li data-start=\"585\" data-end=\"644\">\n<p data-start=\"587\" data-end=\"644\"><strong data-start=\"587\" data-end=\"599\">Arma\u00e7\u00e3o:<\/strong> Metal dourado com detalhe em acetato preto<\/p>\n<\/li>\n<li data-start=\"645\" data-end=\"706\">\n<p data-start=\"647\" data-end=\"706\"><strong data-start=\"647\" data-end=\"659\">Formato:<\/strong> Redondo retr\u00f4 (inspirado no estilo cl\u00e1ssico)<\/p>\n<\/li>\n<li data-start=\"707\" data-end=\"743\">\n<p data-start=\"709\" data-end=\"743\"><strong data-start=\"709\" data-end=\"720\">Lentes:<\/strong> Prote\u00e7\u00e3o UV400 total<\/p>\n<\/li>\n<li data-start=\"744\" data-end=\"810\">\n<p data-start=\"746\" data-end=\"810\"><strong data-start=\"746\" data-end=\"765\">Cor das Lentes:<\/strong> Preto\/fum\u00ea escuro (varia\u00e7\u00e3o conforme lote)<\/p>\n<\/li>\n<li data-start=\"811\" data-end=\"851\">\n<p data-start=\"813\" data-end=\"851\"><strong data-start=\"813\" data-end=\"825\">Tamanho:<\/strong> Adulto (design unissex)<\/p>\n<\/li>\n<li data-start=\"852\" data-end=\"876\">\n<p data-start=\"854\" data-end=\"876\"><strong data-start=\"854\" data-end=\"863\">Peso:<\/strong> Aprox. 26g<\/p>\n<\/li>\n<\/ul>\n<hr data-start=\"878\" data-end=\"881\">\n<h3 data-start=\"883\" data-end=\"902\">Diferenciais:<\/h3>\n<p data-start=\"903\" data-end=\"1068\">\u2714\ufe0f Estilo retr\u00f4 com toque moderno<br data-start=\"936\" data-end=\"939\"><br \/>\n\u2714\ufe0f Combina\u00e7\u00e3o de dourado + preto elegante e vers\u00e1til<br data-start=\"991\" data-end=\"994\"><br \/>\n\u2714\ufe0f Prote\u00e7\u00e3o UV400 contra raios UVA e UVB<br data-start=\"1034\" data-end=\"1037\"><br \/>\n\u2714\ufe0f Arma\u00e7\u00e3o leve e confort\u00e1vel<\/p>\n","protected":false},"excerpt":{"rendered":"<p>Detalhes do Produto: O \u00d3culos de Sol Wave Dourado e Preto \u00e9 a combina\u00e7\u00e3o perfeita de sofistica\u00e7\u00e3o e estilo urbano. Sua arma\u00e7\u00e3o met\u00e1lica em dourado&#8230;<\/p>\n","protected":false},"featured_media":5300,"comment_status":"open","ping_status":"closed","template":"","meta":[],"etheme_brands":[],"product_brand":[],"product_cat":[125,124],"product_tag":[133],"class_list":{"0":"post-5303","1":"product","2":"type-product","3":"status-publish","4":"has-post-thumbnail","6":"product_cat-categoriaculosculos-masculino","7":"product_cat-categoriaculos","8":"product_tag-uze-pratas","10":"first","11":"instock","12":"shipping-taxable","13":"purchasable","14":"product-type-simple"},"_links":{"self":[{"href":"https:\/\/agenciausphot.com\/uze\/wp-json\/wp\/v2\/product\/5303","targetHints":{"allow":["GET"]}}],"collection":[{"href":"https:\/\/agenciausphot.com\/uze\/wp-json\/wp\/v2\/product"}],"about":[{"href":"https:\/\/agenciausphot.com\/uze\/wp-json\/wp\/v2\/types\/product"}],"replies":[{"embeddable":true,"href":"https:\/\/agenciausphot.com\/uze\/wp-json\/wp\/v2\/comments?post=5303"}],"version-history":[{"count":1,"href":"https:\/\/agenciausphot.com\/uze\/wp-json\/wp\/v2\/product\/5303\/revisions"}],"predecessor-version":[{"id":6111,"href":"https:\/\/agenciausphot.com\/uze\/wp-json\/wp\/v2\/product\/5303\/revisions\/6111"}],"wp:featuredmedia":[{"embeddable":true,"href":"https:\/\/agenciausphot.com\/uze\/wp-json\/wp\/v2\/media\/5300"}],"wp:attachment":[{"href":"https:\/\/agenciausphot.com\/uze\/wp-json\/wp\/v2\/media?parent=5303"}],"wp:term":[{"taxonomy":"brand","embeddable":true,"href":"https:\/\/agenciausphot.com\/uze\/wp-json\/wp\/v2\/etheme_brands?post=5303"},{"taxonomy":"product_brand","embeddable":true,"href":"https:\/\/agenciausphot.com\/uze\/wp-json\/wp\/v2\/product_brand?post=5303"},{"taxonomy":"product_cat","embeddable":true,"href":"https:\/\/agenciausphot.com\/uze\/wp-json\/wp\/v2\/product_cat?post=5303"},{"taxonomy":"product_tag","embeddable":true,"href":"https:\/\/agenciausphot.com\/uze\/wp-json\/wp\/v2\/product_tag?post=5303"}],"curies":[{"name":"wp","href":"https:\/\/api.w.org\/{rel}","templated":true}]}}