{"id":5295,"date":"2025-10-29T13:09:51","date_gmt":"2025-10-29T13:09:51","guid":{"rendered":"https:\/\/agenciausphot.com\/uze\/produto\/oculos-de-sol-isis-c3\/"},"modified":"2025-11-04T20:37:41","modified_gmt":"2025-11-04T20:37:41","slug":"oculos-de-sol-isis-c3","status":"publish","type":"product","link":"https:\/\/agenciausphot.com\/uze\/produto\/oculos-de-sol-isis-c3\/","title":{"rendered":"\u00d3culos de sol is\u00eds c3"},"content":{"rendered":"<h3 data-start=\"90\" data-end=\"116\">Detalhes do Produto:<\/h3>\n<p data-start=\"117\" data-end=\"501\">O <strong data-start=\"119\" data-end=\"144\">\u00d3culos de Sol \u00cdsis C3<\/strong> \u00e9 um modelo elegante e fashion, com design sofisticado que une estilo e conforto. Sua arma\u00e7\u00e3o em <strong data-start=\"242\" data-end=\"277\">acetato marrom transl\u00facido (C3)<\/strong> transmite modernidade e suavidade, enquanto as lentes degrad\u00ea oferecem prote\u00e7\u00e3o completa contra os raios solares, al\u00e9m de um visual delicado e contempor\u00e2neo. Um acess\u00f3rio perfeito para compor looks casuais e sofisticados.<\/p>\n<hr data-start=\"503\" data-end=\"506\">\n<h3 data-start=\"508\" data-end=\"540\">Especifica\u00e7\u00f5es do produto:<\/h3>\n<ul data-start=\"541\" data-end=\"829\">\n<li data-start=\"541\" data-end=\"564\">\n<p data-start=\"543\" data-end=\"564\"><strong data-start=\"543\" data-end=\"554\">Modelo:<\/strong> \u00cdsis C3<\/p>\n<\/li>\n<li data-start=\"565\" data-end=\"608\">\n<p data-start=\"567\" data-end=\"608\"><strong data-start=\"567\" data-end=\"579\">Arma\u00e7\u00e3o:<\/strong> Acetato marrom transl\u00facido<\/p>\n<\/li>\n<li data-start=\"609\" data-end=\"673\">\n<p data-start=\"611\" data-end=\"673\"><strong data-start=\"611\" data-end=\"623\">Formato:<\/strong> Gatinho levemente arredondado (cat-eye moderno)<\/p>\n<\/li>\n<li data-start=\"674\" data-end=\"710\">\n<p data-start=\"676\" data-end=\"710\"><strong data-start=\"676\" data-end=\"687\">Lentes:<\/strong> Prote\u00e7\u00e3o UV400 total<\/p>\n<\/li>\n<li data-start=\"711\" data-end=\"762\">\n<p data-start=\"713\" data-end=\"762\"><strong data-start=\"713\" data-end=\"732\">Cor das Lentes:<\/strong> Marrom degrad\u00ea (fum\u00ea suave)<\/p>\n<\/li>\n<li data-start=\"763\" data-end=\"804\">\n<p data-start=\"765\" data-end=\"804\"><strong data-start=\"765\" data-end=\"777\">Tamanho:<\/strong> Adulto (design feminino)<\/p>\n<\/li>\n<li data-start=\"805\" data-end=\"829\">\n<p data-start=\"807\" data-end=\"829\"><strong data-start=\"807\" data-end=\"816\">Peso:<\/strong> Aprox. 25g<\/p>\n<\/li>\n<\/ul>\n<hr data-start=\"831\" data-end=\"834\">\n<h3 data-start=\"836\" data-end=\"855\">Diferenciais:<\/h3>\n<p data-start=\"856\" data-end=\"1024\">\u2714\ufe0f Arma\u00e7\u00e3o transl\u00facida moderna e leve<br data-start=\"893\" data-end=\"896\"><br \/>\n\u2714\ufe0f Estilo cat-eye que valoriza o rosto<br data-start=\"934\" data-end=\"937\"><br \/>\n\u2714\ufe0f Prote\u00e7\u00e3o UV400 contra raios UVA e UVB<br data-start=\"977\" data-end=\"980\"><br \/>\n\u2714\ufe0f Sofistica\u00e7\u00e3o e conforto em um s\u00f3 modelo<\/p>\n","protected":false},"excerpt":{"rendered":"<p>Detalhes do Produto: O \u00d3culos de Sol \u00cdsis C3 \u00e9 um modelo elegante e fashion, com design sofisticado que une estilo e conforto. Sua arma\u00e7\u00e3o&#8230;<\/p>\n","protected":false},"featured_media":5292,"comment_status":"open","ping_status":"closed","template":"","meta":[],"etheme_brands":[],"product_brand":[],"product_cat":[126,124],"product_tag":[133],"class_list":{"0":"post-5295","1":"product","2":"type-product","3":"status-publish","4":"has-post-thumbnail","6":"product_cat-categoriaculosculos-feminino","7":"product_cat-categoriaculos","8":"product_tag-uze-pratas","10":"first","11":"instock","12":"shipping-taxable","13":"purchasable","14":"product-type-simple"},"_links":{"self":[{"href":"https:\/\/agenciausphot.com\/uze\/wp-json\/wp\/v2\/product\/5295","targetHints":{"allow":["GET"]}}],"collection":[{"href":"https:\/\/agenciausphot.com\/uze\/wp-json\/wp\/v2\/product"}],"about":[{"href":"https:\/\/agenciausphot.com\/uze\/wp-json\/wp\/v2\/types\/product"}],"replies":[{"embeddable":true,"href":"https:\/\/agenciausphot.com\/uze\/wp-json\/wp\/v2\/comments?post=5295"}],"version-history":[{"count":1,"href":"https:\/\/agenciausphot.com\/uze\/wp-json\/wp\/v2\/product\/5295\/revisions"}],"predecessor-version":[{"id":6109,"href":"https:\/\/agenciausphot.com\/uze\/wp-json\/wp\/v2\/product\/5295\/revisions\/6109"}],"wp:featuredmedia":[{"embeddable":true,"href":"https:\/\/agenciausphot.com\/uze\/wp-json\/wp\/v2\/media\/5292"}],"wp:attachment":[{"href":"https:\/\/agenciausphot.com\/uze\/wp-json\/wp\/v2\/media?parent=5295"}],"wp:term":[{"taxonomy":"brand","embeddable":true,"href":"https:\/\/agenciausphot.com\/uze\/wp-json\/wp\/v2\/etheme_brands?post=5295"},{"taxonomy":"product_brand","embeddable":true,"href":"https:\/\/agenciausphot.com\/uze\/wp-json\/wp\/v2\/product_brand?post=5295"},{"taxonomy":"product_cat","embeddable":true,"href":"https:\/\/agenciausphot.com\/uze\/wp-json\/wp\/v2\/product_cat?post=5295"},{"taxonomy":"product_tag","embeddable":true,"href":"https:\/\/agenciausphot.com\/uze\/wp-json\/wp\/v2\/product_tag?post=5295"}],"curies":[{"name":"wp","href":"https:\/\/api.w.org\/{rel}","templated":true}]}}