{"id":5261,"date":"2025-10-29T13:09:21","date_gmt":"2025-10-29T13:09:21","guid":{"rendered":"https:\/\/agenciausphot.com\/uze\/produto\/piercing-conch-cravejado\/"},"modified":"2025-11-04T20:37:34","modified_gmt":"2025-11-04T20:37:34","slug":"piercing-conch-cravejado","status":"publish","type":"product","link":"https:\/\/agenciausphot.com\/uze\/produto\/piercing-conch-cravejado\/","title":{"rendered":"Piercing conch cravejado"},"content":{"rendered":"<h3 data-start=\"106\" data-end=\"132\">Detalhes do Produto:<\/h3>\n<p data-start=\"133\" data-end=\"481\">Piercing em <strong data-start=\"145\" data-end=\"167\">Prata 925 leg\u00edtima<\/strong>, desenvolvido para a perfura\u00e7\u00e3o <strong data-start=\"200\" data-end=\"209\">conch<\/strong>, com aro delicado totalmente <strong data-start=\"239\" data-end=\"274\">cravejado com zirc\u00f4nias cristal<\/strong>, que refletem brilho intenso e sofisticado. Uma pe\u00e7a moderna e elegante, ideal para destacar a orelha com estilo, podendo ser usada sozinha ou combinada com outros piercings para composi\u00e7\u00f5es mais ousadas.<\/p>\n<p data-start=\"483\" data-end=\"606\">As pratas 925 possuem <strong data-start=\"505\" data-end=\"527\">garantia vital\u00edcia<\/strong>, reconhecidas por sua resist\u00eancia, durabilidade e excelente custo-benef\u00edcio.<\/p>\n<hr data-start=\"608\" data-end=\"611\">\n<h3 data-start=\"613\" data-end=\"645\">Especifica\u00e7\u00f5es do produto:<\/h3>\n<ul data-start=\"646\" data-end=\"896\">\n<li data-start=\"646\" data-end=\"686\">\n<p data-start=\"648\" data-end=\"686\"><strong data-start=\"648\" data-end=\"659\">Modelo:<\/strong> Piercing Conch Cravejado<\/p>\n<\/li>\n<li data-start=\"687\" data-end=\"734\">\n<p data-start=\"689\" data-end=\"734\"><strong data-start=\"689\" data-end=\"700\">Design:<\/strong> Aro com micro zirc\u00f4nias cristal<\/p>\n<\/li>\n<li data-start=\"735\" data-end=\"771\">\n<p data-start=\"737\" data-end=\"771\"><strong data-start=\"737\" data-end=\"750\">Material:<\/strong> Prata 925 leg\u00edtima<\/p>\n<\/li>\n<li data-start=\"772\" data-end=\"820\">\n<p data-start=\"774\" data-end=\"820\"><strong data-start=\"774\" data-end=\"789\">Acabamento:<\/strong> Polido brilhante + cravejado<\/p>\n<\/li>\n<li data-start=\"821\" data-end=\"870\">\n<p data-start=\"823\" data-end=\"870\"><strong data-start=\"823\" data-end=\"836\">Di\u00e2metro:<\/strong> 10mm (varia\u00e7\u00e3o conforme modelo)<\/p>\n<\/li>\n<li data-start=\"871\" data-end=\"896\">\n<p data-start=\"873\" data-end=\"896\"><strong data-start=\"873\" data-end=\"882\">Peso:<\/strong> Aprox. 1,4g<\/p>\n<\/li>\n<\/ul>\n<hr data-start=\"898\" data-end=\"901\">\n<h3 data-start=\"903\" data-end=\"918\">Garantia:<\/h3>\n<p data-start=\"919\" data-end=\"1187\">Todos os piercings em <strong data-start=\"941\" data-end=\"954\">Prata 925<\/strong> acompanham <strong data-start=\"966\" data-end=\"1010\">Certificado de Garantia de Autenticidade<\/strong>, assegurando a <strong data-start=\"1026\" data-end=\"1044\">dura\u00e7\u00e3o eterna<\/strong> do material. Diferente das bijuterias, pe\u00e7as em Prata 925 preservam brilho, valor e sofistica\u00e7\u00e3o por toda a vida, assim como o <strong data-start=\"1172\" data-end=\"1184\">Ouro 18k<\/strong>.<\/p>\n<hr data-start=\"1189\" data-end=\"1194\">\n<p data-start=\"1196\" data-end=\"1369\" data-is-last-node=\"\" data-is-only-node=\"\">\n","protected":false},"excerpt":{"rendered":"<p>Detalhes do Produto: Piercing em Prata 925 leg\u00edtima, desenvolvido para a perfura\u00e7\u00e3o conch, com aro delicado totalmente cravejado com zirc\u00f4nias cristal, que refletem brilho intenso&#8230;<\/p>\n","protected":false},"featured_media":5260,"comment_status":"open","ping_status":"closed","template":"","meta":[],"etheme_brands":[],"product_brand":[],"product_cat":[115,96],"product_tag":[133],"class_list":{"0":"post-5261","1":"product","2":"type-product","3":"status-publish","4":"has-post-thumbnail","6":"product_cat-categoriapiercingspiercing-de-orelha","7":"product_cat-categoriapiercings","8":"product_tag-uze-pratas","10":"first","11":"instock","12":"shipping-taxable","13":"purchasable","14":"product-type-simple"},"_links":{"self":[{"href":"https:\/\/agenciausphot.com\/uze\/wp-json\/wp\/v2\/product\/5261","targetHints":{"allow":["GET"]}}],"collection":[{"href":"https:\/\/agenciausphot.com\/uze\/wp-json\/wp\/v2\/product"}],"about":[{"href":"https:\/\/agenciausphot.com\/uze\/wp-json\/wp\/v2\/types\/product"}],"replies":[{"embeddable":true,"href":"https:\/\/agenciausphot.com\/uze\/wp-json\/wp\/v2\/comments?post=5261"}],"version-history":[{"count":1,"href":"https:\/\/agenciausphot.com\/uze\/wp-json\/wp\/v2\/product\/5261\/revisions"}],"predecessor-version":[{"id":6099,"href":"https:\/\/agenciausphot.com\/uze\/wp-json\/wp\/v2\/product\/5261\/revisions\/6099"}],"wp:featuredmedia":[{"embeddable":true,"href":"https:\/\/agenciausphot.com\/uze\/wp-json\/wp\/v2\/media\/5260"}],"wp:attachment":[{"href":"https:\/\/agenciausphot.com\/uze\/wp-json\/wp\/v2\/media?parent=5261"}],"wp:term":[{"taxonomy":"brand","embeddable":true,"href":"https:\/\/agenciausphot.com\/uze\/wp-json\/wp\/v2\/etheme_brands?post=5261"},{"taxonomy":"product_brand","embeddable":true,"href":"https:\/\/agenciausphot.com\/uze\/wp-json\/wp\/v2\/product_brand?post=5261"},{"taxonomy":"product_cat","embeddable":true,"href":"https:\/\/agenciausphot.com\/uze\/wp-json\/wp\/v2\/product_cat?post=5261"},{"taxonomy":"product_tag","embeddable":true,"href":"https:\/\/agenciausphot.com\/uze\/wp-json\/wp\/v2\/product_tag?post=5261"}],"curies":[{"name":"wp","href":"https:\/\/api.w.org\/{rel}","templated":true}]}}