{"id":5247,"date":"2025-10-29T13:09:11","date_gmt":"2025-10-29T13:09:11","guid":{"rendered":"https:\/\/agenciausphot.com\/uze\/produto\/piercing-gota-umbigo\/"},"modified":"2025-11-04T20:37:30","modified_gmt":"2025-11-04T20:37:30","slug":"piercing-gota-umbigo","status":"publish","type":"product","link":"https:\/\/agenciausphot.com\/uze\/produto\/piercing-gota-umbigo\/","title":{"rendered":"Piercing gota umbigo"},"content":{"rendered":"<h3 data-start=\"105\" data-end=\"131\">Detalhes do Produto:<\/h3>\n<p data-start=\"132\" data-end=\"426\">Piercing em <strong data-start=\"144\" data-end=\"166\">Prata 925 leg\u00edtima<\/strong>, com design delicado em formato de <strong data-start=\"202\" data-end=\"210\">gota<\/strong>, trazendo uma pedra de <strong data-start=\"234\" data-end=\"254\">zirc\u00f4nia cristal<\/strong> que reflete brilho intenso e sofisticado. Uma pe\u00e7a elegante e charmosa, perfeita para destacar a regi\u00e3o do umbigo com estilo, seja no dia a dia ou em ocasi\u00f5es especiais.<\/p>\n<p data-start=\"428\" data-end=\"551\">As pratas 925 possuem <strong data-start=\"450\" data-end=\"472\">garantia vital\u00edcia<\/strong>, reconhecidas por sua resist\u00eancia, durabilidade e excelente custo-benef\u00edcio.<\/p>\n<hr data-start=\"553\" data-end=\"556\">\n<h3 data-start=\"558\" data-end=\"590\">Especifica\u00e7\u00f5es do produto:<\/h3>\n<ul data-start=\"591\" data-end=\"820\">\n<li data-start=\"591\" data-end=\"630\">\n<p data-start=\"593\" data-end=\"630\"><strong data-start=\"593\" data-end=\"604\">Modelo:<\/strong> Piercing de Umbigo Gota<\/p>\n<\/li>\n<li data-start=\"631\" data-end=\"673\">\n<p data-start=\"633\" data-end=\"673\"><strong data-start=\"633\" data-end=\"645\">Formato:<\/strong> Gota com zirc\u00f4nia cristal<\/p>\n<\/li>\n<li data-start=\"674\" data-end=\"710\">\n<p data-start=\"676\" data-end=\"710\"><strong data-start=\"676\" data-end=\"689\">Material:<\/strong> Prata 925 leg\u00edtima<\/p>\n<\/li>\n<li data-start=\"711\" data-end=\"747\">\n<p data-start=\"713\" data-end=\"747\"><strong data-start=\"713\" data-end=\"728\">Acabamento:<\/strong> Polido brilhante<\/p>\n<\/li>\n<li data-start=\"748\" data-end=\"794\">\n<p data-start=\"750\" data-end=\"794\"><strong data-start=\"750\" data-end=\"761\">Pedras:<\/strong> Zirc\u00f4nia cristal em corte gota<\/p>\n<\/li>\n<li data-start=\"795\" data-end=\"820\">\n<p data-start=\"797\" data-end=\"820\"><strong data-start=\"797\" data-end=\"806\">Peso:<\/strong> Aprox. 1,8g<\/p>\n<\/li>\n<\/ul>\n<hr data-start=\"822\" data-end=\"825\">\n<h3 data-start=\"827\" data-end=\"842\">Garantia:<\/h3>\n<p data-start=\"843\" data-end=\"1111\">Todos os piercings em <strong data-start=\"865\" data-end=\"878\">Prata 925<\/strong> acompanham <strong data-start=\"890\" data-end=\"934\">Certificado de Garantia de Autenticidade<\/strong>, assegurando a <strong data-start=\"950\" data-end=\"968\">dura\u00e7\u00e3o eterna<\/strong> do material. Diferente das bijuterias, pe\u00e7as em Prata 925 preservam brilho, valor e sofistica\u00e7\u00e3o por toda a vida, assim como o <strong data-start=\"1096\" data-end=\"1108\">Ouro 18k<\/strong>.<\/p>\n<hr data-start=\"1113\" data-end=\"1118\">\n<p data-start=\"1120\" data-end=\"1269\" data-is-last-node=\"\" data-is-only-node=\"\">\n","protected":false},"excerpt":{"rendered":"<p>Detalhes do Produto: Piercing em Prata 925 leg\u00edtima, com design delicado em formato de gota, trazendo uma pedra de zirc\u00f4nia cristal que reflete brilho intenso&#8230;<\/p>\n","protected":false},"featured_media":5245,"comment_status":"open","ping_status":"closed","template":"","meta":[],"etheme_brands":[],"product_brand":[],"product_cat":[114,96],"product_tag":[133],"class_list":{"0":"post-5247","1":"product","2":"type-product","3":"status-publish","4":"has-post-thumbnail","6":"product_cat-categoriapiercingspiercing-de-umbigo","7":"product_cat-categoriapiercings","8":"product_tag-uze-pratas","10":"first","11":"instock","12":"shipping-taxable","13":"purchasable","14":"product-type-simple"},"_links":{"self":[{"href":"https:\/\/agenciausphot.com\/uze\/wp-json\/wp\/v2\/product\/5247","targetHints":{"allow":["GET"]}}],"collection":[{"href":"https:\/\/agenciausphot.com\/uze\/wp-json\/wp\/v2\/product"}],"about":[{"href":"https:\/\/agenciausphot.com\/uze\/wp-json\/wp\/v2\/types\/product"}],"replies":[{"embeddable":true,"href":"https:\/\/agenciausphot.com\/uze\/wp-json\/wp\/v2\/comments?post=5247"}],"version-history":[{"count":1,"href":"https:\/\/agenciausphot.com\/uze\/wp-json\/wp\/v2\/product\/5247\/revisions"}],"predecessor-version":[{"id":6093,"href":"https:\/\/agenciausphot.com\/uze\/wp-json\/wp\/v2\/product\/5247\/revisions\/6093"}],"wp:featuredmedia":[{"embeddable":true,"href":"https:\/\/agenciausphot.com\/uze\/wp-json\/wp\/v2\/media\/5245"}],"wp:attachment":[{"href":"https:\/\/agenciausphot.com\/uze\/wp-json\/wp\/v2\/media?parent=5247"}],"wp:term":[{"taxonomy":"brand","embeddable":true,"href":"https:\/\/agenciausphot.com\/uze\/wp-json\/wp\/v2\/etheme_brands?post=5247"},{"taxonomy":"product_brand","embeddable":true,"href":"https:\/\/agenciausphot.com\/uze\/wp-json\/wp\/v2\/product_brand?post=5247"},{"taxonomy":"product_cat","embeddable":true,"href":"https:\/\/agenciausphot.com\/uze\/wp-json\/wp\/v2\/product_cat?post=5247"},{"taxonomy":"product_tag","embeddable":true,"href":"https:\/\/agenciausphot.com\/uze\/wp-json\/wp\/v2\/product_tag?post=5247"}],"curies":[{"name":"wp","href":"https:\/\/api.w.org\/{rel}","templated":true}]}}