{"id":5239,"date":"2025-10-29T13:09:04","date_gmt":"2025-10-29T13:09:04","guid":{"rendered":"https:\/\/agenciausphot.com\/uze\/produto\/anel-zirconia-rosa\/"},"modified":"2025-12-15T13:20:59","modified_gmt":"2025-12-15T13:20:59","slug":"anel-zirconia-rosa","status":"publish","type":"product","link":"https:\/\/agenciausphot.com\/uze\/produto\/anel-zirconia-rosa\/","title":{"rendered":"Anel zirc\u00f4nia rosa"},"content":{"rendered":"<h3 data-start=\"100\" data-end=\"126\">Detalhes do Produto:<\/h3>\n<p data-start=\"127\" data-end=\"481\">Anel em <strong data-start=\"135\" data-end=\"157\">Prata 925 leg\u00edtima<\/strong>, com pedra central de <strong data-start=\"180\" data-end=\"197\">zirc\u00f4nia rosa<\/strong> em corte refinado, que transmite delicadeza e romantismo. O brilho suave da pedra, combinado ao acabamento polido da prata, resulta em uma joia elegante e feminina, perfeita para compor looks modernos ou cl\u00e1ssicos, al\u00e9m de ser uma \u00f3tima op\u00e7\u00e3o para presentear em momentos especiais.<\/p>\n<p data-start=\"483\" data-end=\"606\">As pratas 925 possuem <strong data-start=\"505\" data-end=\"527\">garantia vital\u00edcia<\/strong>, reconhecidas por sua resist\u00eancia, durabilidade e excelente custo-benef\u00edcio.<\/p>\n<hr data-start=\"608\" data-end=\"611\">\n<h3 data-start=\"613\" data-end=\"645\">Especifica\u00e7\u00f5es do produto:<\/h3>\n<ul data-start=\"646\" data-end=\"883\">\n<li data-start=\"646\" data-end=\"680\">\n<p data-start=\"648\" data-end=\"680\"><strong data-start=\"648\" data-end=\"659\">Modelo:<\/strong> Anel Zirc\u00f4nia Rosa<\/p>\n<\/li>\n<li data-start=\"681\" data-end=\"758\">\n<p data-start=\"683\" data-end=\"758\"><strong data-start=\"683\" data-end=\"701\">Pedra Central:<\/strong> Zirc\u00f4nia rosa (corte oval ou redondo, conforme modelo)<\/p>\n<\/li>\n<li data-start=\"759\" data-end=\"795\">\n<p data-start=\"761\" data-end=\"795\"><strong data-start=\"761\" data-end=\"774\">Material:<\/strong> Prata 925 leg\u00edtima<\/p>\n<\/li>\n<li data-start=\"796\" data-end=\"832\">\n<p data-start=\"798\" data-end=\"832\"><strong data-start=\"798\" data-end=\"813\">Acabamento:<\/strong> Polido brilhante<\/p>\n<\/li>\n<li data-start=\"833\" data-end=\"857\">\n<p data-start=\"835\" data-end=\"857\"><strong data-start=\"835\" data-end=\"846\">G\u00eanero:<\/strong> Feminino<\/p>\n<\/li>\n<li data-start=\"858\" data-end=\"883\">\n<p data-start=\"860\" data-end=\"883\"><strong data-start=\"860\" data-end=\"869\">Peso:<\/strong> Aprox. 2,4g<\/p>\n<\/li>\n<\/ul>\n<hr data-start=\"885\" data-end=\"888\">\n<h3 data-start=\"890\" data-end=\"905\">Garantia:<\/h3>\n<p data-start=\"906\" data-end=\"1161\">Todos os an\u00e9is em <strong data-start=\"924\" data-end=\"937\">Prata 925<\/strong> acompanham <strong data-start=\"949\" data-end=\"993\">Certificado de Garantia de Autenticidade<\/strong>, assegurando a <strong data-start=\"1009\" data-end=\"1027\">dura\u00e7\u00e3o eterna<\/strong> do material. Diferente das bijuterias, pe\u00e7as em Prata 925 preservam brilho, cor e valor por toda a vida, assim como o <strong data-start=\"1146\" data-end=\"1158\">Ouro 18k<\/strong>.<\/p>\n<hr data-start=\"1163\" data-end=\"1168\">\n<p data-start=\"1170\" data-end=\"1308\" data-is-last-node=\"\" data-is-only-node=\"\">\n","protected":false},"excerpt":{"rendered":"<p>Detalhes do Produto: Anel em Prata 925 leg\u00edtima, com pedra central de zirc\u00f4nia rosa em corte refinado, que transmite delicadeza e romantismo. O brilho suave&#8230;<\/p>\n","protected":false},"featured_media":5238,"comment_status":"open","ping_status":"closed","template":"","meta":[],"etheme_brands":[],"product_brand":[],"product_cat":[103,92],"product_tag":[133],"class_list":{"0":"post-5239","1":"product","2":"type-product","3":"status-publish","4":"has-post-thumbnail","6":"product_cat-categoriaanisanel-feminino","7":"product_cat-categoriaanis","8":"product_tag-uze-pratas","10":"first","11":"instock","12":"shipping-taxable","13":"purchasable","14":"product-type-simple"},"_links":{"self":[{"href":"https:\/\/agenciausphot.com\/uze\/wp-json\/wp\/v2\/product\/5239","targetHints":{"allow":["GET"]}}],"collection":[{"href":"https:\/\/agenciausphot.com\/uze\/wp-json\/wp\/v2\/product"}],"about":[{"href":"https:\/\/agenciausphot.com\/uze\/wp-json\/wp\/v2\/types\/product"}],"replies":[{"embeddable":true,"href":"https:\/\/agenciausphot.com\/uze\/wp-json\/wp\/v2\/comments?post=5239"}],"version-history":[{"count":1,"href":"https:\/\/agenciausphot.com\/uze\/wp-json\/wp\/v2\/product\/5239\/revisions"}],"predecessor-version":[{"id":6091,"href":"https:\/\/agenciausphot.com\/uze\/wp-json\/wp\/v2\/product\/5239\/revisions\/6091"}],"wp:featuredmedia":[{"embeddable":true,"href":"https:\/\/agenciausphot.com\/uze\/wp-json\/wp\/v2\/media\/5238"}],"wp:attachment":[{"href":"https:\/\/agenciausphot.com\/uze\/wp-json\/wp\/v2\/media?parent=5239"}],"wp:term":[{"taxonomy":"brand","embeddable":true,"href":"https:\/\/agenciausphot.com\/uze\/wp-json\/wp\/v2\/etheme_brands?post=5239"},{"taxonomy":"product_brand","embeddable":true,"href":"https:\/\/agenciausphot.com\/uze\/wp-json\/wp\/v2\/product_brand?post=5239"},{"taxonomy":"product_cat","embeddable":true,"href":"https:\/\/agenciausphot.com\/uze\/wp-json\/wp\/v2\/product_cat?post=5239"},{"taxonomy":"product_tag","embeddable":true,"href":"https:\/\/agenciausphot.com\/uze\/wp-json\/wp\/v2\/product_tag?post=5239"}],"curies":[{"name":"wp","href":"https:\/\/api.w.org\/{rel}","templated":true}]}}