{"id":5226,"date":"2025-10-29T13:08:54","date_gmt":"2025-10-29T13:08:54","guid":{"rendered":"https:\/\/agenciausphot.com\/uze\/produto\/berloque-tenis-renda-italiana\/"},"modified":"2025-11-04T20:37:24","modified_gmt":"2025-11-04T20:37:24","slug":"berloque-tenis-renda-italiana","status":"publish","type":"product","link":"https:\/\/agenciausphot.com\/uze\/produto\/berloque-tenis-renda-italiana\/","title":{"rendered":"Berloque tenis renda italiana"},"content":{"rendered":"<h3 data-start=\"111\" data-end=\"137\">Detalhes do Produto:<\/h3>\n<p data-start=\"138\" data-end=\"456\">Berloque em <strong data-start=\"150\" data-end=\"172\">Prata 925 leg\u00edtima<\/strong>, com design criativo em formato de <strong data-start=\"208\" data-end=\"228\">t\u00eanis estilizado<\/strong>, trazendo detalhes em <strong data-start=\"251\" data-end=\"269\">renda italiana<\/strong> que garantem sofistica\u00e7\u00e3o e delicadeza \u00e0 pe\u00e7a. Uma joia moderna e cheia de personalidade, perfeita para simbolizar estilo de vida ativo, moda casual ou simplesmente a paix\u00e3o por t\u00eanis.<\/p>\n<p data-start=\"458\" data-end=\"581\">As pratas 925 possuem <strong data-start=\"480\" data-end=\"502\">garantia vital\u00edcia<\/strong>, reconhecidas por sua resist\u00eancia, durabilidade e excelente custo-benef\u00edcio.<\/p>\n<hr data-start=\"583\" data-end=\"586\">\n<h3 data-start=\"588\" data-end=\"620\">Especifica\u00e7\u00f5es do produto:<\/h3>\n<ul data-start=\"621\" data-end=\"976\">\n<li data-start=\"621\" data-end=\"666\">\n<p data-start=\"623\" data-end=\"666\"><strong data-start=\"623\" data-end=\"634\">Modelo:<\/strong> Berloque T\u00eanis Renda Italiana<\/p>\n<\/li>\n<li data-start=\"667\" data-end=\"714\">\n<p data-start=\"669\" data-end=\"714\"><strong data-start=\"669\" data-end=\"681\">Formato:<\/strong> Mini t\u00eanis com detalhe rendado<\/p>\n<\/li>\n<li data-start=\"715\" data-end=\"751\">\n<p data-start=\"717\" data-end=\"751\"><strong data-start=\"717\" data-end=\"730\">Material:<\/strong> Prata 925 leg\u00edtima<\/p>\n<\/li>\n<li data-start=\"752\" data-end=\"864\">\n<p data-start=\"754\" data-end=\"864\"><strong data-start=\"754\" data-end=\"769\">Acabamento:<\/strong> Polido brilhante + trama em renda italiana (com ou sem detalhes esmaltados, conforme modelo)<\/p>\n<\/li>\n<li data-start=\"865\" data-end=\"950\">\n<p data-start=\"867\" data-end=\"950\"><strong data-start=\"867\" data-end=\"887\">Compatibilidade:<\/strong> Pulseiras estilo europeu (Pandora, Life, Morana e similares)<\/p>\n<\/li>\n<li data-start=\"951\" data-end=\"976\">\n<p data-start=\"953\" data-end=\"976\"><strong data-start=\"953\" data-end=\"962\">Peso:<\/strong> Aprox. 2,0g<\/p>\n<\/li>\n<\/ul>\n<hr data-start=\"978\" data-end=\"981\">\n<h3 data-start=\"983\" data-end=\"998\">Garantia:<\/h3>\n<p data-start=\"999\" data-end=\"1253\">Todos os berloques em <strong data-start=\"1021\" data-end=\"1034\">Prata 925<\/strong> acompanham <strong data-start=\"1046\" data-end=\"1090\">Certificado de Garantia de Autenticidade<\/strong>, assegurando a <strong data-start=\"1106\" data-end=\"1124\">dura\u00e7\u00e3o eterna<\/strong> do material. Diferente das bijuterias, pe\u00e7as em Prata 925 preservam brilho e valor por toda a vida, assim como o <strong data-start=\"1238\" data-end=\"1250\">Ouro 18k<\/strong>.<\/p>\n","protected":false},"excerpt":{"rendered":"<p>Detalhes do Produto: Berloque em Prata 925 leg\u00edtima, com design criativo em formato de t\u00eanis estilizado, trazendo detalhes em renda italiana que garantem sofistica\u00e7\u00e3o e&#8230;<\/p>\n","protected":false},"featured_media":5225,"comment_status":"open","ping_status":"closed","template":"","meta":[],"etheme_brands":[],"product_brand":[],"product_cat":[127],"product_tag":[133],"class_list":{"0":"post-5226","1":"product","2":"type-product","3":"status-publish","4":"has-post-thumbnail","6":"product_cat-categoriaberloques","7":"product_tag-uze-pratas","9":"first","10":"instock","11":"shipping-taxable","12":"purchasable","13":"product-type-simple"},"_links":{"self":[{"href":"https:\/\/agenciausphot.com\/uze\/wp-json\/wp\/v2\/product\/5226","targetHints":{"allow":["GET"]}}],"collection":[{"href":"https:\/\/agenciausphot.com\/uze\/wp-json\/wp\/v2\/product"}],"about":[{"href":"https:\/\/agenciausphot.com\/uze\/wp-json\/wp\/v2\/types\/product"}],"replies":[{"embeddable":true,"href":"https:\/\/agenciausphot.com\/uze\/wp-json\/wp\/v2\/comments?post=5226"}],"version-history":[{"count":1,"href":"https:\/\/agenciausphot.com\/uze\/wp-json\/wp\/v2\/product\/5226\/revisions"}],"predecessor-version":[{"id":6085,"href":"https:\/\/agenciausphot.com\/uze\/wp-json\/wp\/v2\/product\/5226\/revisions\/6085"}],"wp:featuredmedia":[{"embeddable":true,"href":"https:\/\/agenciausphot.com\/uze\/wp-json\/wp\/v2\/media\/5225"}],"wp:attachment":[{"href":"https:\/\/agenciausphot.com\/uze\/wp-json\/wp\/v2\/media?parent=5226"}],"wp:term":[{"taxonomy":"brand","embeddable":true,"href":"https:\/\/agenciausphot.com\/uze\/wp-json\/wp\/v2\/etheme_brands?post=5226"},{"taxonomy":"product_brand","embeddable":true,"href":"https:\/\/agenciausphot.com\/uze\/wp-json\/wp\/v2\/product_brand?post=5226"},{"taxonomy":"product_cat","embeddable":true,"href":"https:\/\/agenciausphot.com\/uze\/wp-json\/wp\/v2\/product_cat?post=5226"},{"taxonomy":"product_tag","embeddable":true,"href":"https:\/\/agenciausphot.com\/uze\/wp-json\/wp\/v2\/product_tag?post=5226"}],"curies":[{"name":"wp","href":"https:\/\/api.w.org\/{rel}","templated":true}]}}