{"id":5219,"date":"2025-10-29T13:08:49","date_gmt":"2025-10-29T13:08:49","guid":{"rendered":"https:\/\/agenciausphot.com\/uze\/produto\/berloque-sorvete\/"},"modified":"2025-11-04T20:37:22","modified_gmt":"2025-11-04T20:37:22","slug":"berloque-sorvete","status":"publish","type":"product","link":"https:\/\/agenciausphot.com\/uze\/produto\/berloque-sorvete\/","title":{"rendered":"Berloque sorvete"},"content":{"rendered":"<h3 data-start=\"98\" data-end=\"124\">Detalhes do Produto:<\/h3>\n<p data-start=\"125\" data-end=\"489\">Berloque em <strong data-start=\"137\" data-end=\"159\">Prata 925 leg\u00edtima<\/strong>, com design divertido em formato de <strong data-start=\"196\" data-end=\"207\">sorvete<\/strong>, simbolizando alegria, leveza e momentos doces da vida. Uma joia criativa e encantadora, ideal para personalizar pulseiras e trazer um toque descontra\u00eddo e cheio de personalidade \u00e0 sua cole\u00e7\u00e3o. Pode contar com detalhes esmaltados coloridos, que deixam a pe\u00e7a ainda mais charmosa.<\/p>\n<p data-start=\"491\" data-end=\"614\">As pratas 925 possuem <strong data-start=\"513\" data-end=\"535\">garantia vital\u00edcia<\/strong>, reconhecidas por sua resist\u00eancia, durabilidade e excelente custo-benef\u00edcio.<\/p>\n<hr data-start=\"616\" data-end=\"619\">\n<h3 data-start=\"621\" data-end=\"653\">Especifica\u00e7\u00f5es do produto:<\/h3>\n<ul data-start=\"654\" data-end=\"1001\">\n<li data-start=\"654\" data-end=\"686\">\n<p data-start=\"656\" data-end=\"686\"><strong data-start=\"656\" data-end=\"667\">Modelo:<\/strong> Berloque Sorvete<\/p>\n<\/li>\n<li data-start=\"687\" data-end=\"758\">\n<p data-start=\"689\" data-end=\"758\"><strong data-start=\"689\" data-end=\"701\">Formato:<\/strong> Sorvete em casquinha ou picol\u00e9 (varia conforme modelo)<\/p>\n<\/li>\n<li data-start=\"759\" data-end=\"795\">\n<p data-start=\"761\" data-end=\"795\"><strong data-start=\"761\" data-end=\"774\">Material:<\/strong> Prata 925 leg\u00edtima<\/p>\n<\/li>\n<li data-start=\"796\" data-end=\"882\">\n<p data-start=\"798\" data-end=\"882\"><strong data-start=\"798\" data-end=\"813\">Acabamento:<\/strong> Polido brilhante + detalhes esmaltados coloridos (conforme modelo)<\/p>\n<\/li>\n<li data-start=\"883\" data-end=\"968\">\n<p data-start=\"885\" data-end=\"968\"><strong data-start=\"885\" data-end=\"905\">Compatibilidade:<\/strong> Pulseiras estilo europeu (Pandora, Life, Morana e similares)<\/p>\n<\/li>\n<li data-start=\"969\" data-end=\"1001\">\n<p data-start=\"971\" data-end=\"1001\"><strong data-start=\"971\" data-end=\"980\">Peso:<\/strong> Aprox. 1,8g \u2013 2,0g<\/p>\n<\/li>\n<\/ul>\n<hr data-start=\"1003\" data-end=\"1006\">\n<h3 data-start=\"1008\" data-end=\"1023\">Garantia:<\/h3>\n<p data-start=\"1024\" data-end=\"1278\">Todos os berloques em <strong data-start=\"1046\" data-end=\"1059\">Prata 925<\/strong> acompanham <strong data-start=\"1071\" data-end=\"1115\">Certificado de Garantia de Autenticidade<\/strong>, assegurando a <strong data-start=\"1131\" data-end=\"1149\">dura\u00e7\u00e3o eterna<\/strong> do material. Diferente das bijuterias, pe\u00e7as em Prata 925 preservam brilho e valor por toda a vida, assim como o <strong data-start=\"1263\" data-end=\"1275\">Ouro 18k<\/strong>.<\/p>\n","protected":false},"excerpt":{"rendered":"<p>Detalhes do Produto: Berloque em Prata 925 leg\u00edtima, com design divertido em formato de sorvete, simbolizando alegria, leveza e momentos doces da vida. Uma joia&#8230;<\/p>\n","protected":false},"featured_media":5218,"comment_status":"open","ping_status":"closed","template":"","meta":[],"etheme_brands":[],"product_brand":[],"product_cat":[127],"product_tag":[133],"class_list":{"0":"post-5219","1":"product","2":"type-product","3":"status-publish","4":"has-post-thumbnail","6":"product_cat-categoriaberloques","7":"product_tag-uze-pratas","9":"first","10":"instock","11":"shipping-taxable","12":"purchasable","13":"product-type-simple"},"_links":{"self":[{"href":"https:\/\/agenciausphot.com\/uze\/wp-json\/wp\/v2\/product\/5219","targetHints":{"allow":["GET"]}}],"collection":[{"href":"https:\/\/agenciausphot.com\/uze\/wp-json\/wp\/v2\/product"}],"about":[{"href":"https:\/\/agenciausphot.com\/uze\/wp-json\/wp\/v2\/types\/product"}],"replies":[{"embeddable":true,"href":"https:\/\/agenciausphot.com\/uze\/wp-json\/wp\/v2\/comments?post=5219"}],"version-history":[{"count":1,"href":"https:\/\/agenciausphot.com\/uze\/wp-json\/wp\/v2\/product\/5219\/revisions"}],"predecessor-version":[{"id":6082,"href":"https:\/\/agenciausphot.com\/uze\/wp-json\/wp\/v2\/product\/5219\/revisions\/6082"}],"wp:featuredmedia":[{"embeddable":true,"href":"https:\/\/agenciausphot.com\/uze\/wp-json\/wp\/v2\/media\/5218"}],"wp:attachment":[{"href":"https:\/\/agenciausphot.com\/uze\/wp-json\/wp\/v2\/media?parent=5219"}],"wp:term":[{"taxonomy":"brand","embeddable":true,"href":"https:\/\/agenciausphot.com\/uze\/wp-json\/wp\/v2\/etheme_brands?post=5219"},{"taxonomy":"product_brand","embeddable":true,"href":"https:\/\/agenciausphot.com\/uze\/wp-json\/wp\/v2\/product_brand?post=5219"},{"taxonomy":"product_cat","embeddable":true,"href":"https:\/\/agenciausphot.com\/uze\/wp-json\/wp\/v2\/product_cat?post=5219"},{"taxonomy":"product_tag","embeddable":true,"href":"https:\/\/agenciausphot.com\/uze\/wp-json\/wp\/v2\/product_tag?post=5219"}],"curies":[{"name":"wp","href":"https:\/\/api.w.org\/{rel}","templated":true}]}}