{"id":5210,"date":"2025-10-29T13:08:42","date_gmt":"2025-10-29T13:08:42","guid":{"rendered":"https:\/\/agenciausphot.com\/uze\/produto\/berloque-separador-trevo-vazado\/"},"modified":"2025-11-04T20:37:19","modified_gmt":"2025-11-04T20:37:19","slug":"berloque-separador-trevo-vazado","status":"publish","type":"product","link":"https:\/\/agenciausphot.com\/uze\/produto\/berloque-separador-trevo-vazado\/","title":{"rendered":"Berloque separador trevo vazado"},"content":{"rendered":"<h3 data-start=\"113\" data-end=\"139\">Detalhes do Produto:<\/h3>\n<p data-start=\"140\" data-end=\"412\">Berloque separador em <strong data-start=\"162\" data-end=\"184\">Prata 925 leg\u00edtima<\/strong>, com design delicado de <strong data-start=\"209\" data-end=\"225\">trevo vazado<\/strong>, s\u00edmbolo de sorte, esperan\u00e7a e prosperidade. Uma joia especial e significativa, perfeita para organizar berloques na pulseira, adicionando charme e um toque de boas energias ao visual.<\/p>\n<p data-start=\"414\" data-end=\"537\">As pratas 925 possuem <strong data-start=\"436\" data-end=\"458\">garantia vital\u00edcia<\/strong>, reconhecidas por sua resist\u00eancia, durabilidade e excelente custo-benef\u00edcio.<\/p>\n<hr data-start=\"539\" data-end=\"542\">\n<h3 data-start=\"544\" data-end=\"576\">Especifica\u00e7\u00f5es do produto:<\/h3>\n<ul data-start=\"577\" data-end=\"967\">\n<li data-start=\"577\" data-end=\"624\">\n<p data-start=\"579\" data-end=\"624\"><strong data-start=\"579\" data-end=\"590\">Modelo:<\/strong> Berloque Separador Trevo Vazado<\/p>\n<\/li>\n<li data-start=\"625\" data-end=\"680\">\n<p data-start=\"627\" data-end=\"680\"><strong data-start=\"627\" data-end=\"639\">Formato:<\/strong> Cil\u00edndrico com detalhe de trevo vazado<\/p>\n<\/li>\n<li data-start=\"681\" data-end=\"717\">\n<p data-start=\"683\" data-end=\"717\"><strong data-start=\"683\" data-end=\"696\">Material:<\/strong> Prata 925 leg\u00edtima<\/p>\n<\/li>\n<li data-start=\"718\" data-end=\"816\">\n<p data-start=\"720\" data-end=\"816\"><strong data-start=\"720\" data-end=\"735\">Acabamento:<\/strong> Polido brilhante (varia\u00e7\u00f5es lisas ou cravejadas em zirc\u00f4nias, conforme modelo)<\/p>\n<\/li>\n<li data-start=\"817\" data-end=\"855\">\n<p data-start=\"819\" data-end=\"855\"><strong data-start=\"819\" data-end=\"830\">Fun\u00e7\u00e3o:<\/strong> Separador de berloques<\/p>\n<\/li>\n<li data-start=\"856\" data-end=\"941\">\n<p data-start=\"858\" data-end=\"941\"><strong data-start=\"858\" data-end=\"878\">Compatibilidade:<\/strong> Pulseiras estilo europeu (Pandora, Life, Morana e similares)<\/p>\n<\/li>\n<li data-start=\"942\" data-end=\"967\">\n<p data-start=\"944\" data-end=\"967\"><strong data-start=\"944\" data-end=\"953\">Peso:<\/strong> Aprox. 1,8g<\/p>\n<\/li>\n<\/ul>\n<hr data-start=\"969\" data-end=\"972\">\n<h3 data-start=\"974\" data-end=\"989\">Garantia:<\/h3>\n<p data-start=\"990\" data-end=\"1244\">Todos os berloques em <strong data-start=\"1012\" data-end=\"1025\">Prata 925<\/strong> acompanham <strong data-start=\"1037\" data-end=\"1081\">Certificado de Garantia de Autenticidade<\/strong>, assegurando a <strong data-start=\"1097\" data-end=\"1115\">dura\u00e7\u00e3o eterna<\/strong> do material. Diferente das bijuterias, pe\u00e7as em Prata 925 preservam brilho e valor por toda a vida, assim como o <strong data-start=\"1229\" data-end=\"1241\">Ouro 18k<\/strong>.<\/p>\n","protected":false},"excerpt":{"rendered":"<p>Detalhes do Produto: Berloque separador em Prata 925 leg\u00edtima, com design delicado de trevo vazado, s\u00edmbolo de sorte, esperan\u00e7a e prosperidade. Uma joia especial e&#8230;<\/p>\n","protected":false},"featured_media":5208,"comment_status":"open","ping_status":"closed","template":"","meta":[],"etheme_brands":[],"product_brand":[],"product_cat":[127],"product_tag":[133],"class_list":{"0":"post-5210","1":"product","2":"type-product","3":"status-publish","4":"has-post-thumbnail","6":"product_cat-categoriaberloques","7":"product_tag-uze-pratas","9":"first","10":"instock","11":"shipping-taxable","12":"purchasable","13":"product-type-simple"},"_links":{"self":[{"href":"https:\/\/agenciausphot.com\/uze\/wp-json\/wp\/v2\/product\/5210","targetHints":{"allow":["GET"]}}],"collection":[{"href":"https:\/\/agenciausphot.com\/uze\/wp-json\/wp\/v2\/product"}],"about":[{"href":"https:\/\/agenciausphot.com\/uze\/wp-json\/wp\/v2\/types\/product"}],"replies":[{"embeddable":true,"href":"https:\/\/agenciausphot.com\/uze\/wp-json\/wp\/v2\/comments?post=5210"}],"version-history":[{"count":1,"href":"https:\/\/agenciausphot.com\/uze\/wp-json\/wp\/v2\/product\/5210\/revisions"}],"predecessor-version":[{"id":6078,"href":"https:\/\/agenciausphot.com\/uze\/wp-json\/wp\/v2\/product\/5210\/revisions\/6078"}],"wp:featuredmedia":[{"embeddable":true,"href":"https:\/\/agenciausphot.com\/uze\/wp-json\/wp\/v2\/media\/5208"}],"wp:attachment":[{"href":"https:\/\/agenciausphot.com\/uze\/wp-json\/wp\/v2\/media?parent=5210"}],"wp:term":[{"taxonomy":"brand","embeddable":true,"href":"https:\/\/agenciausphot.com\/uze\/wp-json\/wp\/v2\/etheme_brands?post=5210"},{"taxonomy":"product_brand","embeddable":true,"href":"https:\/\/agenciausphot.com\/uze\/wp-json\/wp\/v2\/product_brand?post=5210"},{"taxonomy":"product_cat","embeddable":true,"href":"https:\/\/agenciausphot.com\/uze\/wp-json\/wp\/v2\/product_cat?post=5210"},{"taxonomy":"product_tag","embeddable":true,"href":"https:\/\/agenciausphot.com\/uze\/wp-json\/wp\/v2\/product_tag?post=5210"}],"curies":[{"name":"wp","href":"https:\/\/api.w.org\/{rel}","templated":true}]}}